{"id":10772,"date":"2016-05-05T22:36:31","date_gmt":"2016-05-05T22:36:31","guid":{"rendered":"https:\/\/tervisetoode.ee\/?post_type=product&#038;p=10772"},"modified":"2025-12-02T23:31:39","modified_gmt":"2025-12-02T23:31:39","slug":"tervaskanto-loylyterva-saunatuoksu-50ml","status":"publish","type":"product","link":"https:\/\/tervisetoode.ee\/fi\/toode\/tervaskanto-loylyterva-saunatuoksu-50ml\/","title":{"rendered":"Tervaskanto L\u00d6YLYTERVA SAUNATUOKSU 50ml (497)"},"content":{"rendered":"<h4>Tervaskanto L\u00d6YLYTERVA SAUNATUOKSU<\/h4>\n<p style=\"text-align: justify;\">Lempe\u00e4sti tervalta tuoksuva saunatuoksu. Sekoittamalla l\u00f6ylyveteen saunatuoksua saat miellytt\u00e4v\u00e4t l\u00f6ylyt ja hennon mielikuvan savusaunasta. L\u00f6ylyterva on puhdas luonnontuote Lapin tervaskannoista. Perinteisesti l\u00f6ylytervaa on kutsuttu Tervankuseksi, mutta nimi on vaihdettu L\u00f6ylyterva Saunatuoksuksi, koska se kuvastaa tuotteen k\u00e4ytt\u00f6\u00e4 paremmin.<\/p>\n<p style=\"text-align: justify;\">Kokeile L\u00f6ylytervaa ensin mietona ja lis\u00e4\u00e4 varovasti mieltymyksesi mukaan, muutamasta pisarasta korkilliseen vesilitraa kohden.<\/p>\n<p style=\"text-align: justify;\">Kansanperinteen mukaan L\u00f6ylytervaa on k\u00e4ytetty my\u00f6s h\u00f6yryhengitykseen, nuhan ja tukkoisen olon lievitykseen.<\/p>\n<p>118,00 \u20ac\/L<\/p>\n","protected":false},"excerpt":{"rendered":"<p>50ml<\/p>\n<p>Ingredients: Tervankusi<\/p>\n","protected":false},"featured_media":8969,"comment_status":"closed","ping_status":"closed","template":"","meta":{"_acf_changed":false},"pwb-brand":[370],"product_brand":[],"product_cat":[221],"product_tag":[],"class_list":{"0":"post-10772","1":"product","2":"type-product","3":"status-publish","4":"has-post-thumbnail","6":"pwb-brand-tervaskanto-fi","7":"product_cat-saunatuotteet","9":"first","10":"instock","11":"shipping-taxable","12":"purchasable","13":"product-type-simple"},"acf":[],"brands":[{"id":370,"name":"Tervaskanto","slug":"tervaskanto-fi"}],"_links":{"self":[{"href":"https:\/\/tervisetoode.ee\/fi\/wp-json\/wp\/v2\/product\/10772","targetHints":{"allow":["GET"]}}],"collection":[{"href":"https:\/\/tervisetoode.ee\/fi\/wp-json\/wp\/v2\/product"}],"about":[{"href":"https:\/\/tervisetoode.ee\/fi\/wp-json\/wp\/v2\/types\/product"}],"replies":[{"embeddable":true,"href":"https:\/\/tervisetoode.ee\/fi\/wp-json\/wp\/v2\/comments?post=10772"}],"wp:featuredmedia":[{"embeddable":true,"href":"https:\/\/tervisetoode.ee\/fi\/wp-json\/wp\/v2\/media\/8969"}],"wp:attachment":[{"href":"https:\/\/tervisetoode.ee\/fi\/wp-json\/wp\/v2\/media?parent=10772"}],"wp:term":[{"taxonomy":"pwb-brand","embeddable":true,"href":"https:\/\/tervisetoode.ee\/fi\/wp-json\/wp\/v2\/pwb-brand?post=10772"},{"taxonomy":"product_brand","embeddable":true,"href":"https:\/\/tervisetoode.ee\/fi\/wp-json\/wp\/v2\/product_brand?post=10772"},{"taxonomy":"product_cat","embeddable":true,"href":"https:\/\/tervisetoode.ee\/fi\/wp-json\/wp\/v2\/product_cat?post=10772"},{"taxonomy":"product_tag","embeddable":true,"href":"https:\/\/tervisetoode.ee\/fi\/wp-json\/wp\/v2\/product_tag?post=10772"}],"curies":[{"name":"wp","href":"https:\/\/api.w.org\/{rel}","templated":true}]}}