{"id":10777,"date":"2016-05-05T22:38:09","date_gmt":"2016-05-05T22:38:09","guid":{"rendered":"https:\/\/tervisetoode.ee\/?post_type=product&#038;p=10777"},"modified":"2024-12-10T13:53:46","modified_gmt":"2024-12-10T13:53:46","slug":"1875","status":"publish","type":"product","link":"https:\/\/tervisetoode.ee\/fi\/toode\/1875\/","title":{"rendered":"Magneettinen syd\u00e4n"},"content":{"rendered":"<h4>Magneettinen syd\u00e4n<\/h4>\n<p>T\u00e4m\u00e4n pienen esineen, jossa on eritt\u00e4in voimakkaita magneetteja, voi laittaa aivan l\u00e4helle ihoasi. Kiinnit\u00e4 syd\u00e4n ja sen vastakappale ihonmy\u00f6t\u00e4iseen vaatekappaleeseen tai siteeseen ja nauti \u2013 saat my\u00f6s liikkuessasi helposti hyvinvointia!<\/p>\n","protected":false},"excerpt":{"rendered":"<p>Magneettinen syd\u00e4n T\u00e4m\u00e4n pienen esineen, jossa on eritt\u00e4in voimakkaita magneetteja, voi laittaa aivan l\u00e4helle ihoasi. Kiinnit\u00e4 syd\u00e4n ja sen vastakappale&#8230;<\/p>\n","protected":false},"featured_media":9719,"comment_status":"closed","ping_status":"closed","template":"","meta":{"_acf_changed":false},"pwb-brand":[],"product_brand":[],"product_cat":[222],"product_tag":[],"class_list":{"0":"post-10777","1":"product","2":"type-product","3":"status-publish","4":"has-post-thumbnail","6":"product_cat-turmaliini-ja-magneetti-tuotteet","8":"first","9":"instock","10":"shipping-taxable","11":"purchasable","12":"product-type-simple"},"acf":[],"brands":[],"_links":{"self":[{"href":"https:\/\/tervisetoode.ee\/fi\/wp-json\/wp\/v2\/product\/10777","targetHints":{"allow":["GET"]}}],"collection":[{"href":"https:\/\/tervisetoode.ee\/fi\/wp-json\/wp\/v2\/product"}],"about":[{"href":"https:\/\/tervisetoode.ee\/fi\/wp-json\/wp\/v2\/types\/product"}],"replies":[{"embeddable":true,"href":"https:\/\/tervisetoode.ee\/fi\/wp-json\/wp\/v2\/comments?post=10777"}],"wp:featuredmedia":[{"embeddable":true,"href":"https:\/\/tervisetoode.ee\/fi\/wp-json\/wp\/v2\/media\/9719"}],"wp:attachment":[{"href":"https:\/\/tervisetoode.ee\/fi\/wp-json\/wp\/v2\/media?parent=10777"}],"wp:term":[{"taxonomy":"pwb-brand","embeddable":true,"href":"https:\/\/tervisetoode.ee\/fi\/wp-json\/wp\/v2\/pwb-brand?post=10777"},{"taxonomy":"product_brand","embeddable":true,"href":"https:\/\/tervisetoode.ee\/fi\/wp-json\/wp\/v2\/product_brand?post=10777"},{"taxonomy":"product_cat","embeddable":true,"href":"https:\/\/tervisetoode.ee\/fi\/wp-json\/wp\/v2\/product_cat?post=10777"},{"taxonomy":"product_tag","embeddable":true,"href":"https:\/\/tervisetoode.ee\/fi\/wp-json\/wp\/v2\/product_tag?post=10777"}],"curies":[{"name":"wp","href":"https:\/\/api.w.org\/{rel}","templated":true}]}}