{"id":10807,"date":"2016-05-05T22:38:44","date_gmt":"2016-05-05T22:38:44","guid":{"rendered":"https:\/\/tervisetoode.ee\/?post_type=product&#038;p=10807"},"modified":"2024-12-10T13:53:49","modified_gmt":"2024-12-10T13:53:49","slug":"detox-laastarit","status":"publish","type":"product","link":"https:\/\/tervisetoode.ee\/fi\/toode\/detox-laastarit\/","title":{"rendered":"Detox-laastarit 10kpl"},"content":{"rendered":"<h4>Detox-laastarit unensaannin, laihdutuksen ja kehon puhdistuksen avuksi.<\/h4>\n<h4>K\u00e4ytt\u00f6ohje:<\/h4>\n<ol>\n<li>Pese ja kuivaa jalat.<\/li>\n<li>Aseta laastari kumpaankin jalkapohjaan siten, ett\u00e4 liimaat tyynyn tekstipuolen laastariin (tekstit\u00f6n puoli tulee aina ihoa vasten).<\/li>\n<li>Anna vaikuttaa 8-12 tuntia ja k\u00e4yt\u00e4 viiten\u00e4 y\u00f6n\u00e4 per\u00e4kk\u00e4in tai kunnes ne eiv\u00e4t en\u00e4\u00e4 v\u00e4rj\u00e4\u00e4nny.<\/li>\n<\/ol>\n<p>Laastarit pysyv\u00e4t hyvin jalassa, mutta voit k\u00e4ytt\u00e4\u00e4 halutessasi my\u00f6s sukkia. Laastarit ovat kertak\u00e4ytt\u00f6isi\u00e4 ja ne poistetaan aamulla. Puhdistuksen voi tehd\u00e4 3-5 kertaa vuodessa. Tyynyt ker\u00e4\u00e4v\u00e4t kehosta poistuvat kuona-aineet ja raskasmetallit tehokkaasti ja v\u00e4rj\u00e4ytyv\u00e4t aluksi tummiksi ja v\u00e4hitellen p\u00e4ivien kuluessa vaaleammiksi.Tyynyt saattavat olla my\u00f6s kosteat ja tahmeat.<\/p>\n<p>Kehoomme on ker\u00e4\u00e4ntynyt kuona-aineita vuosien ajan, joten puhdistuminen on yksil\u00f6llist\u00e4 ja kest\u00e4\u00e4 jokaisella henkil\u00f6ll\u00e4 oman aikansa. Jo viiden p\u00e4iv\u00e4n kuurilla saat kirkkaamman ihon, nukut paremmin ja sinulla on virke\u00e4mpi ja energisempi olo.<\/p>\n<h3>Kivun ja s\u00e4ryn poistoon muualla kehossa<\/h3>\n<p>Laastareita voi k\u00e4ytt\u00e4\u00e4 my\u00f6s kivun ja s\u00e4ryn poistoon muissa kehon osissa.<\/p>\n<ol>\n<li>Aseta laastari hoidettavalle kohdalle (esim. polvi, hartia, selk\u00e4 jne.)<\/li>\n<li>Anna vaikuttaa 8-12 tuntia.<\/li>\n<li>\u00c4l\u00e4 k\u00e4yt\u00e4 silmien l\u00e4hell\u00e4.<\/li>\n<\/ol>\n<p><b>Vinkki naisille:<\/b> Kokeile my\u00f6s selluliitin poistoon. Yrtti-laastareiden aineosat auttavat tehokkaasti vapauttamaan lymfanesteeseen ja vereen kertyneit\u00e4 solumyrkkyj\u00e4. Solumyrkyt taas erittyv\u00e4t ihon huokosten kautta ulos ja ker\u00e4\u00e4ntyv\u00e4t laastarityynyyn. Laastarista itsest\u00e4\u00e4n ei imeydy mink\u00e4\u00e4nlaisia aineosia elimist\u00f6\u00f6n.<\/p>\n<h4>Kehon puhdistuessa :<\/h4>\n<ul>\n<li>verenkierto paranee ja aineenvaihdunta vilkastuu<\/li>\n<li>kipu ja s\u00e4ryt\u00a0 helpottuvat<\/li>\n<li>nukut rauhallisemmin ja syvemp\u00e4\u00e4 unta<\/li>\n<li>vastustuskyky paranee<\/li>\n<li>turvotus ja nesteen kertyminen v\u00e4henev\u00e4t<\/li>\n<li>painon hallinta helpottuu<\/li>\n<li>olet energisempi ja virke\u00e4mpi<\/li>\n<\/ul>\n","protected":false},"excerpt":{"rendered":"<p>Detox-laastarit unensaannin, laihdutuksen ja kehon puhdistuksen avuksi. K\u00e4ytt\u00f6ohje: Pese ja kuivaa jalat. Aseta laastari kumpaankin jalkapohjaan siten, ett\u00e4 liimaat tyynyn&#8230;<\/p>\n","protected":false},"featured_media":10035,"comment_status":"closed","ping_status":"closed","template":"","meta":{"_acf_changed":false},"pwb-brand":[],"product_brand":[],"product_cat":[211],"product_tag":[],"class_list":{"0":"post-10807","1":"product","2":"type-product","3":"status-publish","4":"has-post-thumbnail","6":"product_cat-luonnonkosmetiikka","8":"first","9":"instock","10":"featured","11":"shipping-taxable","12":"purchasable","13":"product-type-simple"},"acf":[],"brands":[],"_links":{"self":[{"href":"https:\/\/tervisetoode.ee\/fi\/wp-json\/wp\/v2\/product\/10807","targetHints":{"allow":["GET"]}}],"collection":[{"href":"https:\/\/tervisetoode.ee\/fi\/wp-json\/wp\/v2\/product"}],"about":[{"href":"https:\/\/tervisetoode.ee\/fi\/wp-json\/wp\/v2\/types\/product"}],"replies":[{"embeddable":true,"href":"https:\/\/tervisetoode.ee\/fi\/wp-json\/wp\/v2\/comments?post=10807"}],"wp:featuredmedia":[{"embeddable":true,"href":"https:\/\/tervisetoode.ee\/fi\/wp-json\/wp\/v2\/media\/10035"}],"wp:attachment":[{"href":"https:\/\/tervisetoode.ee\/fi\/wp-json\/wp\/v2\/media?parent=10807"}],"wp:term":[{"taxonomy":"pwb-brand","embeddable":true,"href":"https:\/\/tervisetoode.ee\/fi\/wp-json\/wp\/v2\/pwb-brand?post=10807"},{"taxonomy":"product_brand","embeddable":true,"href":"https:\/\/tervisetoode.ee\/fi\/wp-json\/wp\/v2\/product_brand?post=10807"},{"taxonomy":"product_cat","embeddable":true,"href":"https:\/\/tervisetoode.ee\/fi\/wp-json\/wp\/v2\/product_cat?post=10807"},{"taxonomy":"product_tag","embeddable":true,"href":"https:\/\/tervisetoode.ee\/fi\/wp-json\/wp\/v2\/product_tag?post=10807"}],"curies":[{"name":"wp","href":"https:\/\/api.w.org\/{rel}","templated":true}]}}