{"id":10810,"date":"2016-05-05T22:36:32","date_gmt":"2016-05-05T22:36:32","guid":{"rendered":"https:\/\/tervisetoode.ee\/?post_type=product&#038;p=10810"},"modified":"2025-12-02T23:38:01","modified_gmt":"2025-12-02T23:38:01","slug":"tervaskanto-aito-hautaterva-50-ml","status":"publish","type":"product","link":"https:\/\/tervisetoode.ee\/fi\/toode\/tervaskanto-aito-hautaterva-50-ml\/","title":{"rendered":"Tervaskanto AITO HAUTATERVA 50 ML (499)"},"content":{"rendered":"<h4>Tervaskanto AITO HAUTATERVA<\/h4>\n<p>Aito hautaterva on puhdasta, maahaudassa valmistettua tervaa.<\/p>\n<p>Hautatervaa voidaan k\u00e4ytt\u00e4\u00e4 kaikkeen, mihin terva soveltuu k\u00e4ytett\u00e4v\u00e4ksi. Tervaa k\u00e4ytet\u00e4\u00e4n ilmanraikasteesta suoja-aineeksi. Vanha sanonta: &#8221;Mit\u00e4 teetkin, niin tervaa se&#8221;.<\/p>\n<p>158,00 \u20ac\/L<\/p>\n<p>&nbsp;<\/p>\n","protected":false},"excerpt":{"rendered":"<p>50ml<\/p>\n<p>Ingredients: 100% maahautaterva<\/p>\n<p>&nbsp;<\/p>\n","protected":false},"featured_media":8976,"comment_status":"closed","ping_status":"closed","template":"","meta":{"_acf_changed":false},"pwb-brand":[370],"product_brand":[],"product_cat":[214],"product_tag":[],"class_list":{"0":"post-10810","1":"product","2":"type-product","3":"status-publish","4":"has-post-thumbnail","6":"pwb-brand-tervaskanto-fi","7":"product_cat-eteeriset-oljyt","9":"first","10":"instock","11":"shipping-taxable","12":"purchasable","13":"product-type-simple"},"acf":[],"brands":[{"id":370,"name":"Tervaskanto","slug":"tervaskanto-fi"}],"_links":{"self":[{"href":"https:\/\/tervisetoode.ee\/fi\/wp-json\/wp\/v2\/product\/10810","targetHints":{"allow":["GET"]}}],"collection":[{"href":"https:\/\/tervisetoode.ee\/fi\/wp-json\/wp\/v2\/product"}],"about":[{"href":"https:\/\/tervisetoode.ee\/fi\/wp-json\/wp\/v2\/types\/product"}],"replies":[{"embeddable":true,"href":"https:\/\/tervisetoode.ee\/fi\/wp-json\/wp\/v2\/comments?post=10810"}],"wp:featuredmedia":[{"embeddable":true,"href":"https:\/\/tervisetoode.ee\/fi\/wp-json\/wp\/v2\/media\/8976"}],"wp:attachment":[{"href":"https:\/\/tervisetoode.ee\/fi\/wp-json\/wp\/v2\/media?parent=10810"}],"wp:term":[{"taxonomy":"pwb-brand","embeddable":true,"href":"https:\/\/tervisetoode.ee\/fi\/wp-json\/wp\/v2\/pwb-brand?post=10810"},{"taxonomy":"product_brand","embeddable":true,"href":"https:\/\/tervisetoode.ee\/fi\/wp-json\/wp\/v2\/product_brand?post=10810"},{"taxonomy":"product_cat","embeddable":true,"href":"https:\/\/tervisetoode.ee\/fi\/wp-json\/wp\/v2\/product_cat?post=10810"},{"taxonomy":"product_tag","embeddable":true,"href":"https:\/\/tervisetoode.ee\/fi\/wp-json\/wp\/v2\/product_tag?post=10810"}],"curies":[{"name":"wp","href":"https:\/\/api.w.org\/{rel}","templated":true}]}}