{"id":10823,"date":"2016-05-05T22:38:11","date_gmt":"2016-05-05T22:38:11","guid":{"rendered":"https:\/\/tervisetoode.ee\/?post_type=product&#038;p=10823"},"modified":"2024-12-10T13:53:51","modified_gmt":"2024-12-10T13:53:51","slug":"lammittava-kaulaside","status":"publish","type":"product","link":"https:\/\/tervisetoode.ee\/fi\/toode\/lammittava-kaulaside\/","title":{"rendered":"L\u00e4mmitt\u00e4v\u00e4 kaulaside turmaliinilla ja magneetilla"},"content":{"rendered":"<h4>L\u00e4mmitt\u00e4v\u00e4 kaulaside turmaliinilla ja magneetilla<\/h4>\n<p>L\u00e4mmitt\u00e4v\u00e4 kaulaside sis\u00e4lt\u00e4\u00e4 magneetin, turmaliinin nanofunktionaalisen jauheen sek\u00e4 erityisen l\u00e4mp\u00f6herk\u00e4n materiaalin.<\/p>\n<p>Saattaa stimuloida pisteit\u00e4, aktivoida meridiaaneja, edist\u00e4\u00e4 hermostoa, v\u00e4hent\u00e4\u00e4 tulehduksia, kipua ja v\u00e4symyst\u00e4 sek\u00e4 laajentaa verisuonia. Saattaa my\u00f6skin vaikuttaa hyvin keuhkoputkiin sek\u00e4 astmaan.<\/p>\n<p><strong>K\u00e4ytt\u00f6tarkoitus:\u00a0\u00a0\u00a0 <\/strong><\/p>\n<ul>\n<li>kaula-alueen ongelmien profylaksia ja enn\u00e4lt\u00e4ehk\u00e4isy<\/li>\n<li>koskettaessa tuskalliset kaula-alueet<\/li>\n<li>elimist\u00f6n immuniteetin nostaminen<\/li>\n<li>verenkierron parantaminen<\/li>\n<li>nivelreuma<\/li>\n<li>kaula-alueen kivut ja ongelmat; kipu kaulassa tuulen tai kylm\u00e4n vuoksi, pitk\u00e4aikainen ty\u00f6skentely samassa asennossa tai erityisen huonoissa olotiloissa (oikein matalat l\u00e4mp\u00f6tilat, korkea kosteustaso)<\/li>\n<\/ul>\n<p><strong>K\u00e4ytt\u00f6ohje:<\/strong><\/p>\n<p>Laita kaulaside kaulaan (turmaliinipuoli kaulanikamille ja tiivisti ihoa vasten), vaikutus riippuu kaulasiteen ja ihon kosketuksesta: mit\u00e4 tiiviimmin side on laitettu ihoa vasten, sit\u00e4 voimakkaampi on vaikutus.<\/p>\n<p>K\u00e4yt\u00e4 kaksi kertaa p\u00e4iv\u00e4ss\u00e4, kolme tuntia kerralla.<\/p>\n<p>Mik\u00e4li kaulasiteen k\u00e4yt\u00f6n aikana iho alkaa kirvell\u00e4 tai muuttumaan punaiseksi, kyse on ihan normaalista asiasta, joka ei vahingoita ihoa. Kaulasiteen poiston j\u00e4lkeen edell\u00e4 mainitut ilmi\u00f6t katoavat muutamassa tunnissa. Punaisuuden v\u00e4ltt\u00e4miseksi voi lyhent\u00e4\u00e4 kaulasiteen k\u00e4ytt\u00f6aikaa.<\/p>\n<p>&nbsp;<\/p>\n","protected":false},"excerpt":{"rendered":"<p>L\u00e4mmitt\u00e4v\u00e4 kaulaside turmaliinilla ja magneetilla L\u00e4mmitt\u00e4v\u00e4 kaulaside sis\u00e4lt\u00e4\u00e4 magneetin, turmaliinin nanofunktionaalisen jauheen sek\u00e4 erityisen l\u00e4mp\u00f6herk\u00e4n materiaalin. Saattaa stimuloida pisteit\u00e4, aktivoida&#8230;<\/p>\n","protected":false},"featured_media":9746,"comment_status":"closed","ping_status":"closed","template":"","meta":{"_acf_changed":false},"pwb-brand":[371],"product_brand":[],"product_cat":[222],"product_tag":[],"class_list":{"0":"post-10823","1":"product","2":"type-product","3":"status-publish","4":"has-post-thumbnail","6":"pwb-brand-tervisetooted-fi","7":"product_cat-turmaliini-ja-magneetti-tuotteet","9":"first","10":"instock","11":"shipping-taxable","12":"purchasable","13":"product-type-simple"},"acf":[],"brands":[{"id":371,"name":"Tervisetooted","slug":"tervisetooted-fi"}],"_links":{"self":[{"href":"https:\/\/tervisetoode.ee\/fi\/wp-json\/wp\/v2\/product\/10823","targetHints":{"allow":["GET"]}}],"collection":[{"href":"https:\/\/tervisetoode.ee\/fi\/wp-json\/wp\/v2\/product"}],"about":[{"href":"https:\/\/tervisetoode.ee\/fi\/wp-json\/wp\/v2\/types\/product"}],"replies":[{"embeddable":true,"href":"https:\/\/tervisetoode.ee\/fi\/wp-json\/wp\/v2\/comments?post=10823"}],"wp:featuredmedia":[{"embeddable":true,"href":"https:\/\/tervisetoode.ee\/fi\/wp-json\/wp\/v2\/media\/9746"}],"wp:attachment":[{"href":"https:\/\/tervisetoode.ee\/fi\/wp-json\/wp\/v2\/media?parent=10823"}],"wp:term":[{"taxonomy":"pwb-brand","embeddable":true,"href":"https:\/\/tervisetoode.ee\/fi\/wp-json\/wp\/v2\/pwb-brand?post=10823"},{"taxonomy":"product_brand","embeddable":true,"href":"https:\/\/tervisetoode.ee\/fi\/wp-json\/wp\/v2\/product_brand?post=10823"},{"taxonomy":"product_cat","embeddable":true,"href":"https:\/\/tervisetoode.ee\/fi\/wp-json\/wp\/v2\/product_cat?post=10823"},{"taxonomy":"product_tag","embeddable":true,"href":"https:\/\/tervisetoode.ee\/fi\/wp-json\/wp\/v2\/product_tag?post=10823"}],"curies":[{"name":"wp","href":"https:\/\/api.w.org\/{rel}","templated":true}]}}