{"id":10828,"date":"2017-03-01T11:17:00","date_gmt":"2017-03-01T11:17:00","guid":{"rendered":"https:\/\/tervisetoode.ee\/?post_type=product&#038;p=10828"},"modified":"2024-12-10T13:53:51","modified_gmt":"2024-12-10T13:53:51","slug":"lammittavat-rannesiteet-turmaliinilla-ja-magneetilla-2kpl-musta","status":"publish","type":"product","link":"https:\/\/tervisetoode.ee\/fi\/toode\/lammittavat-rannesiteet-turmaliinilla-ja-magneetilla-2kpl-musta\/","title":{"rendered":"L\u00e4mmitt\u00e4v\u00e4t rannesiteet turmaliinilla ja magneetilla 2kpl (musta)"},"content":{"rendered":"<h4>L\u00e4mmitt\u00e4v\u00e4t rannesiteet turmaliinilla ja magneetilla\u00a0(musta)<\/h4>\n<p>24cm +\u00a0 \u201317cm\u00a0 x\u00a0 k\u00f5rgus 7,7cm<\/p>\n<p>Turmaliinia ja magneetti stimuloivat ranteen alueen verenkiertoa, lievitt\u00e4v\u00e4t tulehdusta, kipua ja v\u00e4symyst\u00e4, edesauttavat energisten meridiaanien syv\u00e4\u00e4 aktivointia, verisuonten laajennusta, veren puhdistusta sek\u00e4 immuniteetin vahvistamista.<\/p>\n<p><strong>K\u00e4ytt\u00f6tarkoitus:\u00a0\u00a0\u00a0\u00a0\u00a0\u00a0\u00a0\u00a0\u00a0\u00a0\u00a0\u00a0\u00a0\u00a0\u00a0\u00a0\u00a0\u00a0\u00a0\u00a0\u00a0\u00a0\u00a0\u00a0\u00a0\u00a0\u00a0\u00a0\u00a0\u00a0\u00a0\u00a0\u00a0\u00a0\u00a0\u00a0\u00a0\u00a0\u00a0\u00a0\u00a0\u00a0\u00a0\u00a0\u00a0\u00a0\u00a0\u00a0\u00a0\u00a0\u00a0\u00a0\u00a0 <\/strong><\/p>\n<ul>\n<li>nivelreuma<\/li>\n<li>koskettaessa tuskalliset rannealueet, \u00abrajatilanne\u00bb, hermos\u00e4rky, kouristukset, varikoosiset suonikohjut<\/li>\n<li>makaavien sairaiden turvotukset, hemiplegia<\/li>\n<li>rytmih\u00e4iri\u00f6t sek\u00e4 syd\u00e4n-verisuonitaudit<\/li>\n<li>elimist\u00f6n immuniteetin nostaminen<\/li>\n<li>verenkierron parantaminen (puhdistaa sek\u00e4 alentaa veren viskositeettia)<\/li>\n<li>s\u00e4teen ja rannenivelen tautien profylaksia ja ennaltaehk\u00e4isy<\/li>\n<li>patologiset lihasten, luiden ja nivelten muutokset; pitk\u00e4aikainen ty\u00f6skentely samassa asennossa tai eritt\u00e4in vaikeissa ty\u00f6oloissa (oikein matalat l\u00e4mp\u00f6tilat korkea kosteustaso, s\u00e4teily, saastuminen); vanhusten profylaksia<\/li>\n<\/ul>\n<p><strong>K\u00e4ytt\u00f6ohje:<\/strong><\/p>\n<p>Laita rannesiteet ranteeseen (turmaliinipuoli tiivisti ihoa vasten). Siteen vaikutus riippuu sen ja ihon kosketuksesta: mit\u00e4 tiiviimmin side on laitettu ihoa vasten, sit\u00e4 voimakkaampi on vaikutus.<\/p>\n","protected":false},"excerpt":{"rendered":"<p>24cm +\u00a0\u00a0\u201317cm\u00a0 x\u00a0 k\u00f5rgus 7,7cm\u00a0(musta)<\/p>\n","protected":false},"featured_media":10831,"comment_status":"closed","ping_status":"closed","template":"","meta":{"_acf_changed":false},"pwb-brand":[371],"product_brand":[],"product_cat":[222],"product_tag":[],"class_list":{"0":"post-10828","1":"product","2":"type-product","3":"status-publish","4":"has-post-thumbnail","6":"pwb-brand-tervisetooted-fi","7":"product_cat-turmaliini-ja-magneetti-tuotteet","9":"first","10":"instock","11":"shipping-taxable","12":"purchasable","13":"product-type-simple"},"acf":[],"brands":[{"id":371,"name":"Tervisetooted","slug":"tervisetooted-fi"}],"_links":{"self":[{"href":"https:\/\/tervisetoode.ee\/fi\/wp-json\/wp\/v2\/product\/10828","targetHints":{"allow":["GET"]}}],"collection":[{"href":"https:\/\/tervisetoode.ee\/fi\/wp-json\/wp\/v2\/product"}],"about":[{"href":"https:\/\/tervisetoode.ee\/fi\/wp-json\/wp\/v2\/types\/product"}],"replies":[{"embeddable":true,"href":"https:\/\/tervisetoode.ee\/fi\/wp-json\/wp\/v2\/comments?post=10828"}],"wp:featuredmedia":[{"embeddable":true,"href":"https:\/\/tervisetoode.ee\/fi\/wp-json\/wp\/v2\/media\/10831"}],"wp:attachment":[{"href":"https:\/\/tervisetoode.ee\/fi\/wp-json\/wp\/v2\/media?parent=10828"}],"wp:term":[{"taxonomy":"pwb-brand","embeddable":true,"href":"https:\/\/tervisetoode.ee\/fi\/wp-json\/wp\/v2\/pwb-brand?post=10828"},{"taxonomy":"product_brand","embeddable":true,"href":"https:\/\/tervisetoode.ee\/fi\/wp-json\/wp\/v2\/product_brand?post=10828"},{"taxonomy":"product_cat","embeddable":true,"href":"https:\/\/tervisetoode.ee\/fi\/wp-json\/wp\/v2\/product_cat?post=10828"},{"taxonomy":"product_tag","embeddable":true,"href":"https:\/\/tervisetoode.ee\/fi\/wp-json\/wp\/v2\/product_tag?post=10828"}],"curies":[{"name":"wp","href":"https:\/\/api.w.org\/{rel}","templated":true}]}}