{"id":10841,"date":"2016-05-05T22:38:11","date_gmt":"2016-05-05T22:38:11","guid":{"rendered":"https:\/\/tervisetoode.ee\/?post_type=product&#038;p=10841"},"modified":"2024-12-10T13:53:51","modified_gmt":"2024-12-10T13:53:51","slug":"silmanaamio-magneetilla-ja-turmaliinilla","status":"publish","type":"product","link":"https:\/\/tervisetoode.ee\/fi\/toode\/silmanaamio-magneetilla-ja-turmaliinilla\/","title":{"rendered":"Silm\u00e4naamio magneetilla ja turmaliinilla"},"content":{"rendered":"<h4>Silm\u00e4naamio magneetilla ja turmaliinilla<span style=\"color: #ff0000;\"><strong>\u00a0 \u00a0<\/strong><\/span><\/h4>\n<p>Silm\u00e4naamio parantaa verenkiertoa, vaikuttaa hyvin silm\u00e4hermoihin, <strong>v\u00e4hent\u00e4\u00e4 nopeasti silmien v\u00e4symyst\u00e4 <\/strong>ja toimii tehokkaana\u00a0 silm\u00e4tautien profylaksiana.<\/p>\n<p>Magneettiterapeuttiseen silm\u00e4naamioon on kudottu kuituja, jotka aiheuttavat infrapunaa ja negatiivisi\u00e4 ioneja.<\/p>\n<p>Pehme\u00e4\u00e4n ja mukavaan silm\u00e4naamioon on laitettu magneetit (1000 gaussia) silm\u00e4pisteiden mukaan. Magneetit auttavat kasvolihasten rentoutumaan ja <strong>lievitt\u00e4v\u00e4t j\u00e4nnityst\u00e4 aiheuttamalla raikkaamman ja lev\u00e4nneen olon.<\/strong><\/p>\n<p>Auttaa lievent\u00e4m\u00e4\u00e4n silmien j\u00e4nnitystunnetta, poskionteloiden tulehdusta sek\u00e4 p\u00e4\u00e4ns\u00e4rky\u00e4.<\/p>\n<p>Saattaa lievent\u00e4\u00e4 kolmoishermon tulehdusta, migreeni\u00e4, unettomuutta ja muita oireita, jotka saattavat aiheuttaa likin\u00e4k\u00f6isyytt\u00e4.<\/p>\n<p><strong>Saattaa toimia tehokkaana ryppyjen ennaltaehk\u00e4isij\u00e4n\u00e4 ja turvonneiden silm\u00e4nymp\u00e4rysten poistajana.<\/strong><\/p>\n<p><strong>Magneettiterapian tuotetta eiv\u00e4t saa k\u00e4ytt\u00e4\u00e4:<\/strong><\/p>\n<ul>\n<li>raskaana olevat,<\/li>\n<li>lapset,<\/li>\n<li>henkil\u00f6t, joilla on ihovaurioita,<\/li>\n<li>henkil\u00f6t, joiden elimist\u00f6\u00f6n on laitettu elektronisia laitteita tai metallitukia,<\/li>\n<li>\u00e4l\u00e4 anna silm\u00e4naamion koskettaa muihin magneetteihin tai mineraaleihin v\u00e4ltt\u00e4\u00e4ksesi magnetointia.<\/li>\n<\/ul>\n<p>&nbsp;<\/p>\n","protected":false},"excerpt":{"rendered":"<p>Silm\u00e4naamio magneetilla ja turmaliinilla\u00a0 \u00a0 Silm\u00e4naamio parantaa verenkiertoa, vaikuttaa hyvin silm\u00e4hermoihin, v\u00e4hent\u00e4\u00e4 nopeasti silmien v\u00e4symyst\u00e4 ja toimii tehokkaana\u00a0 silm\u00e4tautien profylaksiana&#8230;.<\/p>\n","protected":false},"featured_media":9739,"comment_status":"closed","ping_status":"closed","template":"","meta":{"_acf_changed":false},"pwb-brand":[371],"product_brand":[],"product_cat":[222],"product_tag":[],"class_list":{"0":"post-10841","1":"product","2":"type-product","3":"status-publish","4":"has-post-thumbnail","6":"pwb-brand-tervisetooted-fi","7":"product_cat-turmaliini-ja-magneetti-tuotteet","9":"first","10":"instock","11":"shipping-taxable","12":"purchasable","13":"product-type-simple"},"acf":[],"brands":[{"id":371,"name":"Tervisetooted","slug":"tervisetooted-fi"}],"_links":{"self":[{"href":"https:\/\/tervisetoode.ee\/fi\/wp-json\/wp\/v2\/product\/10841","targetHints":{"allow":["GET"]}}],"collection":[{"href":"https:\/\/tervisetoode.ee\/fi\/wp-json\/wp\/v2\/product"}],"about":[{"href":"https:\/\/tervisetoode.ee\/fi\/wp-json\/wp\/v2\/types\/product"}],"replies":[{"embeddable":true,"href":"https:\/\/tervisetoode.ee\/fi\/wp-json\/wp\/v2\/comments?post=10841"}],"wp:featuredmedia":[{"embeddable":true,"href":"https:\/\/tervisetoode.ee\/fi\/wp-json\/wp\/v2\/media\/9739"}],"wp:attachment":[{"href":"https:\/\/tervisetoode.ee\/fi\/wp-json\/wp\/v2\/media?parent=10841"}],"wp:term":[{"taxonomy":"pwb-brand","embeddable":true,"href":"https:\/\/tervisetoode.ee\/fi\/wp-json\/wp\/v2\/pwb-brand?post=10841"},{"taxonomy":"product_brand","embeddable":true,"href":"https:\/\/tervisetoode.ee\/fi\/wp-json\/wp\/v2\/product_brand?post=10841"},{"taxonomy":"product_cat","embeddable":true,"href":"https:\/\/tervisetoode.ee\/fi\/wp-json\/wp\/v2\/product_cat?post=10841"},{"taxonomy":"product_tag","embeddable":true,"href":"https:\/\/tervisetoode.ee\/fi\/wp-json\/wp\/v2\/product_tag?post=10841"}],"curies":[{"name":"wp","href":"https:\/\/api.w.org\/{rel}","templated":true}]}}