{"id":10854,"date":"2016-07-24T17:42:55","date_gmt":"2016-07-24T17:42:55","guid":{"rendered":"https:\/\/tervisetoode.ee\/?post_type=product&#038;p=10854"},"modified":"2025-12-02T21:35:16","modified_gmt":"2025-12-02T21:35:16","slug":"frantsila-hella-luomushampoo-200ml","status":"publish","type":"product","link":"https:\/\/tervisetoode.ee\/fi\/toode\/frantsila-hella-luomushampoo-200ml\/","title":{"rendered":"Frantsila HELL\u00c4 LUOMUSHAMPOO 200ml"},"content":{"rendered":"<h4>Frantsila HELL\u00c4 LUOMUSHAMPOO<\/h4>\n<p><strong>Hiuksia hoitava luonnollinen shampoo.\u00a0<\/strong><\/p>\n<p>Suomen puhtaan luonnon tehokkaat luomuyrtti- ja kukkaterapeuttiset uutokset, aromaterapeuttiset eteeriset \u00f6ljyt sek\u00e4 hell\u00e4varaiset luonnon pesev\u00e4t aineet tekev\u00e4t hiuksistasi terveet ja hohtavat.<\/p>\n<p>Kastele hiukset, laimenna shampoo veden kanssa ja levit\u00e4 hiuksiin, hieroen my\u00f6s p\u00e4\u00e4nahka, huuhtele huolellisesti.<\/p>\n<p>Shampoo sopii kaikille hiustyypeille.<\/p>\n<p>Pullo ilman korkkia on 100% kierr\u00e4tysmuovista.<\/p>\n<p>VEGAANINEN TUOTE<\/p>\n<p>60,50 \u20ac\/L<\/p>\n","protected":false},"excerpt":{"rendered":"<div class=\"wpb_text_column wpb_content_element \">\n<div class=\"wpb_wrapper\">\n<p>Aqua (Vesi), *Rosa damascena (Ruusu) kukkaisvesi, Sodium Lauryl Sulfate (Natriumlauryylisulfaatti), Coco-Betaine (Kookosbetaiini), Betaine (Betaiini), *Alcohol denat. (Alkoholi denat.), *Matricaria recutita (Kamomilla) kukkauutos, *Equisetum arvense (Peltokorte) uutos, *Arctium lappa (Isotakiainen) juuriuutos, Mentha piperita (Piparminttu) eteerinen \u00f6ljy, Cananga odorata (Ylang ylang) eteerinen \u00f6ljy, Rosmarinus officinalis (Rosmariini) eteerinen \u00f6ljy, Sea Salt (Merisuola), Citric Acid (Sitruunahappo), Sodium Benzoate (Natriumbentsoaatti), Glyceryl Oleate (Glyseryylioleaatti), Coco Glucoside (Kookosglukosidi), Potassium Sorbate (Kaliumsorbaatti), Menthol (Mentoli), *Vaccinium myrtillus (Mustikka) kukkaterapeuttinen uutos, *Plantago major (Piharatamo) kukkaterapeuttinen uutos, *Rosa canina (Villiruusu) kukkaterapeuttinen uutos, *Picea abies (Kuusi) kukkaterapeuttinen uutos.<\/p>\n<p>*Luomua<\/p>\n<\/div>\n<\/div>\n","protected":false},"featured_media":10853,"comment_status":"closed","ping_status":"closed","template":"","meta":{"_acf_changed":false},"pwb-brand":[365],"product_brand":[],"product_cat":[216],"product_tag":[],"class_list":{"0":"post-10854","1":"product","2":"type-product","3":"status-publish","4":"has-post-thumbnail","6":"pwb-brand-frantsila-fi","7":"product_cat-hygieniatuotteet","9":"first","10":"instock","11":"shipping-taxable","12":"purchasable","13":"product-type-simple"},"acf":[],"brands":[{"id":365,"name":"Frantsila","slug":"frantsila-fi"}],"_links":{"self":[{"href":"https:\/\/tervisetoode.ee\/fi\/wp-json\/wp\/v2\/product\/10854","targetHints":{"allow":["GET"]}}],"collection":[{"href":"https:\/\/tervisetoode.ee\/fi\/wp-json\/wp\/v2\/product"}],"about":[{"href":"https:\/\/tervisetoode.ee\/fi\/wp-json\/wp\/v2\/types\/product"}],"replies":[{"embeddable":true,"href":"https:\/\/tervisetoode.ee\/fi\/wp-json\/wp\/v2\/comments?post=10854"}],"wp:featuredmedia":[{"embeddable":true,"href":"https:\/\/tervisetoode.ee\/fi\/wp-json\/wp\/v2\/media\/10853"}],"wp:attachment":[{"href":"https:\/\/tervisetoode.ee\/fi\/wp-json\/wp\/v2\/media?parent=10854"}],"wp:term":[{"taxonomy":"pwb-brand","embeddable":true,"href":"https:\/\/tervisetoode.ee\/fi\/wp-json\/wp\/v2\/pwb-brand?post=10854"},{"taxonomy":"product_brand","embeddable":true,"href":"https:\/\/tervisetoode.ee\/fi\/wp-json\/wp\/v2\/product_brand?post=10854"},{"taxonomy":"product_cat","embeddable":true,"href":"https:\/\/tervisetoode.ee\/fi\/wp-json\/wp\/v2\/product_cat?post=10854"},{"taxonomy":"product_tag","embeddable":true,"href":"https:\/\/tervisetoode.ee\/fi\/wp-json\/wp\/v2\/product_tag?post=10854"}],"curies":[{"name":"wp","href":"https:\/\/api.w.org\/{rel}","templated":true}]}}