{"id":10886,"date":"2016-08-14T16:40:12","date_gmt":"2016-08-14T16:40:12","guid":{"rendered":"https:\/\/tervisetoode.ee\/?post_type=product&#038;p=10886"},"modified":"2024-12-10T13:53:55","modified_gmt":"2024-12-10T13:53:55","slug":"magnesium-oljy-200mg","status":"publish","type":"product","link":"https:\/\/tervisetoode.ee\/fi\/toode\/magnesium-oljy-200mg\/","title":{"rendered":"Magnesium \u00d6ljy 200ml"},"content":{"rendered":"<p><strong>Magnesium \u00d6ljy<\/strong><\/p>\n<p>\u2022 100% luonnollinen<br \/>\n\u2022 Imeytyy tehokkaasti ihon l\u00e4pi<br \/>\n\u2022 Yli 800 suihkasua<\/p>\n<p><strong>Mik\u00e4 on Magnesium \u00d6ljy<\/strong>?<br \/>\nMagnesium\u00f6ljy on t\u00e4ysin uusi ja innovatiivinen magnesium valmiste. Magnesium\u00f6ljy\u00e4 suihkutetaan ulkoisesti suoraan iholle ja se imeytyy nopeasti ihonl\u00e4pi koko kehoon. Magnesium\u00f6ljy on hyvin kyll\u00e4ist\u00e4 magnesiumkloridi liuosta, joka tuntuu \u00f6ljym\u00e4iselt\u00e4, johtuen sen suuresta kyll\u00e4isyys asteesta, mutta ei ole \u00f6ljy\u00e4 sanan varsinaisessa merkityksess\u00e4.<br \/>\nMagnesiumia tarvitsemme p\u00e4ivitt\u00e4in, sill\u00e4 keho ei pysty varastoimaan sit\u00e4. Enemm\u00e4n kuin mik\u00e4\u00e4n muu aine, se auttaa stressiin, rauhoittaa hermostoa ja antaa meille energiaa, kest\u00e4vyytt\u00e4 ja voimaa.<\/p>\n<p>Magnesium on v\u00e4ltt\u00e4m\u00e4t\u00f6n &#8230;<br \/>\n\u2022 terveelle iholle, luustolle ja hampaille<br \/>\n\u2022 syd\u00e4n-ja verisuonien terveyteen<br \/>\n\u2022aineenvaihduntaan<br \/>\n\u2022 lihasten kehitykselle ja toiminnalle<br \/>\n\u2022kaikille hermotoiminnoille<br \/>\n\u2022 stressiin<br \/>\n\u2022 hyv\u00e4\u00e4n uneen<br \/>\n\u2022tehokas urheilijoille<br \/>\n\u2022 terveyden yll\u00e4pit\u00e4miseen<\/p>\n<p><strong>Magnesium\u00f6ljyn k\u00e4ytt\u00f6<\/strong><\/p>\n<p>Suihkuta iholle ja hiero ihoon. K\u00e4yt\u00e4 ennen nukkumaanmenoa tai suihkuta puhtaalle iholle suihkun j\u00e4lkeen. Iholle levitt\u00e4misen aikana tuote on silkkim\u00e4inen ja \u00f6ljyinen. Kuivumisen j\u00e4lkeen voi iholle muodostua kevyt suolakerros. Sen voi (mutta ei v\u00e4ltt\u00e4m\u00e4tt\u00e4 tarvitse) pest\u00e4 parikymmenen minuutin p\u00e4\u00e4st\u00e4 pois. Ensimm\u00e4iset k\u00e4ytt\u00f6kerrat (pari ensimm\u00e4ist\u00e4 viikkoa) voivat aiheuttaa v\u00e4h\u00e4ist\u00e4 kirvely\u00e4. Sen v\u00e4ltt\u00e4miseksi voi magnesiumgeelin levitt\u00e4\u00e4 kostealle iholle.<\/p>\n<p>Sopii erinomaisesti lihasj\u00e4nnityksen lievitt\u00e4miseen tai harjoittelun j\u00e4lkeen.<\/p>\n<p>1 ml magnesium\u00f6ljy\u00e4 (noin 5-6 suihkutusta) sis\u00e4lt\u00e4\u00e4 105 mg magnesiumia.<\/p>\n<p><strong>Miksi magnesium on niin t\u00e4rke\u00e4\u00e4?<br \/>\n<\/strong>Magnesiumyll\u00e4pit\u00e4\u00e4 terveytt\u00e4 ja hyvinvointia. Magnesiumin saanti suositus vuorokaudessa on 300-400 mg. T\u00e4m\u00e4 m\u00e4\u00e4r\u00e4 t\u00e4yttyy vain jos yll\u00e4pit\u00e4\u00e4 tasapainoista ja terveellist\u00e4 ruokavaliota, sy\u00f6m\u00e4ll\u00e4 runsaasti vihanneksia, hedelmi\u00e4, t\u00e4ysjyv\u00e4tuotteita ja p\u00e4hkin\u00f6it\u00e4.<\/p>\n<p>Syyt riitt\u00e4m\u00e4tt\u00f6m\u00e4\u00e4n magnesiumin saantiin:<\/p>\n<p>\u2022 Ep\u00e4tasapainoinen ruokavalio<br \/>\nTeollisesti pitk\u00e4lle jalostettuja elintarvikkeita, kuten valkoinen jauho, makeat ja rasvaiset ruoat tai nk. roskaruoka eiv\u00e4t sis\u00e4ll\u00e4 riitt\u00e4v\u00e4sti magnesiumia. Alkoholijuomat my\u00f6s kuluttavat kehon magnesiumin.<\/p>\n<p>\u2022 Stressi lis\u00e4\u00e4 magnesiumin tarvetta<br \/>\nStressaavat tilanteet voivat johtaa kehon kokonaiskuormitukseen. Magnesium, jolla on rentouttava ja rauhoittava vaikutus, ehk\u00e4isee mahdollisia stressin seurauksia ja oireita.<\/p>\n<p>\u2022 Urheilu lis\u00e4\u00e4 magnesiumin tarvetta<br \/>\nUrheillessa keho kuluttaa huomattavasti enemm\u00e4n magnesiumia. Lis\u00e4ksi magnesiumia erittyy hikoillessa ihon l\u00e4pi. Riitt\u00e4v\u00e4 magnesiumin saanti lis\u00e4\u00e4 kest\u00e4vyytt\u00e4, ehk\u00e4isee lihaskouristuksia ja nopeuttaa palautumista.<\/p>\n<p><strong>Magnesium\u00f6ljyn edut<\/strong><\/p>\n<p>Suun kautta nautittavista magnesium valmisteista keho pystyy hy\u00f6dynt\u00e4m\u00e4\u00e4n vain noin 10 \u2013 20 %. Annoksen lis\u00e4\u00e4minen on hyvin rajallista,sill\u00e4 suuremmista annoksista voi ilmenty\u00e4 ripulia.<br \/>\nUlkoisesti suihkutettava magnesium\u00f6ljy imeytyy ihon l\u00e4pi suoraan kehon soluihin, joissa sill\u00e4 on suotuisia vaikutuksia. Vaikka toistuvasti k\u00e4ytt\u00e4\u00e4 magnesium\u00f6ljy\u00e4, ei edell\u00e4 kuvattuja sivuvaikutuksia ilmene.<\/p>\n<p>Magnesium Oil p\u00e4ivitt\u00e4iseen k\u00e4ytt\u00f6\u00f6n<br \/>\nSuihkuta aamulla ja illalla magnesium\u00f6ljy\u00e4 iholle &#8211; mieluiten olkavarteen ja olkap\u00e4\u00e4h\u00e4n &#8211; ja hiero kevyesti. Magnesium\u00f6ljy voi j\u00e4\u00e4d\u00e4 iholle tai sen voi pest\u00e4 pois vedell\u00e4 noin 10 minuutin kuluttua.<\/p>\n<p>Magnesium Oil Urheilussa<br \/>\nMagnesium\u00f6ljy sopii erityisesti urheilu fitness hierontaan harjoittelun j\u00e4lkeen. Magnesium\u00f6ljy spray vaikuttaa suoraan kehon osiin. Suihkuta ja hiero, magnesium imeytyy ihon l\u00e4pi rentouttaen lihaksia ja sill\u00e4 on rauhoittava vaikutus koko kehoon.<\/p>\n<p><strong>Suositus<br \/>\n<\/strong>Voi aiheuttaa kirvely\u00e4 herk\u00e4lle iholle, jolloin sen voi pest\u00e4 pois vedell\u00e4. Saatavilla my\u00f6s herk\u00e4n ihon Magnesium Oil Sensitive. \u00c4l\u00e4 k\u00e4yt\u00e4 Magnesium Oil sprayt\u00e4 silmiin tai rikkoutuneelle iholle.<\/p>\n<p>Zechstein Magnesium Oil k\u00e4ytt\u00f6<br \/>\nSuihkuta magnesium\u00f6ljy\u00e4 2 kertaa p\u00e4iv\u00e4ss\u00e4, 4-5 suihkausta iholle ja hiero kevyesti. Suihkeen m\u00e4\u00e4r\u00e4\u00e4 voi lis\u00e4t\u00e4 hitaasti tarpeen mukaan, lis\u00e4\u00e4ntyneen fyysisen aktiivisuuden my\u00f6t\u00e4.<\/p>\n<p>Ainesosat:<br \/>\nVesi, magnesiumkloridi Zechstein meren pohjasta (100% luonnollinen)<\/p>\n<p><strong>Zechstein magnesium l\u00e4hde<\/strong><\/p>\n<p>Magnesiumkloridin kerrostumia esiintyy entisen Zechstein meren pohjassa, Hollannissa Veendamissa, jota pidet\u00e4\u00e4n maailman puhtaimman ja korkealaatuisimman luonnollisen magnesiumkloridin l\u00e4hteen\u00e4. Siell\u00e4 se on s\u00e4ilynyt miljoonia vuosia syv\u00e4ll\u00e4 maan uumenissa saastumiselta. Erityist\u00e4 tekniikkaa k\u00e4ytt\u00e4m\u00e4ll\u00e4 on magnesiumkloridista ja vedest\u00e4 valmistettu magnesium\u00f6ljy\u00e4, kyll\u00e4stetty\u00e4 magnesiumkloridia.<\/p>\n<p>30,00 \u20ac\/L<\/p>\n","protected":false},"excerpt":{"rendered":"<p>Magnesium \u00d6ljy \u2022 100% luonnollinen \u2022 Imeytyy tehokkaasti ihon l\u00e4pi \u2022 Yli 800 suihkasua Mik\u00e4 on Magnesium \u00d6ljy? Magnesium\u00f6ljy on&#8230;<\/p>\n","protected":false},"featured_media":10885,"comment_status":"closed","ping_status":"closed","template":"","meta":{"_acf_changed":false},"pwb-brand":[],"product_brand":[],"product_cat":[211,310],"product_tag":[],"class_list":{"0":"post-10886","1":"product","2":"type-product","3":"status-publish","4":"has-post-thumbnail","6":"product_cat-luonnonkosmetiikka","7":"product_cat-magnesium-tuotteet-fi","9":"first","10":"instock","11":"shipping-taxable","12":"purchasable","13":"product-type-simple"},"acf":[],"brands":[],"_links":{"self":[{"href":"https:\/\/tervisetoode.ee\/fi\/wp-json\/wp\/v2\/product\/10886","targetHints":{"allow":["GET"]}}],"collection":[{"href":"https:\/\/tervisetoode.ee\/fi\/wp-json\/wp\/v2\/product"}],"about":[{"href":"https:\/\/tervisetoode.ee\/fi\/wp-json\/wp\/v2\/types\/product"}],"replies":[{"embeddable":true,"href":"https:\/\/tervisetoode.ee\/fi\/wp-json\/wp\/v2\/comments?post=10886"}],"wp:featuredmedia":[{"embeddable":true,"href":"https:\/\/tervisetoode.ee\/fi\/wp-json\/wp\/v2\/media\/10885"}],"wp:attachment":[{"href":"https:\/\/tervisetoode.ee\/fi\/wp-json\/wp\/v2\/media?parent=10886"}],"wp:term":[{"taxonomy":"pwb-brand","embeddable":true,"href":"https:\/\/tervisetoode.ee\/fi\/wp-json\/wp\/v2\/pwb-brand?post=10886"},{"taxonomy":"product_brand","embeddable":true,"href":"https:\/\/tervisetoode.ee\/fi\/wp-json\/wp\/v2\/product_brand?post=10886"},{"taxonomy":"product_cat","embeddable":true,"href":"https:\/\/tervisetoode.ee\/fi\/wp-json\/wp\/v2\/product_cat?post=10886"},{"taxonomy":"product_tag","embeddable":true,"href":"https:\/\/tervisetoode.ee\/fi\/wp-json\/wp\/v2\/product_tag?post=10886"}],"curies":[{"name":"wp","href":"https:\/\/api.w.org\/{rel}","templated":true}]}}