{"id":10891,"date":"2016-08-14T16:58:34","date_gmt":"2016-08-14T16:58:34","guid":{"rendered":"https:\/\/tervisetoode.ee\/?post_type=product&#038;p=10891"},"modified":"2024-12-10T13:53:55","modified_gmt":"2024-12-10T13:53:55","slug":"magnesiumgeeli","status":"publish","type":"product","link":"https:\/\/tervisetoode.ee\/fi\/toode\/magnesiumgeeli\/","title":{"rendered":"Magnesiumgeeli 150ml"},"content":{"rendered":"<p><strong>Magnesiumgeeli<\/strong><\/p>\n<p>Zechsalin puhdas magnesiumgeeli puhdistaa, kosteuttaa ja korjaa ihoa sek\u00e4 samalla t\u00e4ydent\u00e4\u00e4 kehon magnesium tasoa. Helppok\u00e4ytt\u00f6inen geeli on miellytt\u00e4v\u00e4 ja helppo levitt\u00e4\u00e4 iholle.<\/p>\n<p><strong>K\u00e4ytt\u00f6:<\/strong><\/p>\n<p>Suihkuta iholle ja hiero ihoon (geeli voi muodostaa iholle kerroksen ja sen v\u00e4ltt\u00e4miseksi sit\u00e4 on hierottava imeytymiseen asti). Ensimm\u00e4iset k\u00e4ytt\u00f6kerrat (pari ensimm\u00e4ist\u00e4 viikkoa) voivat aiheuttaa v\u00e4h\u00e4ist\u00e4 kirvely\u00e4. Sen v\u00e4ltt\u00e4miseksi voi magnesiumgeelin levitt\u00e4\u00e4 kostealle iholle.<\/p>\n<p>Sopii erinomaisesti lihasj\u00e4nnityksen lievitt\u00e4miseen tai harjoittelun j\u00e4lkeen.<\/p>\n<p>1 ml magnesiumgeeli\u00e4 sis\u00e4lt\u00e4\u00e4 103 mg magnesiumia.<br \/>\nMagnesiumia tarvitsemme p\u00e4ivitt\u00e4in, sill\u00e4 keho ei pysty varastoimaan sit\u00e4. Enemm\u00e4n kuin mik\u00e4\u00e4n muu aine, se auttaa stressiin, rauhoittaa hermostoa ja antaa meille energiaa, kest\u00e4vyytt\u00e4 ja voimaa.<\/p>\n<p>Magnesium on v\u00e4ltt\u00e4m\u00e4t\u00f6n &#8230;<\/p>\n<p>\u2022 terveelle iholle, luustolle ja hampaille<br \/>\n\u2022 syd\u00e4n-ja verisuonien terveyteen<br \/>\n\u2022 aineenvaihduntaan<br \/>\n\u2022 lihasten kehitykselle ja toiminnalle<br \/>\n\u2022 kaikille hermotoiminnoille<br \/>\n\u2022 stressiin<br \/>\n\u2022 hyv\u00e4\u00e4n uneen<br \/>\n\u2022 tehokas urheilijoille<br \/>\n\u2022 terveyden yll\u00e4pit\u00e4miseen<\/p>\n<p>Miksi magnesium on niin t\u00e4rke\u00e4\u00e4?<\/p>\n<p>Magnesium yll\u00e4pit\u00e4\u00e4 terveytt\u00e4 ja hyvinvointia. Magnesiumin saanti suositus vuorokaudessa on 300-400 mg. T\u00e4m\u00e4 m\u00e4\u00e4r\u00e4 t\u00e4yttyy vain jos yll\u00e4pit\u00e4\u00e4 tasapainoista ja terveellist\u00e4 ruokavaliota, sy\u00f6m\u00e4ll\u00e4 runsaasti vihanneksia, hedelmi\u00e4, t\u00e4ysjyv\u00e4tuotteita ja p\u00e4hkin\u00f6it\u00e4.<\/p>\n<p>Syyt riitt\u00e4m\u00e4tt\u00f6m\u00e4\u00e4n magnesiumin saantiin:<\/p>\n<p>\u2022 Ep\u00e4tasapainoinen ruokavalio<br \/>\nTeollisesti pitk\u00e4lle jalostettuja elintarvikkeita, kuten valkoinen jauho, makeat ja rasvaiset ruoat tai nk.roskaruoka eiv\u00e4t sis\u00e4ll\u00e4 riitt\u00e4v\u00e4sti magnesiumia. Alkoholijuomat my\u00f6s kuluttavat kehon magnesiumin.<br \/>\n\u2022 Stressi lis\u00e4\u00e4 magnesiumin tarvetta<br \/>\nStressaavat tilanteet voivat johtaa kehon kokonaiskuormitukseen. Magnesium, jolla on rentouttava ja rauhoittava vaikutus, ehk\u00e4isee mahdollisia stressin seurauksia ja oireita. \u2022 Urheilu lis\u00e4\u00e4 magnesiumin tarvetta<br \/>\nUrheillessa keho kuluttaa huomattavasti enemm\u00e4n magnesiumia. Lis\u00e4ksi magnesiumia erittyy hikoillessa ihon l\u00e4pi. Riitt\u00e4v\u00e4 magnesiumin saanti lis\u00e4\u00e4 kest\u00e4vyytt\u00e4, ehk\u00e4isee lihaskouristuksia ja nopeuttaa palautumista.<\/p>\n","protected":false},"excerpt":{"rendered":"<p>Magnesiumgeeli Zechsalin puhdas magnesiumgeeli puhdistaa, kosteuttaa ja korjaa ihoa sek\u00e4 samalla t\u00e4ydent\u00e4\u00e4 kehon magnesium tasoa. Helppok\u00e4ytt\u00f6inen geeli on miellytt\u00e4v\u00e4 ja&#8230;<\/p>\n","protected":false},"featured_media":10890,"comment_status":"closed","ping_status":"closed","template":"","meta":{"_acf_changed":false},"pwb-brand":[],"product_brand":[],"product_cat":[310],"product_tag":[],"class_list":{"0":"post-10891","1":"product","2":"type-product","3":"status-publish","4":"has-post-thumbnail","6":"product_cat-magnesium-tuotteet-fi","8":"first","9":"instock","10":"shipping-taxable","11":"purchasable","12":"product-type-simple"},"acf":[],"brands":[],"_links":{"self":[{"href":"https:\/\/tervisetoode.ee\/fi\/wp-json\/wp\/v2\/product\/10891","targetHints":{"allow":["GET"]}}],"collection":[{"href":"https:\/\/tervisetoode.ee\/fi\/wp-json\/wp\/v2\/product"}],"about":[{"href":"https:\/\/tervisetoode.ee\/fi\/wp-json\/wp\/v2\/types\/product"}],"replies":[{"embeddable":true,"href":"https:\/\/tervisetoode.ee\/fi\/wp-json\/wp\/v2\/comments?post=10891"}],"wp:featuredmedia":[{"embeddable":true,"href":"https:\/\/tervisetoode.ee\/fi\/wp-json\/wp\/v2\/media\/10890"}],"wp:attachment":[{"href":"https:\/\/tervisetoode.ee\/fi\/wp-json\/wp\/v2\/media?parent=10891"}],"wp:term":[{"taxonomy":"pwb-brand","embeddable":true,"href":"https:\/\/tervisetoode.ee\/fi\/wp-json\/wp\/v2\/pwb-brand?post=10891"},{"taxonomy":"product_brand","embeddable":true,"href":"https:\/\/tervisetoode.ee\/fi\/wp-json\/wp\/v2\/product_brand?post=10891"},{"taxonomy":"product_cat","embeddable":true,"href":"https:\/\/tervisetoode.ee\/fi\/wp-json\/wp\/v2\/product_cat?post=10891"},{"taxonomy":"product_tag","embeddable":true,"href":"https:\/\/tervisetoode.ee\/fi\/wp-json\/wp\/v2\/product_tag?post=10891"}],"curies":[{"name":"wp","href":"https:\/\/api.w.org\/{rel}","templated":true}]}}