{"id":10995,"date":"2016-05-05T22:36:54","date_gmt":"2016-05-05T22:36:54","guid":{"rendered":"https:\/\/tervisetoode.ee\/?post_type=product&#038;p=10995"},"modified":"2024-12-10T13:54:02","modified_gmt":"2024-12-10T13:54:02","slug":"frantsila-kiinteyttava-turve-ruusu-seerumi","status":"publish","type":"product","link":"https:\/\/tervisetoode.ee\/fi\/toode\/frantsila-kiinteyttava-turve-ruusu-seerumi\/","title":{"rendered":"Frantsila Kiinteytt\u00e4v\u00e4 TURVE &amp; RUUSU SEERUMI 30 ml"},"content":{"rendered":"<p><strong>Frantsila Kiinteytt\u00e4v\u00e4 TURVE &amp; RUUSU SEERUMI\u00a0<\/strong><\/p>\n<p>Luomukasvoseerumi, kosteuttaa, kiinteytt\u00e4\u00e4 ja silottaa tuntuvasti ihoa sek\u00e4 tukee sen luonnollista kyky\u00e4 korjata itse\u00e4\u00e4n.<br \/>\nTurpeen, ruusun sek\u00e4 siank\u00e4rs\u00e4m\u00f6n antioksidanttiset ja vitamiinirikkaat tehoaineet edist\u00e4v\u00e4t ihokudoksen aineenvaihduntaa silottaen pieni\u00e4 ryppyj\u00e4.<\/p>\n<p>Levit\u00e4 kasvoille ja kaulalle kevyesti sormenp\u00e4ill\u00e4 aamuin ja illoin ennen kasvovoidetta.<\/p>\n<p>830,00 \u20ac\/L<\/p>\n<p>&nbsp;<\/p>\n","protected":false},"excerpt":{"rendered":"<p>Kylm\u00e4puristetut ja luonnonmukaisesti viljellyt ruusunmarjan- ja auringonkukan siemen\u00f6ljyt sek\u00e4 jojoba\u00f6ljy ravitsevat ja elvytt\u00e4v\u00e4t ihon terveit\u00e4 toimintoja.<br \/>\nKotimaiset luomuyrtti- ja turveuutokset: (siank\u00e4rs\u00e4m\u00f6, ratamo, niittyhumala, puna-apila, ruusu) ennaltaehk\u00e4isev\u00e4t ja hoitavat ihon ennenaikaista vanhenemista antamalla tehokkaan antioksidanttilis\u00e4n sek\u00e4 epitelisoimalla eli parantamalla ihokudosta.<br \/>\nEurooppalaiset luomukasviuutokset (viikuna ja kastanjan kukka) edesauttavat ihoa s\u00e4ilytt\u00e4m\u00e4\u00e4n kosteutensa ja pehmeytens\u00e4 sis\u00e4lt\u00e4miens\u00e4 tehoaineiden ja antioksidanttien kautta. N\u00e4in ennaltaehk\u00e4ist\u00e4\u00e4n ja hoidetaan ryppyj\u00e4.<br \/>\nAidot aromaterapeuttiset eteeriset \u00f6ljyt (piparminttu, frankinsensi, ruusu, palmarosa) elvytt\u00e4v\u00e4t ihosolujen metaboliikkaa ja pit\u00e4v\u00e4t mielialan korkeana.<br \/>\nSuomalaiset kukkaterapeuttiset uutokset (mets\u00e4kurjenpolvi, ratamo, villiruusu) pit\u00e4v\u00e4t yll\u00e4 tasapainoista psyykett\u00e4 ja sit\u00e4 kautta auttavat ihoa pysym\u00e4\u00e4n kauniina ja hehke\u00e4n\u00e4.<\/p>\n<p>Ei el\u00e4inkokeita, el\u00e4inper\u00e4isi\u00e4 raaka-aineita, GMO:ta, mineraali\u00f6ljyj\u00e4 (parafiini, vaseliini), silikaatteja, keinotekoisia hajusteita, v\u00e4riaineita tai parabeeneja.<\/p>\n<p>Raaka-aineet ja valmistus t\u00e4ytt\u00e4v\u00e4t eurooppalaiset luonnonkosmetiikkastandardit.<\/p>\n<p>K\u00e4ytt\u00f6ohje: Levit\u00e4 kasvoille ja kaulalle kevyesti sormenp\u00e4ill\u00e4 aamuin ja illoin ennen kasvovoidetta.<\/p>\n<p>Ingredients: (* merkityt ovat luomulaatua)<\/p>\n<div class=\"instructions-panel-wrapper\">\n<h3 id=\"instructions-heading\" class=\"product-panel-heading\">K\u00c4YTT\u00d6OHJE<\/h3>\n<\/div>\n<p>&nbsp;<\/p>\n<div class=\"instructions-panel-wrapper is-active\">\n<h3 id=\"all-ingredients-heading\" class=\"product-panel-heading\">KAIKKI AINESOSAT<\/h3>\n<div class=\"all-ingredients-panel product-panel\">\n<p>Aqua (Vesi), *Rosa damascena (Ruusu) kukkaisvesi, Glycerin (Kasviglyseriini), Caprylyl\/Capryl Glucoside (Kaprylyyli\/Kapryyliglukosidi), *Rosa canina (Ruusunmarja) siemen\u00f6ljy, *Helianthus annuus (Auringonkukka) siemen\u00f6ljy, *Alcohol denat. (Alkoholi denat.), Peat (Turve) uute, *Ficus carica (Viikuna) hedelm\u00e4uutos, *Aesculus hippocastanum (Hevoskastanja) siemenuutos, *Achillea millefolium (Siank\u00e4rs\u00e4m\u00f6) kukkauutos, *Plantago lanceolata (Hein\u00e4ratamo) lehtiuutos, *Prunella vulgaris (Niittyhumala) uutos, *Trifolium pratense (Puna-apila) kukkauutos, *Rose (Ruusu) ter\u00e4lehtiuutos, Boswellia neglecta (Frankinsensi) eteerinen \u00f6ljy, Mentha piperita (Piparminttu) eteerinen \u00f6ljy, Cymbopogon martini (Palmarosa) eteerinen \u00f6ljy, *Simmondsia chinensis (Jojoba) siemen\u00f6ljy, Rosa damascena (Ruusu) eteerinen \u00f6ljy, Xanthan Gum (Ksantaanikumi), Sodium Benzoate (Natriumbentsoaatti), Sodium Cocoyl Glutamate (Natriumkokoyyliglutamaatti), Glyceryl Caprylate (Glyseryylikaprylaatti), Citric Acid (Sitruunahappo), Polyglyceryl-6 Oleate (Polyglyseryyli-6-oleaatti), Sodium Surfactin (Natriumsurfaktiini), Menthol (Mentoli), *Plantago major (Piharatamo) kukkaterapeuttinen uutos, *Rosa canina (Villiruusu) kukkaterapeuttinen uutos, **Sitronelloli, **Geranioli.<\/p>\n<p>*Luomua<br \/>\n**Eteerisen \u00f6ljyn luonnollinen osa<\/p>\n<\/div>\n<\/div>\n","protected":false},"featured_media":9157,"comment_status":"closed","ping_status":"closed","template":"","meta":{"_acf_changed":false},"pwb-brand":[365],"product_brand":[],"product_cat":[211],"product_tag":[],"class_list":{"0":"post-10995","1":"product","2":"type-product","3":"status-publish","4":"has-post-thumbnail","6":"pwb-brand-frantsila-fi","7":"product_cat-luonnonkosmetiikka","9":"first","10":"instock","11":"shipping-taxable","12":"purchasable","13":"product-type-simple"},"acf":[],"brands":[{"id":365,"name":"Frantsila","slug":"frantsila-fi"}],"_links":{"self":[{"href":"https:\/\/tervisetoode.ee\/fi\/wp-json\/wp\/v2\/product\/10995","targetHints":{"allow":["GET"]}}],"collection":[{"href":"https:\/\/tervisetoode.ee\/fi\/wp-json\/wp\/v2\/product"}],"about":[{"href":"https:\/\/tervisetoode.ee\/fi\/wp-json\/wp\/v2\/types\/product"}],"replies":[{"embeddable":true,"href":"https:\/\/tervisetoode.ee\/fi\/wp-json\/wp\/v2\/comments?post=10995"}],"wp:featuredmedia":[{"embeddable":true,"href":"https:\/\/tervisetoode.ee\/fi\/wp-json\/wp\/v2\/media\/9157"}],"wp:attachment":[{"href":"https:\/\/tervisetoode.ee\/fi\/wp-json\/wp\/v2\/media?parent=10995"}],"wp:term":[{"taxonomy":"pwb-brand","embeddable":true,"href":"https:\/\/tervisetoode.ee\/fi\/wp-json\/wp\/v2\/pwb-brand?post=10995"},{"taxonomy":"product_brand","embeddable":true,"href":"https:\/\/tervisetoode.ee\/fi\/wp-json\/wp\/v2\/product_brand?post=10995"},{"taxonomy":"product_cat","embeddable":true,"href":"https:\/\/tervisetoode.ee\/fi\/wp-json\/wp\/v2\/product_cat?post=10995"},{"taxonomy":"product_tag","embeddable":true,"href":"https:\/\/tervisetoode.ee\/fi\/wp-json\/wp\/v2\/product_tag?post=10995"}],"curies":[{"name":"wp","href":"https:\/\/api.w.org\/{rel}","templated":true}]}}