{"id":11066,"date":"2020-01-21T22:38:13","date_gmt":"2020-01-21T22:38:13","guid":{"rendered":"https:\/\/tervisetoode.ee\/?post_type=product&#038;p=11066"},"modified":"2024-12-10T13:54:06","modified_gmt":"2024-12-10T13:54:06","slug":"lammittava-magneetti-turmaliiniselkavyo-2","status":"publish","type":"product","link":"https:\/\/tervisetoode.ee\/fi\/toode\/lammittava-magneetti-turmaliiniselkavyo-2\/","title":{"rendered":"L\u00e4mmitt\u00e4v\u00e4 magneetti-turmaliiniselk\u00e4vy\u00f6 S (98x14cm)"},"content":{"rendered":"<h4>L\u00e4mmitt\u00e4v\u00e4 magneetti-turmaliiniselk\u00e4vy\u00f6 \u00a0S (98x14cm)<\/h4>\n<p><strong>Loppu selk\u00e4kivulle!<\/strong><\/p>\n<p>Vaikutus perustuu magneettien ja infrapunas\u00e4teiden vaikutukseen.<\/p>\n<p>L\u00e4mmitt\u00e4v\u00e4 materiaali sis\u00e4lt\u00e4\u00e4 arvokkaita mineraaleja \u2013 <strong>turmaliinia<\/strong> (puolijalokivi\/mineraali) ja <strong>germaniumia<\/strong> (kiteinen mineraali). Nanoteknologinen tuote.<\/p>\n<p>Turmaliini ja germaniumi p\u00e4\u00e4st\u00e4v\u00e4t ihmiskehon l\u00e4mp\u00f6tilan vaikutuksesta l\u00e4mmetess\u00e4 valloilleen infrapunas\u00e4teit\u00e4.<\/p>\n<p>Infrapunas\u00e4teet ovat n\u00e4kym\u00e4tt\u00f6mi\u00e4, fysiologisesti aktiivisia elektromagneettiaaltoja, jotka tunkeutuvat 4 cm syvyyteen ihon alle. Sen tuloksena aiheutuu resonanssi-imeytymisen vaikutus, joka helpottaa sis\u00e4elinten ja suonien sileiden lihasten rentoutumisen, aktivoi energiset meridiaanit, laajentaa suonia, parantaa veren- ja lymfakiertoa, nostaa veren happipitoisuutta, aktivoi solujen energiataloutta, j\u00e4rjest\u00e4\u00e4 hermoston toimintaa, vahvistaa solujen immuniteettitoimintaa, aiheuttaa my\u00f6s hieronnan, pistehieronnan, moksasikareilla biologisesti aktiivisien pisteiden vaikutuksen sek\u00e4 akupunktion kaltaisen vaikutuksen.<\/p>\n<ol>\n<li>Lis\u00e4\u00e4ntyy elimist\u00f6n luonnollinen voima.<\/li>\n<li>Paranee lannealueen verenkierto.<\/li>\n<li>Paranee lannealueen ja elinten happitarjonta.<\/li>\n<li>Aktivoi lannealueen varustamista ravintoaineilla.<\/li>\n<li>Paranee immuniteetti.<\/li>\n<li>Katoaa hermojen yhteen puristumisesta sek\u00e4 nikamien siirtymisest\u00e4 aiheutuva kipu.<\/li>\n<li>Katoaa \u00e4rsytys.<\/li>\n<li>Katoaa hermoj\u00e4nnitys.<\/li>\n<li>Poistuu selk\u00e4lihasten venytyksest\u00e4 aiheutuva kipu.<\/li>\n<li>Paranee miesten seksuaalinen toiminta.<\/li>\n<\/ol>\n<p><strong>Vy\u00f6n k\u00e4yt\u00f6n tuloksena katoavat kipu ja tulehdus sek\u00e4 paranee my\u00f6s elimist\u00f6n immuniteetti. Poistaa tehokkaasti hermojen yhteen puristumisesta sek\u00e4 nikamien siirtymisest\u00e4 johtuvan kivun. Palauttaa entiselleen nikamien v\u00e4lisen nesteen ja kudoksen.<\/strong><\/p>\n<p><strong>Vy\u00f6n k\u00e4ytt\u00f6\u00f6n liittyv\u00e4n\u00e4 my\u00f6nteisen\u00e4 sivuvaikutuksena on my\u00f6s ihonalaisen rasvakudoksen laskeumien v\u00e4hentyminen vatsassa ja vy\u00f6t\u00e4r\u00f6ll\u00e4.<\/strong><\/p>\n<p><strong>K\u00e4ytt\u00f6suositukset:<\/strong> lannekivut, selk\u00e4lihasten venytykset, selk\u00e4rankatyr\u00e4. Suositellaan my\u00f6s urheilijoille ja henkil\u00f6ille, joiden selk\u00e4ranka on kovassa kuormituksessa. Vy\u00f6 on todella hy\u00f6dyllinen niille, jotka pelk\u00e4\u00e4v\u00e4t kylm\u00e4\u00e4 tai joilla on lannealueen<\/p>\n<p>selk\u00e4rankatyr\u00e4, hyperostoosi tai niveltulehdus.<\/p>\n<p><strong>Magneettihoito:<\/strong><\/p>\n<p>Vy\u00f6n sis\u00e4puolelle on ommeltu magneetit, jotka stimuloivat verenkiertoa ja v\u00e4hent\u00e4v\u00e4t kipureseptorien aktiivisuutta kehon akupunktiopisteiden vaikuttaessa.<\/p>\n<p><strong>K\u00e4ytt\u00f6ohje:<\/strong><\/p>\n<p>Laita vy\u00f6 p\u00e4\u00e4lle (turmaliinipuoli tiivisti ihoa vasten), vaikutus riippuu vy\u00f6n ja ihon kosketuksesta: mit\u00e4 tiiviimmin on vy\u00f6 laitettu ihoa vasten, sit\u00e4 voimakkaampi on vaikutus.<\/p>\n<p>K\u00e4yt\u00e4 kaksi kertaa p\u00e4iv\u00e4ss\u00e4, kolme tuntia kerralla.<\/p>\n<p>\u00c4l\u00e4 k\u00e4yt\u00e4 vy\u00f6t\u00e4 nukkuessa.<\/p>\n<h5>Mik\u00e4li vy\u00f6n k\u00e4yt\u00f6n aikana iho alkaa kirvell\u00e4 tai muuttumaan punaiseksi, kyse on ihan normaalista asiasta, joka ei vahingoita ihoa. Vy\u00f6n poiston j\u00e4lkeen edell\u00e4 mainitut ilmi\u00f6t katoavat muutamassa tunnissa. Punaisuuden v\u00e4ltt\u00e4miseksi voi lyhent\u00e4\u00e4 vy\u00f6n k\u00e4ytt\u00f6aikaa.<\/h5>\n<p><strong>Tuotetta eiv\u00e4t saa k\u00e4ytt\u00e4\u00e4:<\/strong><\/p>\n<ul>\n<li>raskaana olevat, lapset ja enkefalopatia sairastavat henkil\u00f6t tai henkil\u00f6t, joilla on verenvuoto<\/li>\n<li>henkil\u00f6t, joilla on ihovaurio<\/li>\n<li>henkil\u00f6t, joiden elimist\u00f6\u00f6n on laitettu elektronisia laitteita tai metallitukia ja varovasti ne, joilla esiintyy allergiaa<\/li>\n<li>henkil\u00f6t, joilla on pehmytkudosten vaurio (saa k\u00e4ytt\u00e4\u00e4 vasta 24 tunnin kuluttua)<\/li>\n<li>\u00c4l\u00e4 anna vy\u00f6n koskettaa muihin magneetteihin tai mineraaleihin v\u00e4ltt\u00e4\u00e4ksesi magnetisointia.<\/li>\n<\/ul>\n<p><strong>Huoltosuositukset:<\/strong><\/p>\n<ul>\n<li>Pesuveden l\u00e4mp\u00f6tila ei saa ylitt\u00e4\u00e4 40\u00b0, purista eritt\u00e4in varovasti, \u00e4l\u00e4 silit\u00e4 \u00e4l\u00e4k\u00e4 valkaise.<\/li>\n<li>\u00c4l\u00e4 kuivaa avotulen yll\u00e4 \u00e4l\u00e4k\u00e4 korkeassa l\u00e4mp\u00f6tilassa.<\/li>\n<li>Pese puhtaassa vedess\u00e4, \u00e4l\u00e4 pid\u00e4 liian kauan vedess\u00e4. Pese vy\u00f6 varovaisesti 10\u201315 minuutissa. \u00c4l\u00e4 k\u00e4yt\u00e4 pesuainetta, valkaisuaineita \u00e4l\u00e4k\u00e4 saippuaa. Vy\u00f6n liotus ei ole sallittu.<\/li>\n<li>Pid\u00e4 poissa suoralta auringonvalolta.<\/li>\n<\/ul>\n","protected":false},"excerpt":{"rendered":"<p>L\u00e4mmitt\u00e4v\u00e4 magneetti-turmaliiniselk\u00e4vy\u00f6 \u00a0S (98x14cm) Loppu selk\u00e4kivulle! Vaikutus perustuu magneettien ja infrapunas\u00e4teiden vaikutukseen. L\u00e4mmitt\u00e4v\u00e4 materiaali sis\u00e4lt\u00e4\u00e4 arvokkaita mineraaleja \u2013 turmaliinia (puolijalokivi\/mineraali)&#8230;<\/p>\n","protected":false},"featured_media":9791,"comment_status":"closed","ping_status":"closed","template":"","meta":{"_acf_changed":false},"pwb-brand":[371],"product_brand":[],"product_cat":[222],"product_tag":[],"class_list":{"0":"post-11066","1":"product","2":"type-product","3":"status-publish","4":"has-post-thumbnail","6":"pwb-brand-tervisetooted-fi","7":"product_cat-turmaliini-ja-magneetti-tuotteet","9":"first","10":"instock","11":"shipping-taxable","12":"purchasable","13":"product-type-simple"},"acf":[],"brands":[{"id":371,"name":"Tervisetooted","slug":"tervisetooted-fi"}],"_links":{"self":[{"href":"https:\/\/tervisetoode.ee\/fi\/wp-json\/wp\/v2\/product\/11066","targetHints":{"allow":["GET"]}}],"collection":[{"href":"https:\/\/tervisetoode.ee\/fi\/wp-json\/wp\/v2\/product"}],"about":[{"href":"https:\/\/tervisetoode.ee\/fi\/wp-json\/wp\/v2\/types\/product"}],"replies":[{"embeddable":true,"href":"https:\/\/tervisetoode.ee\/fi\/wp-json\/wp\/v2\/comments?post=11066"}],"wp:featuredmedia":[{"embeddable":true,"href":"https:\/\/tervisetoode.ee\/fi\/wp-json\/wp\/v2\/media\/9791"}],"wp:attachment":[{"href":"https:\/\/tervisetoode.ee\/fi\/wp-json\/wp\/v2\/media?parent=11066"}],"wp:term":[{"taxonomy":"pwb-brand","embeddable":true,"href":"https:\/\/tervisetoode.ee\/fi\/wp-json\/wp\/v2\/pwb-brand?post=11066"},{"taxonomy":"product_brand","embeddable":true,"href":"https:\/\/tervisetoode.ee\/fi\/wp-json\/wp\/v2\/product_brand?post=11066"},{"taxonomy":"product_cat","embeddable":true,"href":"https:\/\/tervisetoode.ee\/fi\/wp-json\/wp\/v2\/product_cat?post=11066"},{"taxonomy":"product_tag","embeddable":true,"href":"https:\/\/tervisetoode.ee\/fi\/wp-json\/wp\/v2\/product_tag?post=11066"}],"curies":[{"name":"wp","href":"https:\/\/api.w.org\/{rel}","templated":true}]}}