{"id":11195,"date":"2016-11-20T20:44:54","date_gmt":"2016-11-20T20:44:54","guid":{"rendered":"https:\/\/tervisetoode.ee\/?post_type=product&#038;p=11195"},"modified":"2024-12-10T13:54:13","modified_gmt":"2024-12-10T13:54:13","slug":"kiastoliitti-kiiltava","status":"publish","type":"product","link":"https:\/\/tervisetoode.ee\/fi\/toode\/kiastoliitti-kiiltava\/","title":{"rendered":"Kiastoliitti \/ Ristikivi, kiilt\u00e4v\u00e4 (1399)"},"content":{"rendered":"<h4>Kiastoliitti \/ Ristikivi<\/h4>\n<p>Kiastoliitti \u00a0on ensimm\u00e4isen ja kolmannen chakran kivi.<br \/>\nKiviterapian mukaan kiastoliitti muuttaa riidan harmoniaksi, tasapainottaa n\u00e4kemyksi\u00e4 ja auttaa ongelmien ratkaisussa. Kiastoliitti liitet\u00e4\u00e4n my\u00f6s kuolemaan ja j\u00e4lleensyntymiseen &#8211; kivi saattaa antaa ymm\u00e4rrett\u00e4vi\u00e4 vastauksia mysteereihin.<\/p>\n<p>Auttaa muutoksissa ja el\u00e4m\u00e4n k\u00e4\u00e4nnekohdissa, kun haluat pudottaa turhia taakkoja harteiltasi. Tasapainottaa erilaisia, ristiriitaisiakin n\u00e4kemyksi\u00e4; muuttaa riidan harmoniaksi.<\/p>\n","protected":false},"excerpt":{"rendered":"<p>Kiastoliitti \/ Ristikivi Kiastoliitti \u00a0on ensimm\u00e4isen ja kolmannen chakran kivi. Kiviterapian mukaan kiastoliitti muuttaa riidan harmoniaksi, tasapainottaa n\u00e4kemyksi\u00e4 ja auttaa&#8230;<\/p>\n","protected":false},"featured_media":11192,"comment_status":"closed","ping_status":"closed","template":"","meta":{"_acf_changed":false},"pwb-brand":[],"product_brand":[],"product_cat":[272],"product_tag":[],"class_list":{"0":"post-11195","1":"product","2":"type-product","3":"status-publish","4":"has-post-thumbnail","6":"product_cat-hiotut-kivet","8":"first","9":"instock","10":"shipping-taxable","11":"purchasable","12":"product-type-simple"},"acf":[],"brands":[],"_links":{"self":[{"href":"https:\/\/tervisetoode.ee\/fi\/wp-json\/wp\/v2\/product\/11195","targetHints":{"allow":["GET"]}}],"collection":[{"href":"https:\/\/tervisetoode.ee\/fi\/wp-json\/wp\/v2\/product"}],"about":[{"href":"https:\/\/tervisetoode.ee\/fi\/wp-json\/wp\/v2\/types\/product"}],"replies":[{"embeddable":true,"href":"https:\/\/tervisetoode.ee\/fi\/wp-json\/wp\/v2\/comments?post=11195"}],"wp:featuredmedia":[{"embeddable":true,"href":"https:\/\/tervisetoode.ee\/fi\/wp-json\/wp\/v2\/media\/11192"}],"wp:attachment":[{"href":"https:\/\/tervisetoode.ee\/fi\/wp-json\/wp\/v2\/media?parent=11195"}],"wp:term":[{"taxonomy":"pwb-brand","embeddable":true,"href":"https:\/\/tervisetoode.ee\/fi\/wp-json\/wp\/v2\/pwb-brand?post=11195"},{"taxonomy":"product_brand","embeddable":true,"href":"https:\/\/tervisetoode.ee\/fi\/wp-json\/wp\/v2\/product_brand?post=11195"},{"taxonomy":"product_cat","embeddable":true,"href":"https:\/\/tervisetoode.ee\/fi\/wp-json\/wp\/v2\/product_cat?post=11195"},{"taxonomy":"product_tag","embeddable":true,"href":"https:\/\/tervisetoode.ee\/fi\/wp-json\/wp\/v2\/product_tag?post=11195"}],"curies":[{"name":"wp","href":"https:\/\/api.w.org\/{rel}","templated":true}]}}