{"id":11197,"date":"2016-11-20T21:03:16","date_gmt":"2016-11-20T21:03:16","guid":{"rendered":"https:\/\/tervisetoode.ee\/?post_type=product&#038;p=11197"},"modified":"2024-12-10T13:54:13","modified_gmt":"2024-12-10T13:54:13","slug":"rutiilikvartsi-sivuttaisella-reialla","status":"publish","type":"product","link":"https:\/\/tervisetoode.ee\/fi\/toode\/rutiilikvartsi-sivuttaisella-reialla\/","title":{"rendered":"Rutiilikvartsi sivuttaisella rei\u00e4ll\u00e4"},"content":{"rendered":"<h4>Rutiilikvartsi sivuttaisella rei\u00e4ll\u00e4<\/h4>\n<p>Rutiilikvartsi on oiva terapeutin kivi, se suodattaa kielteist\u00e4 energiaa ja tukee samalla asiakkaan energiakentt\u00e4\u00e4. Henkisell\u00e4 tasolla rutiilikvartsi omaa t\u00e4ydellisen kosmisen valon tasapainon, se valaisee sielun kannustaen siten henkiseen kasvuun<\/p>\n","protected":false},"excerpt":{"rendered":"<p>Rutiilikvartsi sivuttaisella rei\u00e4ll\u00e4 Rutiilikvartsi on oiva terapeutin kivi, se suodattaa kielteist\u00e4 energiaa ja tukee samalla asiakkaan energiakentt\u00e4\u00e4. Henkisell\u00e4 tasolla rutiilikvartsi&#8230;<\/p>\n","protected":false},"featured_media":11184,"comment_status":"closed","ping_status":"closed","template":"","meta":{"_acf_changed":false},"pwb-brand":[],"product_brand":[],"product_cat":[275],"product_tag":[],"class_list":{"0":"post-11197","1":"product","2":"type-product","3":"status-publish","4":"has-post-thumbnail","6":"product_cat-reikakivet-ja-riipukset","8":"first","9":"outofstock","10":"shipping-taxable","11":"purchasable","12":"product-type-simple"},"acf":[],"brands":[],"_links":{"self":[{"href":"https:\/\/tervisetoode.ee\/fi\/wp-json\/wp\/v2\/product\/11197","targetHints":{"allow":["GET"]}}],"collection":[{"href":"https:\/\/tervisetoode.ee\/fi\/wp-json\/wp\/v2\/product"}],"about":[{"href":"https:\/\/tervisetoode.ee\/fi\/wp-json\/wp\/v2\/types\/product"}],"replies":[{"embeddable":true,"href":"https:\/\/tervisetoode.ee\/fi\/wp-json\/wp\/v2\/comments?post=11197"}],"wp:featuredmedia":[{"embeddable":true,"href":"https:\/\/tervisetoode.ee\/fi\/wp-json\/wp\/v2\/media\/11184"}],"wp:attachment":[{"href":"https:\/\/tervisetoode.ee\/fi\/wp-json\/wp\/v2\/media?parent=11197"}],"wp:term":[{"taxonomy":"pwb-brand","embeddable":true,"href":"https:\/\/tervisetoode.ee\/fi\/wp-json\/wp\/v2\/pwb-brand?post=11197"},{"taxonomy":"product_brand","embeddable":true,"href":"https:\/\/tervisetoode.ee\/fi\/wp-json\/wp\/v2\/product_brand?post=11197"},{"taxonomy":"product_cat","embeddable":true,"href":"https:\/\/tervisetoode.ee\/fi\/wp-json\/wp\/v2\/product_cat?post=11197"},{"taxonomy":"product_tag","embeddable":true,"href":"https:\/\/tervisetoode.ee\/fi\/wp-json\/wp\/v2\/product_tag?post=11197"}],"curies":[{"name":"wp","href":"https:\/\/api.w.org\/{rel}","templated":true}]}}