{"id":11198,"date":"2016-11-20T21:09:28","date_gmt":"2016-11-20T21:09:28","guid":{"rendered":"https:\/\/tervisetoode.ee\/?post_type=product&#038;p=11198"},"modified":"2024-12-10T13:54:13","modified_gmt":"2024-12-10T13:54:13","slug":"sardonyksi-kiillotettu","status":"publish","type":"product","link":"https:\/\/tervisetoode.ee\/fi\/toode\/sardonyksi-kiillotettu\/","title":{"rendered":"Sardonyksi, kiillotettu 1tk (1401)"},"content":{"rendered":"<h4>Sardonyksi 1tk<\/h4>\n<p>Sardonyksi on kiviterapiassa suositellaan onnellisen ja kest\u00e4v\u00e4n avioliiton sek\u00e4 yst\u00e4vyyssuhteiden yll\u00e4pit\u00e4miseen, kivi houkuttelee puoleensa hyv\u00e4\u00e4 onnea. Fyysisell\u00e4 tasolla sardonyksi liitet\u00e4\u00e4n keuhkoihin ja luihin sek\u00e4 muun muassa solujen aineenvaihduntaan.<\/p>\n<p>Muinaisten uskomusten mukaan yksi sardonyksi omakotitalon jokaisen kulman, ikkunan ja oven luona ehk\u00e4isev\u00e4t rikoksia.<\/p>\n","protected":false},"excerpt":{"rendered":"<p>Sardonyksi 1tk Sardonyksi on kiviterapiassa suositellaan onnellisen ja kest\u00e4v\u00e4n avioliiton sek\u00e4 yst\u00e4vyyssuhteiden yll\u00e4pit\u00e4miseen, kivi houkuttelee puoleensa hyv\u00e4\u00e4 onnea. Fyysisell\u00e4 tasolla&#8230;<\/p>\n","protected":false},"featured_media":11180,"comment_status":"closed","ping_status":"closed","template":"","meta":{"_acf_changed":false},"pwb-brand":[],"product_brand":[],"product_cat":[272],"product_tag":[],"class_list":{"0":"post-11198","1":"product","2":"type-product","3":"status-publish","4":"has-post-thumbnail","6":"product_cat-hiotut-kivet","8":"first","9":"instock","10":"shipping-taxable","11":"purchasable","12":"product-type-simple"},"acf":[],"brands":[],"_links":{"self":[{"href":"https:\/\/tervisetoode.ee\/fi\/wp-json\/wp\/v2\/product\/11198","targetHints":{"allow":["GET"]}}],"collection":[{"href":"https:\/\/tervisetoode.ee\/fi\/wp-json\/wp\/v2\/product"}],"about":[{"href":"https:\/\/tervisetoode.ee\/fi\/wp-json\/wp\/v2\/types\/product"}],"replies":[{"embeddable":true,"href":"https:\/\/tervisetoode.ee\/fi\/wp-json\/wp\/v2\/comments?post=11198"}],"wp:featuredmedia":[{"embeddable":true,"href":"https:\/\/tervisetoode.ee\/fi\/wp-json\/wp\/v2\/media\/11180"}],"wp:attachment":[{"href":"https:\/\/tervisetoode.ee\/fi\/wp-json\/wp\/v2\/media?parent=11198"}],"wp:term":[{"taxonomy":"pwb-brand","embeddable":true,"href":"https:\/\/tervisetoode.ee\/fi\/wp-json\/wp\/v2\/pwb-brand?post=11198"},{"taxonomy":"product_brand","embeddable":true,"href":"https:\/\/tervisetoode.ee\/fi\/wp-json\/wp\/v2\/product_brand?post=11198"},{"taxonomy":"product_cat","embeddable":true,"href":"https:\/\/tervisetoode.ee\/fi\/wp-json\/wp\/v2\/product_cat?post=11198"},{"taxonomy":"product_tag","embeddable":true,"href":"https:\/\/tervisetoode.ee\/fi\/wp-json\/wp\/v2\/product_tag?post=11198"}],"curies":[{"name":"wp","href":"https:\/\/api.w.org\/{rel}","templated":true}]}}