{"id":11199,"date":"2016-11-20T21:15:26","date_gmt":"2016-11-20T21:15:26","guid":{"rendered":"https:\/\/tervisetoode.ee\/?post_type=product&#038;p=11199"},"modified":"2024-12-10T13:54:13","modified_gmt":"2024-12-10T13:54:13","slug":"sitruuna-krysopraasi","status":"publish","type":"product","link":"https:\/\/tervisetoode.ee\/fi\/toode\/sitruuna-krysopraasi\/","title":{"rendered":"Sitruuna-krysopraasi, kiillotettu (1403)"},"content":{"rendered":"<h4>Sitruuna-krysopraasi<\/h4>\n<p>Kivess\u00e4 on raikas energia, jota sitruuna-nimi hyvin kuvaakin. Tuo virke\u00e4n, raikkaan olon keholle ja mielelle, poistaen samalla &#8221;tunkkaista&#8221; oloa kehosta ja mielest\u00e4.<\/p>\n","protected":false},"excerpt":{"rendered":"<p>Sitruuna-krysopraasi Kivess\u00e4 on raikas energia, jota sitruuna-nimi hyvin kuvaakin. Tuo virke\u00e4n, raikkaan olon keholle ja mielelle, poistaen samalla &#8221;tunkkaista&#8221; oloa&#8230;<\/p>\n","protected":false},"featured_media":11176,"comment_status":"closed","ping_status":"closed","template":"","meta":{"_acf_changed":false},"pwb-brand":[],"product_brand":[],"product_cat":[272],"product_tag":[],"class_list":{"0":"post-11199","1":"product","2":"type-product","3":"status-publish","4":"has-post-thumbnail","6":"product_cat-hiotut-kivet","8":"first","9":"instock","10":"shipping-taxable","11":"purchasable","12":"product-type-simple"},"acf":[],"brands":[],"_links":{"self":[{"href":"https:\/\/tervisetoode.ee\/fi\/wp-json\/wp\/v2\/product\/11199","targetHints":{"allow":["GET"]}}],"collection":[{"href":"https:\/\/tervisetoode.ee\/fi\/wp-json\/wp\/v2\/product"}],"about":[{"href":"https:\/\/tervisetoode.ee\/fi\/wp-json\/wp\/v2\/types\/product"}],"replies":[{"embeddable":true,"href":"https:\/\/tervisetoode.ee\/fi\/wp-json\/wp\/v2\/comments?post=11199"}],"wp:featuredmedia":[{"embeddable":true,"href":"https:\/\/tervisetoode.ee\/fi\/wp-json\/wp\/v2\/media\/11176"}],"wp:attachment":[{"href":"https:\/\/tervisetoode.ee\/fi\/wp-json\/wp\/v2\/media?parent=11199"}],"wp:term":[{"taxonomy":"pwb-brand","embeddable":true,"href":"https:\/\/tervisetoode.ee\/fi\/wp-json\/wp\/v2\/pwb-brand?post=11199"},{"taxonomy":"product_brand","embeddable":true,"href":"https:\/\/tervisetoode.ee\/fi\/wp-json\/wp\/v2\/product_brand?post=11199"},{"taxonomy":"product_cat","embeddable":true,"href":"https:\/\/tervisetoode.ee\/fi\/wp-json\/wp\/v2\/product_cat?post=11199"},{"taxonomy":"product_tag","embeddable":true,"href":"https:\/\/tervisetoode.ee\/fi\/wp-json\/wp\/v2\/product_tag?post=11199"}],"curies":[{"name":"wp","href":"https:\/\/api.w.org\/{rel}","templated":true}]}}