{"id":11212,"date":"2016-11-20T22:10:40","date_gmt":"2016-11-20T22:10:40","guid":{"rendered":"https:\/\/tervisetoode.ee\/?post_type=product&#038;p=11212"},"modified":"2024-12-10T13:54:15","modified_gmt":"2024-12-10T13:54:15","slug":"malakiitti-kiillotettu","status":"publish","type":"product","link":"https:\/\/tervisetoode.ee\/fi\/toode\/malakiitti-kiillotettu\/","title":{"rendered":"Malakiitti kiillotettu 1tk (1400)"},"content":{"rendered":"<h4>Malakiitti 1tk<\/h4>\n<p>Malakiitti on onnekkaan rahan kivi ja se auttaa unen saannissa, astmassa sek\u00e4 synnytyksess\u00e4. T\u00e4m\u00e4 tunteellinen kivi maadoittaa henkist\u00e4 energiaa planeettaamme ja kiven uskotaankin olevan yksi uuden vuosituhannen merkitt\u00e4vimmist\u00e4 terapeuttisista kivist\u00e4.<\/p>\n","protected":false},"excerpt":{"rendered":"<p>1tk<\/p>\n","protected":false},"featured_media":11141,"comment_status":"closed","ping_status":"closed","template":"","meta":{"_acf_changed":false},"pwb-brand":[],"product_brand":[],"product_cat":[272],"product_tag":[],"class_list":{"0":"post-11212","1":"product","2":"type-product","3":"status-publish","4":"has-post-thumbnail","6":"product_cat-hiotut-kivet","8":"first","9":"instock","10":"shipping-taxable","11":"purchasable","12":"product-type-simple"},"acf":[],"brands":[],"_links":{"self":[{"href":"https:\/\/tervisetoode.ee\/fi\/wp-json\/wp\/v2\/product\/11212","targetHints":{"allow":["GET"]}}],"collection":[{"href":"https:\/\/tervisetoode.ee\/fi\/wp-json\/wp\/v2\/product"}],"about":[{"href":"https:\/\/tervisetoode.ee\/fi\/wp-json\/wp\/v2\/types\/product"}],"replies":[{"embeddable":true,"href":"https:\/\/tervisetoode.ee\/fi\/wp-json\/wp\/v2\/comments?post=11212"}],"wp:featuredmedia":[{"embeddable":true,"href":"https:\/\/tervisetoode.ee\/fi\/wp-json\/wp\/v2\/media\/11141"}],"wp:attachment":[{"href":"https:\/\/tervisetoode.ee\/fi\/wp-json\/wp\/v2\/media?parent=11212"}],"wp:term":[{"taxonomy":"pwb-brand","embeddable":true,"href":"https:\/\/tervisetoode.ee\/fi\/wp-json\/wp\/v2\/pwb-brand?post=11212"},{"taxonomy":"product_brand","embeddable":true,"href":"https:\/\/tervisetoode.ee\/fi\/wp-json\/wp\/v2\/product_brand?post=11212"},{"taxonomy":"product_cat","embeddable":true,"href":"https:\/\/tervisetoode.ee\/fi\/wp-json\/wp\/v2\/product_cat?post=11212"},{"taxonomy":"product_tag","embeddable":true,"href":"https:\/\/tervisetoode.ee\/fi\/wp-json\/wp\/v2\/product_tag?post=11212"}],"curies":[{"name":"wp","href":"https:\/\/api.w.org\/{rel}","templated":true}]}}