{"id":11215,"date":"2021-02-06T23:29:22","date_gmt":"2021-02-06T23:29:22","guid":{"rendered":"https:\/\/tervisetoode.ee\/?post_type=product&#038;p=11215"},"modified":"2024-12-10T13:54:15","modified_gmt":"2024-12-10T13:54:15","slug":"ruusukvartsi","status":"publish","type":"product","link":"https:\/\/tervisetoode.ee\/fi\/toode\/ruusukvartsi\/","title":{"rendered":"Ruusukvartsi hierontasauva, 7-9cm (1066)"},"content":{"rendered":"<h4>Ruusukvartsi hierontasauva<\/h4>\n<p>Ruusukvartsi on pyyteett\u00f6m\u00e4n rakkauden ja loputtoman rauhan kivi. Se on kaikkein t\u00e4rkein kivi parannettaessa syd\u00e4nt\u00e4 ja syd\u00e4nchakraa. T\u00e4m\u00e4 kivi tuo esiin kauneuden ja rakkauden kaikkialta ymp\u00e4rilt\u00e4si. Se vet\u00e4\u00e4 puoleensa rakkautta. Palauttaa luottamuksen ja harmonian suhteeseen. T\u00e4m\u00e4 kivi mit\u00e4 hienoin tunteiden parantaja. Se vapauttaa syd\u00e4men suruista p\u00e4\u00e4st\u00e4m\u00e4ll\u00e4 irti ja muutamalla tarpeettomiksi k\u00e4yneit\u00e4 tunteita. Helpottaa sis\u00e4ist\u00e4 kipua ja parantaa menetyksist\u00e4 toipumista avaten syd\u00e4nt\u00e4 vastaanottamaan uudelleen rakkautta. Jos olet rakastanut ja menett\u00e4nyt, ruusukvartsi helpottaa suruasi. Se opettaa itserakkautta ja kannustaa antamaan itselle ja muille anteeksi parantaen itseluottamusta ja itsearvoa. T\u00e4m\u00e4 kivi vie pois negatiivisuutta ja tuo tilalle rakkaudellista v\u00e4r\u00e4htely\u00e4. Se vahvistaa my\u00f6s empatiaa ja herkkyytt\u00e4, sek\u00e4 auttaa hyv\u00e4ksym\u00e4\u00e4n tarvittavat muutokset. Eritt\u00e4in hyv\u00e4 kivi keski-i\u00e4n kriisist\u00e4 k\u00e4rsiville.<\/p>\n","protected":false},"excerpt":{"rendered":"<p>Ruusukvartsi hierontasauva Ruusukvartsi on pyyteett\u00f6m\u00e4n rakkauden ja loputtoman rauhan kivi. Se on kaikkein t\u00e4rkein kivi parannettaessa syd\u00e4nt\u00e4 ja syd\u00e4nchakraa. T\u00e4m\u00e4&#8230;<\/p>\n","protected":false},"featured_media":11129,"comment_status":"closed","ping_status":"closed","template":"","meta":{"_acf_changed":false},"pwb-brand":[371],"product_brand":[],"product_cat":[219,239,257],"product_tag":[],"class_list":{"0":"post-11215","1":"product","2":"type-product","3":"status-publish","4":"has-post-thumbnail","6":"pwb-brand-tervisetooted-fi","7":"product_cat-hierontatarvikkeet","8":"product_cat-puolijalokivet","9":"product_cat-sauvat-ja-hierontakivet","11":"first","12":"instock","13":"shipping-taxable","14":"purchasable","15":"product-type-simple"},"acf":[],"brands":[{"id":371,"name":"Tervisetooted","slug":"tervisetooted-fi"}],"_links":{"self":[{"href":"https:\/\/tervisetoode.ee\/fi\/wp-json\/wp\/v2\/product\/11215","targetHints":{"allow":["GET"]}}],"collection":[{"href":"https:\/\/tervisetoode.ee\/fi\/wp-json\/wp\/v2\/product"}],"about":[{"href":"https:\/\/tervisetoode.ee\/fi\/wp-json\/wp\/v2\/types\/product"}],"replies":[{"embeddable":true,"href":"https:\/\/tervisetoode.ee\/fi\/wp-json\/wp\/v2\/comments?post=11215"}],"wp:featuredmedia":[{"embeddable":true,"href":"https:\/\/tervisetoode.ee\/fi\/wp-json\/wp\/v2\/media\/11129"}],"wp:attachment":[{"href":"https:\/\/tervisetoode.ee\/fi\/wp-json\/wp\/v2\/media?parent=11215"}],"wp:term":[{"taxonomy":"pwb-brand","embeddable":true,"href":"https:\/\/tervisetoode.ee\/fi\/wp-json\/wp\/v2\/pwb-brand?post=11215"},{"taxonomy":"product_brand","embeddable":true,"href":"https:\/\/tervisetoode.ee\/fi\/wp-json\/wp\/v2\/product_brand?post=11215"},{"taxonomy":"product_cat","embeddable":true,"href":"https:\/\/tervisetoode.ee\/fi\/wp-json\/wp\/v2\/product_cat?post=11215"},{"taxonomy":"product_tag","embeddable":true,"href":"https:\/\/tervisetoode.ee\/fi\/wp-json\/wp\/v2\/product_tag?post=11215"}],"curies":[{"name":"wp","href":"https:\/\/api.w.org\/{rel}","templated":true}]}}