{"id":11561,"date":"2022-03-02T11:26:25","date_gmt":"2016-12-11T20:10:36","guid":{"rendered":"https:\/\/tervisetoode.ee\/?post_type=product&#038;p=11561"},"modified":"2024-12-10T13:54:36","modified_gmt":"2024-12-10T13:54:36","slug":"aventuriini-vihrea-kiiltava","status":"publish","type":"product","link":"https:\/\/tervisetoode.ee\/fi\/toode\/aventuriini-vihrea-kiiltava\/","title":{"rendered":"Aventuriini vihre\u00e4, kiilt\u00e4v\u00e4 (3027)"},"content":{"rendered":"<h4>Aventuriini vihre\u00e4, kiilt\u00e4v\u00e4<\/h4>\n<p>Aventuriini vihre\u00e4 pit\u00e4\u00e4 sis\u00e4ll\u00e4\u00e4n kaikki aventuriinien perusominaisuudet. Se on lohduttava joka paikan parantaja ja harmonisoija. T\u00e4m\u00e4 kivi tuo hyv\u00e4\u00e4 oloa ja henkist\u00e4 rauhallisuutta. T\u00e4m\u00e4 kivi auttaa kertomaan t\u00e4sm\u00e4lleen, mik\u00e4 tekee sinut onnelliseksi, tai surulliseksi. T\u00e4m\u00e4 kivi\u00a0on eritt\u00e4in positiivinen. Aventuriinin imee itseens\u00e4 s\u00e4hk\u00f6magneettista s\u00e4teily\u00e4 ja suojaa ymp\u00e4rist\u00f6n saasteilta. Suojaa syd\u00e4nenergioita energiavampyyreilta ja tuo yhteen \u00e4lyn sek\u00e4 tunteen. T\u00e4m\u00e4 kivi tasoittaa mielentiloja ja tuo tietoisuuteen vaihtoehtoja ja mahdollisuuksia. Aventuriini auttaa tunnekehoa parantumaan ja kantajaansa el\u00e4m\u00e4\u00e4n omassa syd\u00e4mess\u00e4\u00e4n.<br \/>\nAventuriinissa on usein mukana my\u00f6s hematiittia, joka n\u00e4kyy kive\u00e4 k\u00e4\u00e4nnelless\u00e4 hopeisina \u201dhilein\u00e4\u201d. Se on syd\u00e4nchakran kivi, mutta hematiitin vuoksi my\u00f6s maadoittaa. Aventuriinin energia saattaa tuntua hieman raskaalle, mutta energioiden kiert\u00e4ess\u00e4 tehokkaasti, se tuo t\u00e4h\u00e4n tasoittavaa vaikutusta.<\/p>\n","protected":false},"excerpt":{"rendered":"<p>Aventuriini vihre\u00e4, kiilt\u00e4v\u00e4 Aventuriini vihre\u00e4 pit\u00e4\u00e4 sis\u00e4ll\u00e4\u00e4n kaikki aventuriinien perusominaisuudet. Se on lohduttava joka paikan parantaja ja harmonisoija. T\u00e4m\u00e4 kivi&#8230;<\/p>\n","protected":false},"featured_media":11441,"comment_status":"closed","ping_status":"closed","template":"","meta":{"_acf_changed":false},"pwb-brand":[],"product_brand":[],"product_cat":[239,272],"product_tag":[],"class_list":{"0":"post-11561","1":"product","2":"type-product","3":"status-publish","4":"has-post-thumbnail","6":"product_cat-puolijalokivet","7":"product_cat-hiotut-kivet","9":"first","10":"instock","11":"shipping-taxable","12":"purchasable","13":"product-type-simple"},"acf":[],"brands":[],"_links":{"self":[{"href":"https:\/\/tervisetoode.ee\/fi\/wp-json\/wp\/v2\/product\/11561","targetHints":{"allow":["GET"]}}],"collection":[{"href":"https:\/\/tervisetoode.ee\/fi\/wp-json\/wp\/v2\/product"}],"about":[{"href":"https:\/\/tervisetoode.ee\/fi\/wp-json\/wp\/v2\/types\/product"}],"replies":[{"embeddable":true,"href":"https:\/\/tervisetoode.ee\/fi\/wp-json\/wp\/v2\/comments?post=11561"}],"wp:featuredmedia":[{"embeddable":true,"href":"https:\/\/tervisetoode.ee\/fi\/wp-json\/wp\/v2\/media\/11441"}],"wp:attachment":[{"href":"https:\/\/tervisetoode.ee\/fi\/wp-json\/wp\/v2\/media?parent=11561"}],"wp:term":[{"taxonomy":"pwb-brand","embeddable":true,"href":"https:\/\/tervisetoode.ee\/fi\/wp-json\/wp\/v2\/pwb-brand?post=11561"},{"taxonomy":"product_brand","embeddable":true,"href":"https:\/\/tervisetoode.ee\/fi\/wp-json\/wp\/v2\/product_brand?post=11561"},{"taxonomy":"product_cat","embeddable":true,"href":"https:\/\/tervisetoode.ee\/fi\/wp-json\/wp\/v2\/product_cat?post=11561"},{"taxonomy":"product_tag","embeddable":true,"href":"https:\/\/tervisetoode.ee\/fi\/wp-json\/wp\/v2\/product_tag?post=11561"}],"curies":[{"name":"wp","href":"https:\/\/api.w.org\/{rel}","templated":true}]}}