{"id":11563,"date":"2016-10-02T03:16:58","date_gmt":"2016-12-11T20:53:56","guid":{"rendered":"https:\/\/tervisetoode.ee\/?post_type=product&#038;p=11563"},"modified":"2024-12-10T13:54:36","modified_gmt":"2024-12-10T13:54:36","slug":"leopard-jaspis","status":"publish","type":"product","link":"https:\/\/tervisetoode.ee\/fi\/toode\/leopard-jaspis\/","title":{"rendered":"Leopardijaspis, kiilt\u00e4v\u00e4 (1035)"},"content":{"rendered":"<h4>Leopardijaspis, kiilt\u00e4v\u00e4\u00a0(Meksiko)<\/h4>\n<p>Leopardijaspis hoitaa juurichakraa, syd\u00e4nkeskusta ja kruunuchakraa. Yhdist\u00e4\u00e4 kehon, mielen ja sielun toimimaan sopusoinnussa toisiaan tukien. Energeettinen ty\u00f6skentely: Pid\u00e4 kive\u00e4 chakrojen p\u00e4\u00e4ll\u00e4, silloin kivi p\u00e4ivitt\u00e4\u00e4 kehon muistia nyt jatkuvasti kohoavissa energioissa.<\/p>\n<p><b>Jaspis<\/b> on tiivist\u00e4, l\u00e4pin\u00e4kym\u00e4t\u00f6nt\u00e4 kalsedonia. Se on ep\u00e4puhtauksien, erityisesti rautaoksidin punaiseksi, vihre\u00e4ksi tai keltaiseksi v\u00e4rj\u00e4\u00e4m\u00e4 kivilaji. Jaspis on kvartsin muunnos, ja koostuu p\u00e4\u00e4asiassa silikaatista. Jaspis on my\u00f6s suosittu korukivi.<\/p>\n<p>Jaspiksen nimi tarkoittaa &#8221;pilkullista kive\u00e4&#8221;, ja se juontuu latinan sanasta iaspis ja kreikan sanasta \u1f34\u03b1\u03c3\u03c0\u03b9\u03c2 (iaspis). N\u00e4iden juurena ovat seemil\u00e4iset kielet, esimerkiksi heprean \u05d9\u05d5\u05e9\u05e4\u05d4 yushphah ja akkadin yashupu.<\/p>\n<p>Vihre\u00e4\u00e4 jaspista k\u00e4ytettiin Mehrgarhissa 4000\u20133000 -luvuilla eaa. poran teriss\u00e4. Minolaisella Kreetalla jaspiksesta kaiverrettiin sinettej\u00e4 noin 1800 eaa., kuten Knossoksen kaivaukset osoittavat. Ylip\u00e4\u00e4t\u00e4\u00e4n jaspis on ollut suosittu korukivi muinaisessa maailmassa.<\/p>\n<p>Vaikka jaspis nyky\u00e4\u00e4n tarkoittaa ainoastaan opaakkia kvartsia, oli termin k\u00e4ytt\u00f6 l\u00f6yhemp\u00e4\u00e4 menneisyydess\u00e4. Muinainen jaspis on ollut usein vihre\u00e4\u00e4, sill\u00e4 sit\u00e4 on verrattu smaragdeihin ja muihin vihreisiin asioihin. Nibelungenliediss\u00e4 jaspis mainitaan kirkkaana ja vihre\u00e4n\u00e4. Muinaisissa l\u00e4hteiss\u00e4 mainittu jaspis onkin todenn\u00e4k\u00f6isesti k\u00e4sitt\u00e4nyt muitakin kalsedoniin kuuluvia kivi\u00e4.<\/p>\n","protected":false},"excerpt":{"rendered":"<p>Leopardijaspis, kiilt\u00e4v\u00e4\u00a0(Meksiko) Leopardijaspis hoitaa juurichakraa, syd\u00e4nkeskusta ja kruunuchakraa. Yhdist\u00e4\u00e4 kehon, mielen ja sielun toimimaan sopusoinnussa toisiaan tukien. Energeettinen ty\u00f6skentely: Pid\u00e4&#8230;<\/p>\n","protected":false},"featured_media":10955,"comment_status":"closed","ping_status":"closed","template":"","meta":{"_acf_changed":false},"pwb-brand":[],"product_brand":[],"product_cat":[239,272],"product_tag":[],"class_list":{"0":"post-11563","1":"product","2":"type-product","3":"status-publish","4":"has-post-thumbnail","6":"product_cat-puolijalokivet","7":"product_cat-hiotut-kivet","9":"first","10":"instock","11":"shipping-taxable","12":"purchasable","13":"product-type-simple"},"acf":[],"brands":[],"_links":{"self":[{"href":"https:\/\/tervisetoode.ee\/fi\/wp-json\/wp\/v2\/product\/11563","targetHints":{"allow":["GET"]}}],"collection":[{"href":"https:\/\/tervisetoode.ee\/fi\/wp-json\/wp\/v2\/product"}],"about":[{"href":"https:\/\/tervisetoode.ee\/fi\/wp-json\/wp\/v2\/types\/product"}],"replies":[{"embeddable":true,"href":"https:\/\/tervisetoode.ee\/fi\/wp-json\/wp\/v2\/comments?post=11563"}],"wp:featuredmedia":[{"embeddable":true,"href":"https:\/\/tervisetoode.ee\/fi\/wp-json\/wp\/v2\/media\/10955"}],"wp:attachment":[{"href":"https:\/\/tervisetoode.ee\/fi\/wp-json\/wp\/v2\/media?parent=11563"}],"wp:term":[{"taxonomy":"pwb-brand","embeddable":true,"href":"https:\/\/tervisetoode.ee\/fi\/wp-json\/wp\/v2\/pwb-brand?post=11563"},{"taxonomy":"product_brand","embeddable":true,"href":"https:\/\/tervisetoode.ee\/fi\/wp-json\/wp\/v2\/product_brand?post=11563"},{"taxonomy":"product_cat","embeddable":true,"href":"https:\/\/tervisetoode.ee\/fi\/wp-json\/wp\/v2\/product_cat?post=11563"},{"taxonomy":"product_tag","embeddable":true,"href":"https:\/\/tervisetoode.ee\/fi\/wp-json\/wp\/v2\/product_tag?post=11563"}],"curies":[{"name":"wp","href":"https:\/\/api.w.org\/{rel}","templated":true}]}}