{"id":11915,"date":"2017-03-05T10:00:25","date_gmt":"2017-03-05T10:00:25","guid":{"rendered":"https:\/\/tervisetoode.ee\/?post_type=product&#038;p=11915"},"modified":"2024-12-10T13:54:59","modified_gmt":"2024-12-10T13:54:59","slug":"tervaskanto-tervashampoo-250ml","status":"publish","type":"product","link":"https:\/\/tervisetoode.ee\/fi\/toode\/tervaskanto-tervashampoo-250ml\/","title":{"rendered":"Tervaskanto TERVASHAMPOO 250ml (489)"},"content":{"rendered":"<h4>Tervaskanto TERVASHAMPOO\u00a0250ml<\/h4>\n<p>Perinteinen tervashampoo pesee hiukset luontoyst\u00e4v\u00e4llisesti, hennon tervan tuoksun saattelemana. Shampoo rauhoittaa \u00e4rtynytt\u00e4 ihoa, sopii erityisen hyvin kutiavalle ja kuivalle hiuspohjalle. V\u00e4hent\u00e4\u00e4 hilseen muodostumista. Tervashampoo on valmistettu puhtaista luonnon raaka-aineista, kuten kotimaisesta maahautatervasta. Biohajoava<\/p>\n<p>36,40 \u20ac\/L<\/p>\n<p>&nbsp;<\/p>\n<p>&nbsp;<\/p>\n<p>&nbsp;<\/p>\n","protected":false},"excerpt":{"rendered":"<p>250ml<\/p>\n<p>Ingredients: Aqua, Sodium Laureth Sulfate, Cocamidopropyl Betaine, Disodium Laureth Sulfosuccinate, PEG-9 Cocoglycerides, Propylene Glycol, Sodium chloride , Pine tar, Kalium sorbate, Phenoxyethanol<\/p>\n","protected":false},"featured_media":8920,"comment_status":"closed","ping_status":"closed","template":"","meta":{"_acf_changed":false},"pwb-brand":[370],"product_brand":[],"product_cat":[216],"product_tag":[],"class_list":{"0":"post-11915","1":"product","2":"type-product","3":"status-publish","4":"has-post-thumbnail","6":"pwb-brand-tervaskanto-fi","7":"product_cat-hygieniatuotteet","9":"first","10":"instock","11":"shipping-taxable","12":"purchasable","13":"product-type-simple"},"acf":[],"brands":[{"id":370,"name":"Tervaskanto","slug":"tervaskanto-fi"}],"_links":{"self":[{"href":"https:\/\/tervisetoode.ee\/fi\/wp-json\/wp\/v2\/product\/11915","targetHints":{"allow":["GET"]}}],"collection":[{"href":"https:\/\/tervisetoode.ee\/fi\/wp-json\/wp\/v2\/product"}],"about":[{"href":"https:\/\/tervisetoode.ee\/fi\/wp-json\/wp\/v2\/types\/product"}],"replies":[{"embeddable":true,"href":"https:\/\/tervisetoode.ee\/fi\/wp-json\/wp\/v2\/comments?post=11915"}],"wp:featuredmedia":[{"embeddable":true,"href":"https:\/\/tervisetoode.ee\/fi\/wp-json\/wp\/v2\/media\/8920"}],"wp:attachment":[{"href":"https:\/\/tervisetoode.ee\/fi\/wp-json\/wp\/v2\/media?parent=11915"}],"wp:term":[{"taxonomy":"pwb-brand","embeddable":true,"href":"https:\/\/tervisetoode.ee\/fi\/wp-json\/wp\/v2\/pwb-brand?post=11915"},{"taxonomy":"product_brand","embeddable":true,"href":"https:\/\/tervisetoode.ee\/fi\/wp-json\/wp\/v2\/product_brand?post=11915"},{"taxonomy":"product_cat","embeddable":true,"href":"https:\/\/tervisetoode.ee\/fi\/wp-json\/wp\/v2\/product_cat?post=11915"},{"taxonomy":"product_tag","embeddable":true,"href":"https:\/\/tervisetoode.ee\/fi\/wp-json\/wp\/v2\/product_tag?post=11915"}],"curies":[{"name":"wp","href":"https:\/\/api.w.org\/{rel}","templated":true}]}}