{"id":12155,"date":"2017-09-14T20:07:19","date_gmt":"2017-09-14T20:07:19","guid":{"rendered":"https:\/\/tervisetoode.ee\/?post_type=product&#038;p=12155"},"modified":"2024-12-10T13:55:13","modified_gmt":"2024-12-10T13:55:13","slug":"kuukautiskuppi-yuuki","status":"publish","type":"product","link":"https:\/\/tervisetoode.ee\/fi\/toode\/kuukautiskuppi-yuuki\/","title":{"rendered":"Kuukautiskuppi Yuuki Eco Classic &#8211; L koko"},"content":{"rendered":"<h4 style=\"background: white; margin: 6.0pt 0cm 6.0pt 0cm;\">Kuukautiskuppi Yuuki Eco Classic &#8211; L koko<\/h4>\n<p style=\"background: white; margin: 6.0pt 0cm 6.0pt 0cm;\"><b><span style=\"font-size: 10.5pt; font-family: 'Arial','sans-serif';\">Kuukautiskuppi<\/span><\/b><span style=\"font-size: 10.5pt; font-family: 'Arial','sans-serif';\">\u00a0 on\u00a0<span style=\"color: windowtext; text-decoration: none; text-underline: none;\">kupin<\/span>\u00a0muotoinen kuukautissuoja. Se sijoitetaan\u00a0<span style=\"color: windowtext; text-decoration: none; text-underline: none;\">kuukautisten<\/span>\u00a0aikana naisen\u00a0<span style=\"color: windowtext; text-decoration: none; text-underline: none;\">em\u00e4ttimeen<\/span>\u00a0kuukautisvuodon ker\u00e4\u00e4miseksi. Kuukupin kanssa voi liikkua ja uida vapaasti.<\/span><\/p>\n<p style=\"background: white; margin: 6.0pt 0cm 6.0pt 0cm;\">L &#8211; koko sopii naisille, jotka ovat synnytt\u00e4neet.<\/p>\n<p style=\"background: white; line-height: inherit; font-variant-ligatures: normal; font-variant-caps: normal; orphans: 2; text-align: start; widows: 2; -webkit-text-stroke-width: 0px; text-decoration-style: initial; text-decoration-color: initial; word-spacing: 0px; margin: 6.0pt 0cm 6.0pt 0cm;\"><span style=\"font-size: 10.5pt; font-family: 'Arial','sans-serif';\">Kuppi tyhjennet\u00e4\u00e4n yleens\u00e4 vain kaksi kertaa p\u00e4iv\u00e4ss\u00e4, aamulla ja illalla, mutta runsaammilla kuukautisilla on suositeltavaa tyhjent\u00e4\u00e4 useammin. Kuukautiskupin sis\u00e4lt\u00f6 tyhjennet\u00e4\u00e4n lavuaariin tai vessanp\u00f6ntt\u00f6\u00f6n ja sitten kuppi pest\u00e4\u00e4n joko sille sopivan ph-arvon omaavalla pesunesteell\u00e4 l\u00e4mpim\u00e4n veden kanssa tai vain vedell\u00e4.<\/span><\/p>\n<p style=\"background: white; line-height: inherit; font-variant-ligatures: normal; font-variant-caps: normal; orphans: 2; text-align: start; widows: 2; -webkit-text-stroke-width: 0px; text-decoration-style: initial; text-decoration-color: initial; word-spacing: 0px; margin: 6.0pt 0cm 6.0pt 0cm;\"><span style=\"font-size: 10.5pt; font-family: 'Arial','sans-serif';\">Kuukautiskuppi sopii kaikenik\u00e4isille ja siit\u00e4 on erilaisia kokovaihtoehtoja. Pienemm\u00e4t koot on suunnattu synnytt\u00e4m\u00e4tt\u00f6mille ja\/tai niukoille\/normaaleille kuukautisille ja suuremmat koot synnytt\u00e4neille ja\/tai runsaammille kuukautisille.<\/span><\/p>\n<p style=\"background: white; line-height: inherit; font-variant-ligatures: normal; font-variant-caps: normal; orphans: 2; text-align: start; widows: 2; -webkit-text-stroke-width: 0px; text-decoration-style: initial; text-decoration-color: initial; word-spacing: 0px; margin: 6.0pt 0cm 6.0pt 0cm;\"><span style=\"font-size: 10.5pt; font-family: 'Arial','sans-serif';\">Kuppi on valmistettu\u00a0<span style=\"color: windowtext; text-decoration: none; text-underline: none;\">silikonista<\/span>. Se on uudelleenk\u00e4ytett\u00e4v\u00e4, ja se kest\u00e4\u00e4 oikein k\u00e4ytettyn\u00e4 ja hoidettuna jopa kymmenen vuotta.\u00a0<\/span><\/p>\n<p style=\"background: white; margin: 6.0pt 0cm 6.0pt 0cm;\"><span style=\"font-size: 10.5pt; font-family: 'Arial','sans-serif'; background: white;\">Yh\u00e4 useammat naiset etsiv\u00e4t vaihtoehtoja nimekk\u00e4ille kertak\u00e4ytt\u00f6isille tamponeille ja kuukautissiteille (terveydellisist\u00e4, ymp\u00e4rist\u00f6-, taloudellisuus- tai k\u00e4yt\u00e4nn\u00f6n syist\u00e4).<\/span><\/p>\n","protected":false},"excerpt":{"rendered":"<p>Kuukautiskuppi Yuuki Eco Classic &#8211; L koko Kuukautiskuppi\u00a0 on\u00a0kupin\u00a0muotoinen kuukautissuoja. Se sijoitetaan\u00a0kuukautisten\u00a0aikana naisen\u00a0em\u00e4ttimeen\u00a0kuukautisvuodon ker\u00e4\u00e4miseksi. Kuukupin kanssa voi liikkua ja uida&#8230;<\/p>\n","protected":false},"featured_media":12156,"comment_status":"closed","ping_status":"closed","template":"","meta":{"_acf_changed":false},"pwb-brand":[372],"product_brand":[],"product_cat":[216,251],"product_tag":[],"class_list":{"0":"post-12155","1":"product","2":"type-product","3":"status-publish","4":"has-post-thumbnail","6":"pwb-brand-yuuki-fi","7":"product_cat-hygieniatuotteet","8":"product_cat-kuukautiskuppi","10":"first","11":"instock","12":"shipping-taxable","13":"purchasable","14":"product-type-simple"},"acf":[],"brands":[{"id":372,"name":"YUUKI","slug":"yuuki-fi"}],"_links":{"self":[{"href":"https:\/\/tervisetoode.ee\/fi\/wp-json\/wp\/v2\/product\/12155","targetHints":{"allow":["GET"]}}],"collection":[{"href":"https:\/\/tervisetoode.ee\/fi\/wp-json\/wp\/v2\/product"}],"about":[{"href":"https:\/\/tervisetoode.ee\/fi\/wp-json\/wp\/v2\/types\/product"}],"replies":[{"embeddable":true,"href":"https:\/\/tervisetoode.ee\/fi\/wp-json\/wp\/v2\/comments?post=12155"}],"wp:featuredmedia":[{"embeddable":true,"href":"https:\/\/tervisetoode.ee\/fi\/wp-json\/wp\/v2\/media\/12156"}],"wp:attachment":[{"href":"https:\/\/tervisetoode.ee\/fi\/wp-json\/wp\/v2\/media?parent=12155"}],"wp:term":[{"taxonomy":"pwb-brand","embeddable":true,"href":"https:\/\/tervisetoode.ee\/fi\/wp-json\/wp\/v2\/pwb-brand?post=12155"},{"taxonomy":"product_brand","embeddable":true,"href":"https:\/\/tervisetoode.ee\/fi\/wp-json\/wp\/v2\/product_brand?post=12155"},{"taxonomy":"product_cat","embeddable":true,"href":"https:\/\/tervisetoode.ee\/fi\/wp-json\/wp\/v2\/product_cat?post=12155"},{"taxonomy":"product_tag","embeddable":true,"href":"https:\/\/tervisetoode.ee\/fi\/wp-json\/wp\/v2\/product_tag?post=12155"}],"curies":[{"name":"wp","href":"https:\/\/api.w.org\/{rel}","templated":true}]}}