{"id":12162,"date":"2017-09-14T19:12:45","date_gmt":"2017-09-14T19:12:45","guid":{"rendered":"https:\/\/tervisetoode.ee\/?post_type=product&#038;p=12162"},"modified":"2024-12-10T13:55:14","modified_gmt":"2024-12-10T13:55:14","slug":"kuukautiskuppi-yuuki-soft-l-koko-desinfiointilaatikko","status":"publish","type":"product","link":"https:\/\/tervisetoode.ee\/fi\/toode\/kuukautiskuppi-yuuki-soft-l-koko-desinfiointilaatikko\/","title":{"rendered":"Kuukautiskuppi Yuuki Soft \u2013 S koko + desinfiointilaatikko"},"content":{"rendered":"<h4>Kuukautiskuppi Yuuki Soft\u00a0\u2013 S koko + desinfiointilaatikko<\/h4>\n<p><b>Kuukautiskuppi<\/b>\u00a0 on\u00a0kupin\u00a0muotoinen kuukautissuoja. Se sijoitetaan\u00a0kuukautisten\u00a0aikana naisen\u00a0em\u00e4ttimeen\u00a0kuukautisvuodon ker\u00e4\u00e4miseksi. Kuukupin kanssa voi liikkua ja uida vapaasti.<\/p>\n<p>S &#8211; suurus sobib\u00a0naistele, kes ei ole s\u00fcnnitanud.<\/p>\n<p>Kuppi tyhjennet\u00e4\u00e4n yleens\u00e4 vain kaksi kertaa p\u00e4iv\u00e4ss\u00e4, aamulla ja illalla, mutta runsaammilla kuukautisilla on suositeltavaa tyhjent\u00e4\u00e4 useammin. Kuukautiskupin sis\u00e4lt\u00f6 tyhjennet\u00e4\u00e4n lavuaariin tai vessanp\u00f6ntt\u00f6\u00f6n ja sitten kuppi pest\u00e4\u00e4n joko sille sopivan ph-arvon omaavalla pesunesteell\u00e4 l\u00e4mpim\u00e4n veden kanssa tai vain vedell\u00e4.<\/p>\n<p>Kuukautiskuppi sopii kaikenik\u00e4isille ja siit\u00e4 on erilaisia kokovaihtoehtoja. Pienemm\u00e4t koot on suunnattu synnytt\u00e4m\u00e4tt\u00f6mille ja\/tai niukoille\/normaaleille kuukautisille ja suuremmat koot synnytt\u00e4neille ja\/tai runsaammille kuukautisille.<\/p>\n<p>Kuppi on valmistettu\u00a0silikonista. Se on uudelleenk\u00e4ytett\u00e4v\u00e4, ja se kest\u00e4\u00e4 oikein k\u00e4ytettyn\u00e4 ja hoidettuna jopa kymmenen vuotta.<\/p>\n<p>Yh\u00e4 useammat naiset etsiv\u00e4t vaihtoehtoja nimekk\u00e4ille kertak\u00e4ytt\u00f6isille tamponeille ja kuukautissiteille (terveydellisist\u00e4, ymp\u00e4rist\u00f6-, taloudellisuus- tai k\u00e4yt\u00e4nn\u00f6n syist\u00e4).<\/p>\n","protected":false},"excerpt":{"rendered":"<p>Kuukautiskuppi Yuuki Soft\u00a0\u2013 S koko + desinfiointilaatikko Kuukautiskuppi\u00a0 on\u00a0kupin\u00a0muotoinen kuukautissuoja. Se sijoitetaan\u00a0kuukautisten\u00a0aikana naisen\u00a0em\u00e4ttimeen\u00a0kuukautisvuodon ker\u00e4\u00e4miseksi. Kuukupin kanssa voi liikkua ja uida&#8230;<\/p>\n","protected":false},"featured_media":12152,"comment_status":"closed","ping_status":"closed","template":"","meta":{"_acf_changed":false},"pwb-brand":[372],"product_brand":[],"product_cat":[216,251],"product_tag":[],"class_list":{"0":"post-12162","1":"product","2":"type-product","3":"status-publish","4":"has-post-thumbnail","6":"pwb-brand-yuuki-fi","7":"product_cat-hygieniatuotteet","8":"product_cat-kuukautiskuppi","10":"first","11":"instock","12":"shipping-taxable","13":"purchasable","14":"product-type-simple"},"acf":[],"brands":[{"id":372,"name":"YUUKI","slug":"yuuki-fi"}],"_links":{"self":[{"href":"https:\/\/tervisetoode.ee\/fi\/wp-json\/wp\/v2\/product\/12162","targetHints":{"allow":["GET"]}}],"collection":[{"href":"https:\/\/tervisetoode.ee\/fi\/wp-json\/wp\/v2\/product"}],"about":[{"href":"https:\/\/tervisetoode.ee\/fi\/wp-json\/wp\/v2\/types\/product"}],"replies":[{"embeddable":true,"href":"https:\/\/tervisetoode.ee\/fi\/wp-json\/wp\/v2\/comments?post=12162"}],"wp:featuredmedia":[{"embeddable":true,"href":"https:\/\/tervisetoode.ee\/fi\/wp-json\/wp\/v2\/media\/12152"}],"wp:attachment":[{"href":"https:\/\/tervisetoode.ee\/fi\/wp-json\/wp\/v2\/media?parent=12162"}],"wp:term":[{"taxonomy":"pwb-brand","embeddable":true,"href":"https:\/\/tervisetoode.ee\/fi\/wp-json\/wp\/v2\/pwb-brand?post=12162"},{"taxonomy":"product_brand","embeddable":true,"href":"https:\/\/tervisetoode.ee\/fi\/wp-json\/wp\/v2\/product_brand?post=12162"},{"taxonomy":"product_cat","embeddable":true,"href":"https:\/\/tervisetoode.ee\/fi\/wp-json\/wp\/v2\/product_cat?post=12162"},{"taxonomy":"product_tag","embeddable":true,"href":"https:\/\/tervisetoode.ee\/fi\/wp-json\/wp\/v2\/product_tag?post=12162"}],"curies":[{"name":"wp","href":"https:\/\/api.w.org\/{rel}","templated":true}]}}