{"id":12443,"date":"2018-07-13T20:54:08","date_gmt":"2018-07-13T20:54:08","guid":{"rendered":"https:\/\/tervisetoode.ee\/?post_type=product&#038;p=12443"},"modified":"2024-12-10T13:55:34","modified_gmt":"2024-12-10T13:55:34","slug":"onnenkissa-valkoinen","status":"publish","type":"product","link":"https:\/\/tervisetoode.ee\/fi\/toode\/onnenkissa-valkoinen\/","title":{"rendered":"Onnenkissa valkoinen, 13,5cm"},"content":{"rendered":"<h4>Onnenkissa valkoinen, 13,5cm<\/h4>\n<h1><span style=\"color: #ff0000;\">-40%<\/span><\/h1>\n<p>It\u00e4mainen valkoinen onnenkissa, joka heiluttaa k\u00e4p\u00e4l\u00e4\u00e4.\u00a0L\u00e4nsimaissa k\u00e4p\u00e4l\u00e4n heiluttaminen vaikuttaa tervehtimiselt\u00e4 tai hyv\u00e4stij\u00e4t\u00f6lt\u00e4, mutta Aasian kulttuureissa se ymm\u00e4rret\u00e4\u00e4n luokseen kutsumiseksi tai pyyt\u00e4miseksi.\u00a0Onnenkissaa pidet\u00e4\u00e4n Aasiassa vaurauden vertauskuvana, onnen symbolina sek\u00e4 liiketoiminnan suojelijana. Onnenkissa asetetaan n\u00e4kyville niin, ett\u00e4 sis\u00e4\u00e4ntulijat huomaavat sen.<\/p>\n<p>Pakkumine 06.12-02.01.2025<\/p>\n","protected":false},"excerpt":{"rendered":"<p>Onnenkissa valkoinen, 13,5cm -40% It\u00e4mainen valkoinen onnenkissa, joka heiluttaa k\u00e4p\u00e4l\u00e4\u00e4.\u00a0L\u00e4nsimaissa k\u00e4p\u00e4l\u00e4n heiluttaminen vaikuttaa tervehtimiselt\u00e4 tai hyv\u00e4stij\u00e4t\u00f6lt\u00e4, mutta Aasian kulttuureissa se&#8230;<\/p>\n","protected":false},"featured_media":12442,"comment_status":"closed","ping_status":"closed","template":"","meta":{"_acf_changed":false},"pwb-brand":[],"product_brand":[],"product_cat":[239],"product_tag":[],"class_list":{"0":"post-12443","1":"product","2":"type-product","3":"status-publish","4":"has-post-thumbnail","6":"product_cat-puolijalokivet","8":"first","9":"instock","10":"shipping-taxable","11":"purchasable","12":"product-type-simple"},"acf":[],"brands":[],"_links":{"self":[{"href":"https:\/\/tervisetoode.ee\/fi\/wp-json\/wp\/v2\/product\/12443","targetHints":{"allow":["GET"]}}],"collection":[{"href":"https:\/\/tervisetoode.ee\/fi\/wp-json\/wp\/v2\/product"}],"about":[{"href":"https:\/\/tervisetoode.ee\/fi\/wp-json\/wp\/v2\/types\/product"}],"replies":[{"embeddable":true,"href":"https:\/\/tervisetoode.ee\/fi\/wp-json\/wp\/v2\/comments?post=12443"}],"wp:featuredmedia":[{"embeddable":true,"href":"https:\/\/tervisetoode.ee\/fi\/wp-json\/wp\/v2\/media\/12442"}],"wp:attachment":[{"href":"https:\/\/tervisetoode.ee\/fi\/wp-json\/wp\/v2\/media?parent=12443"}],"wp:term":[{"taxonomy":"pwb-brand","embeddable":true,"href":"https:\/\/tervisetoode.ee\/fi\/wp-json\/wp\/v2\/pwb-brand?post=12443"},{"taxonomy":"product_brand","embeddable":true,"href":"https:\/\/tervisetoode.ee\/fi\/wp-json\/wp\/v2\/product_brand?post=12443"},{"taxonomy":"product_cat","embeddable":true,"href":"https:\/\/tervisetoode.ee\/fi\/wp-json\/wp\/v2\/product_cat?post=12443"},{"taxonomy":"product_tag","embeddable":true,"href":"https:\/\/tervisetoode.ee\/fi\/wp-json\/wp\/v2\/product_tag?post=12443"}],"curies":[{"name":"wp","href":"https:\/\/api.w.org\/{rel}","templated":true}]}}