{"id":12454,"date":"2018-07-31T18:31:16","date_gmt":"2018-07-31T18:31:16","guid":{"rendered":"https:\/\/tervisetoode.ee\/?post_type=product&#038;p=12454"},"modified":"2024-12-10T13:55:35","modified_gmt":"2024-12-10T13:55:35","slug":"magnesiitti-turkoosi-1038","status":"publish","type":"product","link":"https:\/\/tervisetoode.ee\/fi\/toode\/magnesiitti-turkoosi-1038\/","title":{"rendered":"Magnesiitti turkoosi 1tk(1038)"},"content":{"rendered":"<h4>Magnesiitti turkoosi (1038), 1tk<\/h4>\n<p style=\"text-align: justify;\">Syv\u00e4n rauhan meditaatioon ja rentoutumiseen tuova magnesiitti auttaa tunnistamaan alitajuisia ajatuksia sek\u00e4 tuomaan pintaan mahdollisia itsepetoksen muotoja. Fyysisell\u00e4 tasolla magnesiitti liitet\u00e4\u00e4n muun muassa luihin ja hampaisiin sek\u00e4 p\u00e4\u00e4ns\u00e4rkyihin.<br \/>\nSyd\u00e4nchakran ylle asetettuna magnesiitti avaa syd\u00e4nkeskusta ja kohottaa syd\u00e4mellist\u00e4 rakkautta, my\u00f6s omaa itse\u00e4\u00e4n kohtaan.<\/p>\n<p style=\"text-align: justify;\">Turkoosi on l\u00e4pin\u00e4kym\u00e4t\u00f6n, kupari- ja vesipitoinen fosfaattimineraali, jota esiintyy vahvasti alumiinipitoisten kivien raoissa ja onteloissa. Kiven nimi on per\u00e4isin ranskankielest\u00e4 ja tarkoittaa turkkilaista (turquoise) viitaten Turkin basaareihin, joista venetsialaiset kauppiaat toivat kive\u00e4 Eurooppaan.<\/p>\n<p style=\"text-align: justify;\">Yst\u00e4vyytt\u00e4 kohottavan turkoosin suojelevat voimat helpottavat henkist\u00e4 viritt\u00e4ytymist\u00e4 ja rentoutumista sek\u00e4 auttavat l\u00f6yt\u00e4m\u00e4\u00e4n oman, todellisen el\u00e4m\u00e4ntarkoituksen. Turkoosi on puhdistautumisen kivi, joka fyysisell\u00e4 tasolla liitet\u00e4\u00e4n vahvasti keuhkoihin ja hengitystiehyeisiin.<\/p>\n","protected":false},"excerpt":{"rendered":"<p>1tk<\/p>\n","protected":false},"featured_media":11717,"comment_status":"closed","ping_status":"closed","template":"","meta":{"_acf_changed":false},"pwb-brand":[],"product_brand":[],"product_cat":[201],"product_tag":[],"class_list":{"0":"post-12454","1":"product","2":"type-product","3":"status-publish","4":"has-post-thumbnail","6":"product_cat-kristallid-ja-poolvaariskivid","8":"first","9":"instock","10":"shipping-taxable","11":"purchasable","12":"product-type-simple"},"acf":[],"brands":[],"_links":{"self":[{"href":"https:\/\/tervisetoode.ee\/fi\/wp-json\/wp\/v2\/product\/12454","targetHints":{"allow":["GET"]}}],"collection":[{"href":"https:\/\/tervisetoode.ee\/fi\/wp-json\/wp\/v2\/product"}],"about":[{"href":"https:\/\/tervisetoode.ee\/fi\/wp-json\/wp\/v2\/types\/product"}],"replies":[{"embeddable":true,"href":"https:\/\/tervisetoode.ee\/fi\/wp-json\/wp\/v2\/comments?post=12454"}],"wp:featuredmedia":[{"embeddable":true,"href":"https:\/\/tervisetoode.ee\/fi\/wp-json\/wp\/v2\/media\/11717"}],"wp:attachment":[{"href":"https:\/\/tervisetoode.ee\/fi\/wp-json\/wp\/v2\/media?parent=12454"}],"wp:term":[{"taxonomy":"pwb-brand","embeddable":true,"href":"https:\/\/tervisetoode.ee\/fi\/wp-json\/wp\/v2\/pwb-brand?post=12454"},{"taxonomy":"product_brand","embeddable":true,"href":"https:\/\/tervisetoode.ee\/fi\/wp-json\/wp\/v2\/product_brand?post=12454"},{"taxonomy":"product_cat","embeddable":true,"href":"https:\/\/tervisetoode.ee\/fi\/wp-json\/wp\/v2\/product_cat?post=12454"},{"taxonomy":"product_tag","embeddable":true,"href":"https:\/\/tervisetoode.ee\/fi\/wp-json\/wp\/v2\/product_tag?post=12454"}],"curies":[{"name":"wp","href":"https:\/\/api.w.org\/{rel}","templated":true}]}}