{"id":12886,"date":"2016-05-05T22:39:23","date_gmt":"2018-12-11T23:47:29","guid":{"rendered":"https:\/\/tervisetoode.ee\/?post_type=product&#038;p=12886"},"modified":"2024-12-10T13:56:02","modified_gmt":"2024-12-10T13:56:02","slug":"shungiiti-pyramidi-laadikossa","status":"publish","type":"product","link":"https:\/\/tervisetoode.ee\/fi\/toode\/shungiiti-pyramidi-laadikossa\/","title":{"rendered":"Shungiiti pyramidi-laadikossa"},"content":{"rendered":"<h4>Shungiiti pyramidi-laadikossa<\/h4>\n<p>Shungiitti puhdistaa veden k\u00e4yt\u00e4nn\u00f6llisesti kaikista orgaanisista aineista, mukaan lukien \u00f6ljyst\u00e4 ja pestisiitist\u00e4, monista metalleista ja ep\u00e4metalleista, bakteereista ja mikrobeista. Vuonna 1991 ruvettiin valmistamaan shungiittisia suodattimia veden puhdistamista varten. K\u00e4ytt\u00e4m\u00e4ll\u00e4 t\u00e4llaista vett\u00e4 juomaveten\u00e4 ja ruoanlaitossa, sairaat parantuivat kroonisesta mahakatarrista, mahahaavoista, sappiteiden ja haiman sairauksista, sappirakon tulehduksesta, korkeasta verenpaineesta, munuaiskivist\u00e4, sepelvaltimotaudista, parodontiitista, erilaisista allergioista, jopa ekseemasta \u2013 ja t\u00e4t\u00e4 kaikkea juuri shungiittisuodattimella puhdistetun veden k\u00e4ytt\u00e4misen j\u00e4lkeen.<\/p>\n<p>Veden ominaisuuksien parantamiseksi t\u00e4ytyy vesiastiaan laittaa pari sataa grammaa juoksevalla vedell\u00e4 huuhdelettua shungiittia ja sen j\u00e4lkeen kaataa siihen 2-3 litraa vett\u00e4. Jos vesi loppuu, sit\u00e4 tulee lis\u00e4t\u00e4 astiaan. Kiven voi puhdistaa suolalla tai soodalla.<\/p>\n<p>Maaseudulla riitt\u00e4\u00e4, ett\u00e4 tiputetaan 30-60 kg shungiittimurskaa kaivoon sen puhdistamiseksi bakteeriper\u00e4isest\u00e4 saastumisesta, nitraateista, \u00f6ljytuotteista, metalleista sek\u00e4 veden molekyylien j\u00e4sent\u00e4miseksi parantavaan muotoon.<\/p>\n<p>Vesi, jota on k\u00e4sitelty shungiittisuodattimella, vaikuttaa elimist\u00f6\u00f6n vahvistavasti ja nuorentavasti; kasvojen iho puhdistuu, rypyt pienenev\u00e4t, iho muuttuu elastiseksi ja kimmoisaksi. T\u00e4llainen vesi vahvistaa hiusjuuria, v\u00e4hent\u00e4\u00e4 hilsett\u00e4 ja antaa hiuksille terveen kiillon. Shungiittivesi auttaa munuais-, maksa- ja sappirakkosairauksiin, helpottaa n\u00e4r\u00e4styst\u00e4, auttaa ruuansulatuskanavien, luuston ja lihaksien sek\u00e4 vegetatiivisen hermoston h\u00e4iri\u00f6ihin. Pienent\u00e4\u00e4 allergisia reaktioita ja parantaa elimist\u00f6n yleist\u00e4 j\u00e4nteytt\u00e4.<\/p>\n<p>Karjalan Shungiitti sijaitse maankuoren muinaisimmissa osissa, joiden ik\u00e4 ylitt\u00e4\u00e4 kaksi miljardia vuotta, eli ne ovat silt\u00e4 aikakaudelta kun planeetallamme ei ollut nykyp\u00e4iv\u00e4n merkityksess\u00e4 orgaanista el\u00e4m\u00e4\u00e4. Shungiittien todellinen alkuper\u00e4 on toistaiseksi tuntematon. Yhden hypoteesin mukaan shungiitit ovat aurinkokunnassamme olleen Phaeton planeetan j\u00e4\u00e4nn\u00f6kset. Niiden korkea fullereenipitoisuus antaa mahdollisuuden olettaa, ett\u00e4 ne ovat kosmista alkuper\u00e4\u00e4. Samankaltaisia maan ulkopuolisia fullereeneja on l\u00f6ydetty meteoriiteista. Fullereenien l\u00f6yt\u00e4misen t\u00e4rkeytt\u00e4 ilment\u00e4\u00e4 se, ett\u00e4 englantilaiselle tutkijaryhm\u00e4lle my\u00f6nnettiin vuonna 1996 Nobel-palkinto.<\/p>\n<p>Nyky\u00e4\u00e4n keinotekoisesti syntesoitujen fullereenien k\u00e4ytt\u00f6 on rajallista eritt\u00e4in suurien kustannuksien vuoksi, jonka takia niit\u00e4 k\u00e4ytet\u00e4\u00e4n p\u00e4\u00e4asiassa korkean teknologian aloilla: avaruudessa, l\u00e4\u00e4ketieteess\u00e4, tietokoneissa.<\/p>\n<p>Luonnon fullereenien l\u00f6yt\u00e4minen Karjalan shungiitist\u00e4 osoittautui todelliseksi sensaatioksi. Se on maailman ainoa l\u00f6yt\u00f6paikka.<\/p>\n<p>T\u00e4h\u00e4n menness\u00e4 fullereeneja on l\u00f6ydetty luonnollisten mineraalien joukosta ainoastaan shungiitista ja t\u00e4ll\u00e4 my\u00f6s perustellaan kiven vaikutusta monien vaivojen lievent\u00e4misess\u00e4 ja elimist\u00f6n raikkauden s\u00e4ilytt\u00e4misess\u00e4.<\/p>\n<p>On ilmennyt, ett\u00e4 kun shungiitti on yhteydess\u00e4 veteen, se saa hoitavan vaikutuksen. Shungiitti j\u00e4sent\u00e4\u00e4 vett\u00e4, antaen sille energiamatriisin. T\u00e4m\u00e4 edesauttaa elimist\u00f6n kaikkien biologisten rakenteiden toimintaa, vahingoittamatta terveit\u00e4 soluja. Fullereeni on osoittautunut tehokkaimmaksi ja pitk\u00e4vaikutteiseksi antioksidantiksi.<\/p>\n<p>Shungiittiveden vaikutus elimist\u00f6lle on monitahoinen. Sill\u00e4 on kipua lievent\u00e4v\u00e4 ja tulehduksia est\u00e4v\u00e4 vaikutus. Sen bakteeriset ominaisuudet ovat ainutlaatuisia \u2013 vallitsee pysyv\u00e4 antihistamiinivaikutus. Parantavan ominaisuuden ansiosta shungiittivesi edesauttaa mit\u00e4 erilaisempien tulehduksien, allergioiden, viruksien, iho-, nivel- ja aineenvaihduntasairauksien hoidossa. Auttaa my\u00f6s immuuni- ja energiatilan palautumisessa kroonisen v\u00e4symyksen oireyhtym\u00e4ss\u00e4 yhteydess\u00e4. On todistettu, ett\u00e4 fullereenit est\u00e4v\u00e4t ateroskleroosin muodostumista ja kehittymist\u00e4. Viel\u00e4 yksi mielenkiintoinen seikka \u2013 shungiittivesi auttaa krapulaan.<\/p>\n<p><strong>Shungiittivedell\u00e4 on nuorentava vaikutus. P\u00e4ivitt\u00e4inen pesu parantaa ihon kimmoisuutta, helpottaa pieni\u00e4 hiertymi\u00e4, hilseily\u00e4 ja turvotusta. Shungiitin fullereenit palauttavat ihon koostumusta ja nopeuttavat kudosten uusiutumista.\u00a0<\/strong><\/p>\n<p><strong>Shungiittivedell\u00e4 huuhteleminen vahvistaa hiusjuuria, est\u00e4\u00e4 kaljuuntumista ja hiustenl\u00e4ht\u00f6\u00e4 sek\u00e4 antaa niille loistoa ja silkkisyytt\u00e4.<\/strong><\/p>\n<p>Shungiitti on universaali absorboiva aine. Sen kyky puhdistaa vesi ep\u00e4puhtauksista on vertaamaton. Shungiitti absorboi pinnalleen 95 % saasteista, poistaa sameuden ja antaa vedelle l\u00e4hteen maun. Se poistaa vedest\u00e4 raskasmetallit, vesiputkien kolloidisen raudan, nitraatit, nitriitit, torjunta-aineet, dioksiinit, fenolit, orgaaniset klooriyhdisteet, \u00f6ljytuotteet, radionuklidit, virukset ja bakteerit. Samanaikaisesti organismi saa hy\u00f6dyllisi\u00e4 mikro- ja makroelementtej\u00e4. Shungiittivett\u00e4 k\u00e4ytet\u00e4\u00e4n tehokkaasti kurkun, suun ja nen\u00e4n huuhteluun (angiinan, parodontiitin ja nuhan hoidossa).<\/p>\n<p>Ven\u00e4j\u00e4lle tiedettiin shungiitin ihmeellisist\u00e4 vaikutuksista jo kauan aikaa sitten, paitsi silloin sit\u00e4 ei kutsuttu shungiitiksi, vaan liuskekiveksi. Boriss Godunov l\u00e4hetti pajari Ksenia Ivanova Romanovan Zaone\u017eskiin kuolemaan, mutta paikallisten talonpoikien suosituksesta Romanova rupesi juomaan ja uimaan ihmeellisess\u00e4 l\u00e4hteess\u00e4, jonka j\u00e4lkeen h\u00e4n ei ainoastaan parantunut, vaan synnytti vuonna 1596 tulevan tsaarin \u2013 Romanovien dynastian perustajan Mihhail Feodorovit\u0161in.<\/p>\n<p>Pietari Suuri, joka k\u00e4rsi munuaiskivitaudista ja ruuansulatusvaivoista, kokeili liuskekiven suurta voimaa ja antoi k\u00e4skyn jokaisen sotilaan kantaa mukanaan kive\u00e4. Ven\u00e4j\u00e4n armeija voitti Pultavan taistelun osittain t\u00e4m\u00e4n kiven ansiosta. Vuoden 1709 kes\u00e4 oli kuiva ja vesist\u00f6t kuivuivat. Ruotsin armeija, mukaan lukien kuningas Karl XII, k\u00e4rsi ruuansulatusvaivoista ja menetti nopeasti taisteluvoimat. Tsaarin k\u00e4skyst\u00e4 Ven\u00e4j\u00e4n sotilaat joivat ainoastaan liuskekivess\u00e4 seisonutta vett\u00e4. Pysyen hengiss\u00e4, Ven\u00e4j\u00e4n armeija mursi ruotsalaiset.<\/p>\n<p>Pohjois-Ven\u00e4j\u00e4, Karjala, Shungan paikkakunta. Vuosi 1887. T\u00e4\u00e4ll\u00e4 annettiin t\u00e4lle arvoitukselliselle kivelle nimeksi shungiitti.<\/p>\n<p><span style=\"color: #008000;\"><strong>\u00a0<a style=\"color: #008000;\" href=\"http:\/\/www.tervisekivi.ee\/fi\/hy\u00f6dyllist\u00e4\" target=\"_blank\" rel=\"noopener\"><b>LUE LIS\u00c4\u00c4<\/b><\/a><\/strong><\/span><\/p>\n","protected":false},"excerpt":{"rendered":"<p>Shungiiti pyramidi-laadikossa Shungiitti puhdistaa veden k\u00e4yt\u00e4nn\u00f6llisesti kaikista orgaanisista aineista, mukaan lukien \u00f6ljyst\u00e4 ja pestisiitist\u00e4, monista metalleista ja ep\u00e4metalleista, bakteereista ja&#8230;<\/p>\n","protected":false},"featured_media":10218,"comment_status":"closed","ping_status":"closed","template":"","meta":{"_acf_changed":false},"pwb-brand":[],"product_brand":[],"product_cat":[264,206],"product_tag":[],"class_list":{"0":"post-12886","1":"product","2":"type-product","3":"status-publish","4":"has-post-thumbnail","6":"product_cat-raakakivet","7":"product_cat-shungiitti","9":"first","10":"instock","11":"shipping-taxable","12":"purchasable","13":"product-type-simple"},"acf":[],"brands":[],"_links":{"self":[{"href":"https:\/\/tervisetoode.ee\/fi\/wp-json\/wp\/v2\/product\/12886","targetHints":{"allow":["GET"]}}],"collection":[{"href":"https:\/\/tervisetoode.ee\/fi\/wp-json\/wp\/v2\/product"}],"about":[{"href":"https:\/\/tervisetoode.ee\/fi\/wp-json\/wp\/v2\/types\/product"}],"replies":[{"embeddable":true,"href":"https:\/\/tervisetoode.ee\/fi\/wp-json\/wp\/v2\/comments?post=12886"}],"wp:featuredmedia":[{"embeddable":true,"href":"https:\/\/tervisetoode.ee\/fi\/wp-json\/wp\/v2\/media\/10218"}],"wp:attachment":[{"href":"https:\/\/tervisetoode.ee\/fi\/wp-json\/wp\/v2\/media?parent=12886"}],"wp:term":[{"taxonomy":"pwb-brand","embeddable":true,"href":"https:\/\/tervisetoode.ee\/fi\/wp-json\/wp\/v2\/pwb-brand?post=12886"},{"taxonomy":"product_brand","embeddable":true,"href":"https:\/\/tervisetoode.ee\/fi\/wp-json\/wp\/v2\/product_brand?post=12886"},{"taxonomy":"product_cat","embeddable":true,"href":"https:\/\/tervisetoode.ee\/fi\/wp-json\/wp\/v2\/product_cat?post=12886"},{"taxonomy":"product_tag","embeddable":true,"href":"https:\/\/tervisetoode.ee\/fi\/wp-json\/wp\/v2\/product_tag?post=12886"}],"curies":[{"name":"wp","href":"https:\/\/api.w.org\/{rel}","templated":true}]}}