{"id":12916,"date":"2016-05-05T22:36:41","date_gmt":"2016-05-05T22:36:41","guid":{"rendered":"https:\/\/tervisetoode.ee\/?post_type=product&#038;p=12916"},"modified":"2024-12-10T13:56:04","modified_gmt":"2024-12-10T13:56:04","slug":"frantsila-uudistava-kuorintavoide-40-ml","status":"publish","type":"product","link":"https:\/\/tervisetoode.ee\/fi\/toode\/frantsila-uudistava-kuorintavoide-40-ml\/","title":{"rendered":"Frantsila Uudistava KUORINTAVOIDE 40 ml"},"content":{"rendered":"<h4>Uudistava KUORINTAVOIDE<\/h4>\n<p><strong>Ihoa uudistava hell\u00e4varainen uudistava\u00a0kuorintavoide kaikille ihotyypeille<\/strong><\/p>\n<p>Merellinen piilev\u00e4 kuorii hell\u00e4varaisesti. Suomalainen juhannusruusu sek\u00e4 11 muuta erikoiskasviuutosta ja korkealaatuista kasvi\u00f6ljy\u00e4 auttavat ihoa puhdistumaan syvemm\u00e4lt\u00e4 ja uusiutumaan tehokkaammin.<\/p>\n<p>Levit\u00e4 kostutetuille kasvoille ja hiero sormenp\u00e4ill\u00e4 hell\u00e4varaisesti. Kuori hyvin varoen couperoottisia alueita, eli ihoa, jossa on laajentuneita verisuonia (nen\u00e4n sivut, poskip\u00e4\u00e4t)! Huuhtele pois haalealla vedell\u00e4. Toista k\u00e4sittely viikoittain \u2013 my\u00f6s esim. saunan yhteydess\u00e4.<\/p>\n<p>VEGAANINEN TUOTE<\/p>\n<p>490,00 \u20ac\/L<\/p>\n<p>4<\/p>\n","protected":false},"excerpt":{"rendered":"<p>40ml<\/p>\n<p>Aqua (Vesi), *Helianthus annuus (Auringonkukka) siemen\u00f6ljy, Glycerin (Kasviglyseriini), Cetearyl Alcohol (Setearyylialkoholi), Hydrated Silica (Hydratoitu piidioksidi), Cetyl Alcohol (Setyylialkoholi), *Butyrospermum parkii (Karite) voi, *Prunus amygdalus dulcis (Manteli) \u00f6ljy, *Simmondsia chinensis (Jojoba) siemen\u00f6ljy, *Argania spinosa (Argan) \u00f6ljy, *Hippophae rhamnoides (Tyrni) marja\u00f6ljy, *Oenothera biennis (Iltahelokki) siemen\u00f6ljy, *Hippophae rhamnoides (Tyrni) siemen\u00f6ljy, *Plantago lanceolata (Hein\u00e4ratamo) lehtiuutos, *Alcohol denat. (Alkoholi denat.), *Prunella vulgaris (Niittyhumala) lehtiuutos, *Trifolium pratense (Puna-apila) kukkauutos, *Equisetum arvense (Peltokorte) uutos, *Aloe barbadensis (Aloe vera) lehtiuute, *Alchemilla vulgaris (Poimulehti) lehtiuutos, *Viola tricolor (Keto-orvokki) uutos, *Rose (Ruusu) kukkauutos, Propanediol (Propaanidioli), Picea abies (Kuusi) uute, Olea europaea (Oliivi) lehtiuute, Citrus aurantium amara (Neroli) eteerinen \u00f6ljy, Rosa damascena (Ruusu) eteerinen \u00f6ljy, Mentha piperita (Piparminttu) eteerinen \u00f6ljy, Santalum album (Santelipuu) eteerinen \u00f6ljy, Boswellia neglecta (Frankinsensi) eteerinen \u00f6ljy, Cetearyl Glucoside (Setearyyliglukosidi), Sodium Dehydroacetate (Natriumdehydroasetaatti), Coco Glucoside (Kookosglukosidi), Xanthan Gum (Ksantaanikumi), Tocopherol (Tokoferoli), Sodium Benzoate (Natriumbentsoaatti), Lactic Acid (Maitohappo), Phytic Acid (Fytiinihappo), *Rosa canina (Villiruusu) kukkaterapeuttinen uutos, *Taraxacum officinale (Voikukka) kukkaterapeuttinen uutos, Menthol (Mentoli), Alcohol (Alkoholi), **Linaloli, **Limoneeni, **Geranioli, **Sitronelloli.<\/p>\n<p>*Luomua<br \/>\n**Eteerisen \u00f6ljyn luonnollinen osa<\/p>\n","protected":false},"featured_media":9059,"comment_status":"closed","ping_status":"closed","template":"","meta":{"_acf_changed":false},"pwb-brand":[365],"product_brand":[],"product_cat":[211],"product_tag":[],"class_list":{"0":"post-12916","1":"product","2":"type-product","3":"status-publish","4":"has-post-thumbnail","6":"pwb-brand-frantsila-fi","7":"product_cat-luonnonkosmetiikka","9":"first","10":"instock","11":"shipping-taxable","12":"purchasable","13":"product-type-simple"},"acf":[],"brands":[{"id":365,"name":"Frantsila","slug":"frantsila-fi"}],"_links":{"self":[{"href":"https:\/\/tervisetoode.ee\/fi\/wp-json\/wp\/v2\/product\/12916","targetHints":{"allow":["GET"]}}],"collection":[{"href":"https:\/\/tervisetoode.ee\/fi\/wp-json\/wp\/v2\/product"}],"about":[{"href":"https:\/\/tervisetoode.ee\/fi\/wp-json\/wp\/v2\/types\/product"}],"replies":[{"embeddable":true,"href":"https:\/\/tervisetoode.ee\/fi\/wp-json\/wp\/v2\/comments?post=12916"}],"wp:featuredmedia":[{"embeddable":true,"href":"https:\/\/tervisetoode.ee\/fi\/wp-json\/wp\/v2\/media\/9059"}],"wp:attachment":[{"href":"https:\/\/tervisetoode.ee\/fi\/wp-json\/wp\/v2\/media?parent=12916"}],"wp:term":[{"taxonomy":"pwb-brand","embeddable":true,"href":"https:\/\/tervisetoode.ee\/fi\/wp-json\/wp\/v2\/pwb-brand?post=12916"},{"taxonomy":"product_brand","embeddable":true,"href":"https:\/\/tervisetoode.ee\/fi\/wp-json\/wp\/v2\/product_brand?post=12916"},{"taxonomy":"product_cat","embeddable":true,"href":"https:\/\/tervisetoode.ee\/fi\/wp-json\/wp\/v2\/product_cat?post=12916"},{"taxonomy":"product_tag","embeddable":true,"href":"https:\/\/tervisetoode.ee\/fi\/wp-json\/wp\/v2\/product_tag?post=12916"}],"curies":[{"name":"wp","href":"https:\/\/api.w.org\/{rel}","templated":true}]}}