{"id":12921,"date":"2016-05-05T22:37:01","date_gmt":"2016-05-05T22:37:01","guid":{"rendered":"https:\/\/tervisetoode.ee\/?post_type=product&#038;p=12921"},"modified":"2024-12-10T13:56:04","modified_gmt":"2024-12-10T13:56:04","slug":"frantsila-yrtin-raikas-luonnon-hammastahna-75-ml-2","status":"publish","type":"product","link":"https:\/\/tervisetoode.ee\/fi\/toode\/frantsila-yrtin-raikas-luonnon-hammastahna-75-ml-2\/","title":{"rendered":"Frantsila YRTIN RAIKAS Luonnon hammastahna 75 ml"},"content":{"rendered":"<h4>Frantsila YRTIN RAIKAS Luonnon hammastahna<\/h4>\n<p><strong>Kotimaiset luonnonmukaisesti viljellyt yrtit sek\u00e4 kukkauutteet hoitavat suuta ja ikeni\u00e4<\/strong>.<br \/>\nAidot aromaterapeuttiset 100% eteeriset \u00f6ljyt antavat raikkaan, hyv\u00e4n maun ja desinfioivat suuta. 20% ksylitolia est\u00e4\u00e4 tehokkaasti reikiintymist\u00e4 ja merisuola sek\u00e4 sooda est\u00e4v\u00e4t plakin syntymist\u00e4.<\/p>\n<p>Harjaa hampaat hell\u00e4sti aamuin illoin.<\/p>\n<p>109,33\u20ac\/L<\/p>\n","protected":false},"excerpt":{"rendered":"<p>Aqua (Vesi), Calcium Carbonate (Kalsiumkarbonaatti), Xylitol (Ksylitoli), Glycerin (Kasviglyseriini), Hydrated Silica (Hydratoitu piidioksidi), *Aloe barbadensis (Aloe vera) lehtimehu, *Alcohol (Alkoholi), *Chamomilla recutita (Kamomilla) kukkauutos, *Plantago lanceolata (Hein\u00e4ratamo) lehtiuutos, *Achillea millefolium (Siank\u00e4rs\u00e4m\u00f6) kukkauutos, *Calendula officinalis (Keh\u00e4kukka) kukkauutos, Foeniculum vulgare (Fenkoli) eteerinen \u00f6ljy, Mentha piperita (Piparminttu) eteerinen \u00f6ljy, Commiphora myrrha (Mirhami) eteerinen \u00f6ljy, Xanthan Gum (Ksantaanikumi), Cyamopsis tetragonoloba (Guar) kumi, Glycolipids (Glykolipidit), Sodium Bicarbonate (Sooda), Sea Salt (Merisuola), **Limoneeni.<\/p>\n<p>*Luomua<br \/>\n**Eteerisen \u00f6ljyn luonnollinen osa<\/p>\n","protected":false},"featured_media":9202,"comment_status":"closed","ping_status":"closed","template":"","meta":{"_acf_changed":false},"pwb-brand":[365],"product_brand":[],"product_cat":[216,265],"product_tag":[],"class_list":{"0":"post-12921","1":"product","2":"type-product","3":"status-publish","4":"has-post-thumbnail","6":"pwb-brand-frantsila-fi","7":"product_cat-hygieniatuotteet","8":"product_cat-hammasharjat-ja-tahnat-fi","10":"first","11":"instock","12":"shipping-taxable","13":"purchasable","14":"product-type-simple"},"acf":[],"brands":[{"id":365,"name":"Frantsila","slug":"frantsila-fi"}],"_links":{"self":[{"href":"https:\/\/tervisetoode.ee\/fi\/wp-json\/wp\/v2\/product\/12921","targetHints":{"allow":["GET"]}}],"collection":[{"href":"https:\/\/tervisetoode.ee\/fi\/wp-json\/wp\/v2\/product"}],"about":[{"href":"https:\/\/tervisetoode.ee\/fi\/wp-json\/wp\/v2\/types\/product"}],"replies":[{"embeddable":true,"href":"https:\/\/tervisetoode.ee\/fi\/wp-json\/wp\/v2\/comments?post=12921"}],"wp:featuredmedia":[{"embeddable":true,"href":"https:\/\/tervisetoode.ee\/fi\/wp-json\/wp\/v2\/media\/9202"}],"wp:attachment":[{"href":"https:\/\/tervisetoode.ee\/fi\/wp-json\/wp\/v2\/media?parent=12921"}],"wp:term":[{"taxonomy":"pwb-brand","embeddable":true,"href":"https:\/\/tervisetoode.ee\/fi\/wp-json\/wp\/v2\/pwb-brand?post=12921"},{"taxonomy":"product_brand","embeddable":true,"href":"https:\/\/tervisetoode.ee\/fi\/wp-json\/wp\/v2\/product_brand?post=12921"},{"taxonomy":"product_cat","embeddable":true,"href":"https:\/\/tervisetoode.ee\/fi\/wp-json\/wp\/v2\/product_cat?post=12921"},{"taxonomy":"product_tag","embeddable":true,"href":"https:\/\/tervisetoode.ee\/fi\/wp-json\/wp\/v2\/product_tag?post=12921"}],"curies":[{"name":"wp","href":"https:\/\/api.w.org\/{rel}","templated":true}]}}