{"id":13087,"date":"2019-09-09T15:40:16","date_gmt":"2019-09-09T15:40:16","guid":{"rendered":"https:\/\/tervisetoode.ee\/?post_type=product&#038;p=13087"},"modified":"2025-12-02T23:54:54","modified_gmt":"2025-12-02T23:54:54","slug":"elainten-pikioljyvoide-200ml-2652","status":"publish","type":"product","link":"https:\/\/tervisetoode.ee\/fi\/toode\/elainten-pikioljyvoide-200ml-2652\/","title":{"rendered":"El\u00e4inten Piki\u00f6ljyvoide, 200ml (2652)"},"content":{"rendered":"<h4>El\u00e4inten Piki\u00f6ljyvoide, 200ml, NATURAL<\/h4>\n<p>Hoitovoide el\u00e4inten iho-ongelmiin. Pehment\u00e4\u00e4 kovettumat, hoitaa halkeamat ja haavaumat. Helpottaa ihon kutinaa ja hilseily\u00e4 sek\u00e4 v\u00e4hent\u00e4\u00e4 karvanl\u00e4ht\u00f6\u00e4. K\u00e4ytet\u00e4\u00e4n mm. koirien tassuille ja hevosten kes\u00e4ihottumaan. Rauhoittaa hy\u00f6nteisten pistojen aiheuttamaa iho\u00e4rsytyst\u00e4. Puhdas luonnontuote. Vaaraton nuoltuna ja nieltyn\u00e4. K\u00e4ytt\u00f6ohje: Sivele hoidettavalle alueelle 1-3 kertaa p\u00e4iv\u00e4ss\u00e4, tarpeen mukaan.<\/p>\n<p>Pakkauskoko: 200 ml<\/p>\n<p>139,50 \u20ac\/L<\/p>\n","protected":false},"excerpt":{"rendered":"<p><strong>200 ml<\/strong><\/p>\n<p>Ingredients: Aqua, Coconut oil, Pitch oil, Glyserin, Cetearyl alcohol, Cetearylclucoside<\/p>\n","protected":false},"featured_media":13086,"comment_status":"closed","ping_status":"closed","template":"","meta":{"_acf_changed":false},"pwb-brand":[370],"product_brand":[],"product_cat":[278],"product_tag":[],"class_list":{"0":"post-13087","1":"product","2":"type-product","3":"status-publish","4":"has-post-thumbnail","6":"pwb-brand-tervaskanto-fi","7":"product_cat-elaimille-fi","9":"first","10":"instock","11":"shipping-taxable","12":"purchasable","13":"product-type-simple"},"acf":[],"brands":[{"id":370,"name":"Tervaskanto","slug":"tervaskanto-fi"}],"_links":{"self":[{"href":"https:\/\/tervisetoode.ee\/fi\/wp-json\/wp\/v2\/product\/13087","targetHints":{"allow":["GET"]}}],"collection":[{"href":"https:\/\/tervisetoode.ee\/fi\/wp-json\/wp\/v2\/product"}],"about":[{"href":"https:\/\/tervisetoode.ee\/fi\/wp-json\/wp\/v2\/types\/product"}],"replies":[{"embeddable":true,"href":"https:\/\/tervisetoode.ee\/fi\/wp-json\/wp\/v2\/comments?post=13087"}],"wp:featuredmedia":[{"embeddable":true,"href":"https:\/\/tervisetoode.ee\/fi\/wp-json\/wp\/v2\/media\/13086"}],"wp:attachment":[{"href":"https:\/\/tervisetoode.ee\/fi\/wp-json\/wp\/v2\/media?parent=13087"}],"wp:term":[{"taxonomy":"pwb-brand","embeddable":true,"href":"https:\/\/tervisetoode.ee\/fi\/wp-json\/wp\/v2\/pwb-brand?post=13087"},{"taxonomy":"product_brand","embeddable":true,"href":"https:\/\/tervisetoode.ee\/fi\/wp-json\/wp\/v2\/product_brand?post=13087"},{"taxonomy":"product_cat","embeddable":true,"href":"https:\/\/tervisetoode.ee\/fi\/wp-json\/wp\/v2\/product_cat?post=13087"},{"taxonomy":"product_tag","embeddable":true,"href":"https:\/\/tervisetoode.ee\/fi\/wp-json\/wp\/v2\/product_tag?post=13087"}],"curies":[{"name":"wp","href":"https:\/\/api.w.org\/{rel}","templated":true}]}}