{"id":13583,"date":"2020-07-25T23:44:35","date_gmt":"2020-07-25T23:44:35","guid":{"rendered":"https:\/\/tervisetoode.ee\/?post_type=product&#038;p=13583"},"modified":"2024-12-10T13:56:49","modified_gmt":"2024-12-10T13:56:49","slug":"lempea-ihon-ja-mielialan-rauhoittaja-rauhoittaa-mielialaa-ja-tukee-unen-tuloa-hoitaa-artynytta-ja-palanutta-ihoa","status":"publish","type":"product","link":"https:\/\/tervisetoode.ee\/fi\/toode\/lempea-ihon-ja-mielialan-rauhoittaja-rauhoittaa-mielialaa-ja-tukee-unen-tuloa-hoitaa-artynytta-ja-palanutta-ihoa\/","title":{"rendered":"Laventelisalva 19g"},"content":{"rendered":"<h2>Laventelisalva<\/h2>\n<p><strong>Lempe\u00e4 ihon ja mielialan rauhoittaja.<\/strong><\/p>\n<p>\u2013 Rauhoittaa mielialaa ja tukee unen tuloa<br \/>\n\u2013 Hoitaa \u00e4rtynytt\u00e4 ja palanutta ihoa<\/p>\n<p>Salvan sis\u00e4lt\u00e4m\u00e4n laventelin eteerisen \u00f6ljyn vaikuttavina aineina on mm. linaloli ja linalyyliasetaatti, joilla on molemmilla rauhoittava vaikutus. Linalolin vaikutus on my\u00f6s liev\u00e4sti unettava, ja ihon tulehduksia v\u00e4hent\u00e4v\u00e4. N\u00e4in ollen laventelisalva auttaa rentoutumaan, tukee unentuloa ja hoitaa \u00e4rtynytt\u00e4 ihoa.<\/p>\n<p>Luonnollisesti k\u00e4sintehty H\u00e4meenkyr\u00f6ss\u00e4.<br \/>\n100% luomuraaka-aineet.<\/p>\n<p>Pakkauskoko: 19 g<\/p>\n<p>K\u00e4ytt\u00f6ohje: Laventelisalva toimii tehokkaana ihon rauhoittajana, kun iho on \u00e4rtynyt, tulehtunut tai palanut. Sivele salvaa hoidettavalle iho-alueelle 2-3 kertaa p\u00e4iv\u00e4ss\u00e4, tai tarpeen mukaan.<\/p>\n<p>Rauhoittamaan mielt\u00e4, sivele salvaa ohimoille, rinta-alalle, ranteiden sis\u00e4pinnoille ja nukkumaan menness\u00e4si my\u00f6s jalkapohjiin.<\/p>\n<p>794,74 \u20ac\/kg<\/p>\n<p>&nbsp;<\/p>\n","protected":false},"excerpt":{"rendered":"<h3>Ainesosat<\/h3>\n<p>*Simmondsia chinensis (Jojoba) seed oil, Beeswax, *Butyrospermum parkii (Shea) butter, *Rosa canina (Wild rose) fruit oil, *Helianthus annuus (Sunflower) seed oil, *Lavandula angustifolia (Lavender) flower extract, *Lavandula angustifolia (Lavender) oil, *Viola tricolor (Wild pansy) extract. 1Linalool.<\/p>\n<p>*Luomua<br \/>\n1Eteerisen \u00f6ljyn luonnollinen osa.<\/p>\n<p>100% luomuraaka-aineet<\/p>\n<p>Raaka-aineet ja valmistus t\u00e4ytt\u00e4v\u00e4t eurooppalaiset luonnonkosmetiikkastandardit. Ei el\u00e4inkokeita, el\u00e4inper\u00e4isi\u00e4 tai geenimuunneltuja aineita, mineraali\u00f6ljyj\u00e4, silikaatteja, keinotekoisia v\u00e4ri- tai tuoksuaineita eik\u00e4 mit\u00e4\u00e4n s\u00e4il\u00f6nt\u00e4aineita.<\/p>\n","protected":false},"featured_media":13582,"comment_status":"closed","ping_status":"closed","template":"","meta":{"_acf_changed":false},"pwb-brand":[365],"product_brand":[],"product_cat":[211,213],"product_tag":[],"class_list":{"0":"post-13583","1":"product","2":"type-product","3":"status-publish","4":"has-post-thumbnail","6":"pwb-brand-frantsila-fi","7":"product_cat-luonnonkosmetiikka","8":"product_cat-voiteet-ja-ensiaputuotteet","10":"first","11":"instock","12":"shipping-taxable","13":"purchasable","14":"product-type-simple"},"acf":[],"brands":[{"id":365,"name":"Frantsila","slug":"frantsila-fi"}],"_links":{"self":[{"href":"https:\/\/tervisetoode.ee\/fi\/wp-json\/wp\/v2\/product\/13583","targetHints":{"allow":["GET"]}}],"collection":[{"href":"https:\/\/tervisetoode.ee\/fi\/wp-json\/wp\/v2\/product"}],"about":[{"href":"https:\/\/tervisetoode.ee\/fi\/wp-json\/wp\/v2\/types\/product"}],"replies":[{"embeddable":true,"href":"https:\/\/tervisetoode.ee\/fi\/wp-json\/wp\/v2\/comments?post=13583"}],"wp:featuredmedia":[{"embeddable":true,"href":"https:\/\/tervisetoode.ee\/fi\/wp-json\/wp\/v2\/media\/13582"}],"wp:attachment":[{"href":"https:\/\/tervisetoode.ee\/fi\/wp-json\/wp\/v2\/media?parent=13583"}],"wp:term":[{"taxonomy":"pwb-brand","embeddable":true,"href":"https:\/\/tervisetoode.ee\/fi\/wp-json\/wp\/v2\/pwb-brand?post=13583"},{"taxonomy":"product_brand","embeddable":true,"href":"https:\/\/tervisetoode.ee\/fi\/wp-json\/wp\/v2\/product_brand?post=13583"},{"taxonomy":"product_cat","embeddable":true,"href":"https:\/\/tervisetoode.ee\/fi\/wp-json\/wp\/v2\/product_cat?post=13583"},{"taxonomy":"product_tag","embeddable":true,"href":"https:\/\/tervisetoode.ee\/fi\/wp-json\/wp\/v2\/product_tag?post=13583"}],"curies":[{"name":"wp","href":"https:\/\/api.w.org\/{rel}","templated":true}]}}