{"id":13633,"date":"2020-10-02T23:31:00","date_gmt":"2020-10-02T23:31:00","guid":{"rendered":"https:\/\/tervisetoode.ee\/?post_type=product&#038;p=13633"},"modified":"2024-12-10T13:56:52","modified_gmt":"2024-12-10T13:56:52","slug":"frantsila-kehakukka-porkkana-oljy-30ml-2578","status":"publish","type":"product","link":"https:\/\/tervisetoode.ee\/fi\/toode\/frantsila-kehakukka-porkkana-oljy-30ml-2578\/","title":{"rendered":"Frantsila Keh\u00e4kukka \u2013 Porkkana \u00d6ljy 30ml (2578)"},"content":{"rendered":"<h4>Frantsila Keh\u00e4kukka \u2013 Porkkana \u00d6ljy 30ml<\/h4>\n<p><strong>Ihoa uudistava \u00f6ljy edist\u00e4\u00e4 ihon p\u00e4ivettymist\u00e4 ja rauhoittaa ihoa auringossa olon j\u00e4lkeen. Monik\u00e4ytt\u00f6inen \u00f6ljy tekee ihosta elinvoimaisen ja kauniin.<\/strong><\/p>\n<p>Ihoa rauhoittava, antioksidanttipitoinen ja antimikrobinen keh\u00e4kukka on yksi arvostetuimmista kasveista ihonhoidossa. Luomukeh\u00e4kukan ja -porkkanan uutokset sis\u00e4lt\u00e4v\u00e4t runsaasti alfa- ja beeta-karotenoideja, jotka uudistavat ja rauhoittavat \u00e4rtynytt\u00e4 ihoa. Karotenoidit edesauttavat ihon melaniinin tuotantoa ja n\u00e4in iho p\u00e4ivettyy kauniisti. Kasvit on uutettu korkealaatuiseen kylm\u00e4puristettujen \u00f6ljyjen seokseen, joka sis\u00e4lt\u00e4\u00e4 manteli-, argaani- ja jojoba\u00f6ljy\u00e4, sek\u00e4 auringonkukan siemen\u00f6ljy\u00e4. \u00d6ljy sopii kaikille ihotyypeille niin kasvoille kuin vartalolle. Sit\u00e4 voi turvallisesti k\u00e4ytt\u00e4\u00e4 my\u00f6s hoitamaan limakalvoja.<\/p>\n<p>903,33 \u20ac\/L<\/p>\n","protected":false},"excerpt":{"rendered":"<p><strong>Ainesosat:<\/strong><br \/>\n*Helianthus annuus (Auringonkukka) siemen\u00f6ljy, *Prunus amygdalus dulcis (Manteli) \u00f6ljy, *Daucus carota sativa (Porkkana) juuriuutos, *Argania spinosa (Argan) \u00f6ljy, *Simmondsia chinensis (Jojoba) siemen\u00f6ljy, *Calendula officinalis (Keh\u00e4kukka) kukkauutos, Citrus aurantium amara (Neroli) eteerinen \u00f6ljy, Foeniculum vulgare (Fenkoli) eteerinen \u00f6ljy, *Taraxacum officinale (Voikukka) kukkaterapeuttinen uutos, **Linaloli, **Geranioli, **Farnesoli.<\/p>\n<p>*Luomua<br \/>\n**Eteerisen \u00f6ljyn luonnollinen osa<\/p>\n<p>Raaka-aineet ja valmistus t\u00e4ytt\u00e4v\u00e4t eurooppalaiset luonnonkosmetiikkastandardit. Ei el\u00e4inkokeita, el\u00e4inper\u00e4isi\u00e4 tai geenimuunneltuja aineita, mineraali\u00f6ljyj\u00e4, silikaatteja, keinotekoisia v\u00e4ri- tai tuoksuaineita eik\u00e4 mit\u00e4\u00e4n s\u00e4il\u00f6nt\u00e4aineita.<\/p>\n","protected":false},"featured_media":13629,"comment_status":"closed","ping_status":"closed","template":"","meta":{"_acf_changed":false},"pwb-brand":[365],"product_brand":[],"product_cat":[211],"product_tag":[],"class_list":{"0":"post-13633","1":"product","2":"type-product","3":"status-publish","4":"has-post-thumbnail","6":"pwb-brand-frantsila-fi","7":"product_cat-luonnonkosmetiikka","9":"first","10":"instock","11":"shipping-taxable","12":"purchasable","13":"product-type-simple"},"acf":[],"brands":[{"id":365,"name":"Frantsila","slug":"frantsila-fi"}],"_links":{"self":[{"href":"https:\/\/tervisetoode.ee\/fi\/wp-json\/wp\/v2\/product\/13633","targetHints":{"allow":["GET"]}}],"collection":[{"href":"https:\/\/tervisetoode.ee\/fi\/wp-json\/wp\/v2\/product"}],"about":[{"href":"https:\/\/tervisetoode.ee\/fi\/wp-json\/wp\/v2\/types\/product"}],"replies":[{"embeddable":true,"href":"https:\/\/tervisetoode.ee\/fi\/wp-json\/wp\/v2\/comments?post=13633"}],"wp:featuredmedia":[{"embeddable":true,"href":"https:\/\/tervisetoode.ee\/fi\/wp-json\/wp\/v2\/media\/13629"}],"wp:attachment":[{"href":"https:\/\/tervisetoode.ee\/fi\/wp-json\/wp\/v2\/media?parent=13633"}],"wp:term":[{"taxonomy":"pwb-brand","embeddable":true,"href":"https:\/\/tervisetoode.ee\/fi\/wp-json\/wp\/v2\/pwb-brand?post=13633"},{"taxonomy":"product_brand","embeddable":true,"href":"https:\/\/tervisetoode.ee\/fi\/wp-json\/wp\/v2\/product_brand?post=13633"},{"taxonomy":"product_cat","embeddable":true,"href":"https:\/\/tervisetoode.ee\/fi\/wp-json\/wp\/v2\/product_cat?post=13633"},{"taxonomy":"product_tag","embeddable":true,"href":"https:\/\/tervisetoode.ee\/fi\/wp-json\/wp\/v2\/product_tag?post=13633"}],"curies":[{"name":"wp","href":"https:\/\/api.w.org\/{rel}","templated":true}]}}