{"id":13641,"date":"2020-10-03T14:10:51","date_gmt":"2020-10-03T14:10:51","guid":{"rendered":"https:\/\/tervisetoode.ee\/?post_type=product&#038;p=13641"},"modified":"2024-12-10T13:56:52","modified_gmt":"2024-12-10T13:56:52","slug":"frantsila-nokkonen-turve-hiuspohjanhoitooljy","status":"publish","type":"product","link":"https:\/\/tervisetoode.ee\/fi\/toode\/frantsila-nokkonen-turve-hiuspohjanhoitooljy\/","title":{"rendered":"Frantsila Nokkonen-turve hiuspohjanhoito\u00f6ljy, 30ml (1848)"},"content":{"rendered":"<h4>Hiuspohjanhoito\u00f6ljy hoitaa ja elvytt\u00e4\u00e4 kuivaa, kutiavaa ja hilseilev\u00e4\u00e4 hiuspohjaa.<\/h4>\n<p>Hoito\u00f6ljyn vaikutus perustuu rauhoittaviin ja antimikrobisiin yrtti- ja turveuutoksiin sek\u00e4 eteerisiin \u00f6ljyihin. Hoito\u00f6ljy vahvistaa lis\u00e4ksi hiusten terveytt\u00e4 nokkosen ja rosmariinin p\u00e4\u00e4nahan verenkiertoa aktivoivan vaikutuksen ansiosta. Hiukset saavat n\u00e4in kiiltoa ja uutta voimaa. Hiuspohjan hoito\u00f6ljy sopii kaikille yll\u00e4pit\u00e4m\u00e4\u00e4n hiuspohjan ja hiusten hyv\u00e4\u00e4 kuntoa. Erityisesti se on tarpeen k\u00e4sitellyille hiuksille ja ongelmalliselle hiuspohjalle.<\/p>\n<p><strong>K\u00e4ytt\u00f6ohje:<\/strong> Hiero 4 pipetillist\u00e4 hoito\u00f6ljy\u00e4 tasaisesti eri puolille hiuspohjaa ja anna vaikuttaa v\u00e4hint\u00e4\u00e4n 30 min. Hoitovaikutus paranee, kun \u00f6ljyn annetaan vaikuttaa pidemm\u00e4n aikaa esimerkiksi y\u00f6n yli. L\u00e4mp\u00f6 my\u00f6s tehostaa vaikutusta ja siksi se sopii erinomaisesti my\u00f6s saunan yhteyteen. Kampaa hiukset hiuspohjaa my\u00f6ten ennen pesua. K\u00e4yt\u00e4 aluksi kaksi kertaa viikossa ja harvenna k\u00e4ytt\u00f6\u00e4 hiuspohjan kunnon parantuessa.K\u00e4yt\u00e4 tuotetta kaksi kertaa viikossa. Ohjeen mukaisella annostuksella pullo riitt\u00e4\u00e4 kuukauden hoitokuuriin.<\/p>\n<p>903,34 \u20ac\/L<\/p>\n<p>&nbsp;<\/p>\n","protected":false},"excerpt":{"rendered":"<p><strong>Ainesosat:<\/strong><\/p>\n<p>*Helianthus annuus (Auringonkukka) siemen\u00f6ljy, *Simmondsia chinensis (Jojoba) siemen\u00f6ljy, Rosmarinus officinalis (Rosmariini) eteerinen \u00f6ljy, *Olea europaea (Oliivi) \u00f6ljy, *Urtica dioica (Nokkonen) lehtiuutos, Peat (Turve) uute, *Argania spinosa (Argan) \u00f6ljy, *Calendula officinalis (Keh\u00e4kukka) kukkauutos, *Hypericum perforatum (M\u00e4kikuisma) kukkauutos, *Arctium lappa (Isotakiainen) juuriuutos, Lavandula angustifolia (Laventeli) eteerinen \u00f6ljy, Thymus vulgaris (Timjami) eteerinen \u00f6ljy, Cananga odorata (Ylang ylang) eteerinen \u00f6ljy, Salvia officinalis (Salvia) eteerinen \u00f6ljy, Melaleuca alternifolia (Teepuu) eteerinen \u00f6ljy, *Picea abies (Kuusi) kukkaterapeuttinen uutos, *Vaccinium myrtillus (Mustikka) kukkaterapeuttinen uutos, **Limoneeni, **Linaloli.<\/p>\n<p>*Luomua<br \/>\n**Eteerisen \u00f6ljyn luonnollinen osa<\/p>\n<p>El\u00e4in- ja luontoyst\u00e4v\u00e4llinen. Ei sis\u00e4ll\u00e4 sodium laureth sulfaattia, keinotekoisia v\u00e4riaineita \/ tuoksuja, silikaatteja tai parabeeneja.<\/p>\n","protected":false},"featured_media":13638,"comment_status":"closed","ping_status":"closed","template":"","meta":{"_acf_changed":false},"pwb-brand":[365],"product_brand":[],"product_cat":[211],"product_tag":[],"class_list":{"0":"post-13641","1":"product","2":"type-product","3":"status-publish","4":"has-post-thumbnail","6":"pwb-brand-frantsila-fi","7":"product_cat-luonnonkosmetiikka","9":"first","10":"instock","11":"shipping-taxable","12":"purchasable","13":"product-type-simple"},"acf":[],"brands":[{"id":365,"name":"Frantsila","slug":"frantsila-fi"}],"_links":{"self":[{"href":"https:\/\/tervisetoode.ee\/fi\/wp-json\/wp\/v2\/product\/13641","targetHints":{"allow":["GET"]}}],"collection":[{"href":"https:\/\/tervisetoode.ee\/fi\/wp-json\/wp\/v2\/product"}],"about":[{"href":"https:\/\/tervisetoode.ee\/fi\/wp-json\/wp\/v2\/types\/product"}],"replies":[{"embeddable":true,"href":"https:\/\/tervisetoode.ee\/fi\/wp-json\/wp\/v2\/comments?post=13641"}],"wp:featuredmedia":[{"embeddable":true,"href":"https:\/\/tervisetoode.ee\/fi\/wp-json\/wp\/v2\/media\/13638"}],"wp:attachment":[{"href":"https:\/\/tervisetoode.ee\/fi\/wp-json\/wp\/v2\/media?parent=13641"}],"wp:term":[{"taxonomy":"pwb-brand","embeddable":true,"href":"https:\/\/tervisetoode.ee\/fi\/wp-json\/wp\/v2\/pwb-brand?post=13641"},{"taxonomy":"product_brand","embeddable":true,"href":"https:\/\/tervisetoode.ee\/fi\/wp-json\/wp\/v2\/product_brand?post=13641"},{"taxonomy":"product_cat","embeddable":true,"href":"https:\/\/tervisetoode.ee\/fi\/wp-json\/wp\/v2\/product_cat?post=13641"},{"taxonomy":"product_tag","embeddable":true,"href":"https:\/\/tervisetoode.ee\/fi\/wp-json\/wp\/v2\/product_tag?post=13641"}],"curies":[{"name":"wp","href":"https:\/\/api.w.org\/{rel}","templated":true}]}}