{"id":16978,"date":"2016-05-05T22:36:57","date_gmt":"2016-05-05T22:36:57","guid":{"rendered":"https:\/\/tervisetoode.ee\/toode\/frantsila-juuksepalsam\/"},"modified":"2025-09-23T06:24:17","modified_gmt":"2025-09-23T06:24:17","slug":"frantsila-yrtti-hiusten-hoitoaine-200-ml","status":"publish","type":"product","link":"https:\/\/tervisetoode.ee\/fi\/toode\/frantsila-yrtti-hiusten-hoitoaine-200-ml\/","title":{"rendered":"Frantsila YRTTI HIUSTEN HOITOAINE 200 ml"},"content":{"rendered":"<h4>Frantsila YRTTI HIUSTEN HOITOAINE<\/h4>\n<p>Frantsilassa viljellyn luomunokkosen, rosmariinin eteerisen \u00f6ljyn sek\u00e4 jojoba\u00f6ljyn hiuksia ja hiuspohjaa vahvistavat ja hoitavat ravinteet palauttavat hiusten luonnollisen kiillon ja tekev\u00e4t niist\u00e4 hyv\u00e4kuntoiset sek\u00e4 helposti kammattavat. Sopii kaikille hiustyypeille.<\/p>\n<p>Pullo ilman korkkia on 100% kierr\u00e4tysmuovista.<\/p>\n<p>Hiero kosteisiin hiuksiin ja p\u00e4\u00e4nahkaan, anna vaikuttaa 2-4 minuuttia, huuhtele hyvin.<\/p>\n<div>\n<div class=\"wpb_text_column wpb_content_element \">\n<div class=\"wpb_wrapper\">\n<p>41.00 \u20ac\/l<\/p>\n<\/div>\n<\/div>\n<\/div>\n","protected":false},"excerpt":{"rendered":"<p>Aqua (Vesi), Cetearyl Alcohol (Setearyylialkoholi), *Simmondsia chinensis (Jojoba) siemen\u00f6ljy, *Alcohol denat. (Alkoholi denat.), *Urtica dioica (Nokkonen) uutos, *Calendula officinalis (Keh\u00e4kukka) kukkauutos, *Plantago lanceolata (Hein\u00e4ratamo) lehtiuutos, Rosmarinus officinalis (Rosmariini) eteerinen \u00f6ljy, Glyceryl Linoleate (Glyseryylilinoleaatti), Cetrimonium Chloride (Setrimoniumkloridi), Sodium Dehydroacetate (Natriumdehydroasetaatti), Lactic Acid (Maitohappo), Sodium Benzoate (Natriumbentsoaatti), Glyceryl Linolenate (Glyseryylilinolenaatti), Tocopherol (Tokoferoli), Menthol (Mentoli).<\/p>\n<p>*Luomua<\/p>\n","protected":false},"featured_media":9143,"comment_status":"closed","ping_status":"closed","template":"","meta":{"_acf_changed":false},"pwb-brand":[365],"product_brand":[],"product_cat":[216],"product_tag":[],"class_list":{"0":"post-16978","1":"product","2":"type-product","3":"status-publish","4":"has-post-thumbnail","6":"pwb-brand-frantsila-fi","7":"product_cat-hygieniatuotteet","9":"first","10":"instock","11":"shipping-taxable","12":"purchasable","13":"product-type-simple"},"acf":[],"brands":[{"id":365,"name":"Frantsila","slug":"frantsila-fi"}],"_links":{"self":[{"href":"https:\/\/tervisetoode.ee\/fi\/wp-json\/wp\/v2\/product\/16978","targetHints":{"allow":["GET"]}}],"collection":[{"href":"https:\/\/tervisetoode.ee\/fi\/wp-json\/wp\/v2\/product"}],"about":[{"href":"https:\/\/tervisetoode.ee\/fi\/wp-json\/wp\/v2\/types\/product"}],"replies":[{"embeddable":true,"href":"https:\/\/tervisetoode.ee\/fi\/wp-json\/wp\/v2\/comments?post=16978"}],"wp:featuredmedia":[{"embeddable":true,"href":"https:\/\/tervisetoode.ee\/fi\/wp-json\/wp\/v2\/media\/9143"}],"wp:attachment":[{"href":"https:\/\/tervisetoode.ee\/fi\/wp-json\/wp\/v2\/media?parent=16978"}],"wp:term":[{"taxonomy":"pwb-brand","embeddable":true,"href":"https:\/\/tervisetoode.ee\/fi\/wp-json\/wp\/v2\/pwb-brand?post=16978"},{"taxonomy":"product_brand","embeddable":true,"href":"https:\/\/tervisetoode.ee\/fi\/wp-json\/wp\/v2\/product_brand?post=16978"},{"taxonomy":"product_cat","embeddable":true,"href":"https:\/\/tervisetoode.ee\/fi\/wp-json\/wp\/v2\/product_cat?post=16978"},{"taxonomy":"product_tag","embeddable":true,"href":"https:\/\/tervisetoode.ee\/fi\/wp-json\/wp\/v2\/product_tag?post=16978"}],"curies":[{"name":"wp","href":"https:\/\/api.w.org\/{rel}","templated":true}]}}