{"id":17000,"date":"2025-09-25T07:44:42","date_gmt":"2025-09-25T07:44:42","guid":{"rendered":"https:\/\/tervisetoode.ee\/?post_type=product&#038;p=17000"},"modified":"2025-12-02T11:16:12","modified_gmt":"2025-12-02T11:16:12","slug":"frantsila-hellavarainen-puhdistusemulsio-100ml-kopeeri","status":"publish","type":"product","link":"https:\/\/tervisetoode.ee\/fi\/toode\/frantsila-hellavarainen-puhdistusemulsio-100ml-kopeeri\/","title":{"rendered":"Frantsila Hell\u00e4varainen PUHDISTUSEMULSIO 100ml"},"content":{"rendered":"<h4>Hell\u00e4varainen PUHDISTUSEMULSIO<\/h4>\n<p><strong>Puhdistaa ep\u00e4puhtaudet ja meikin tehokkaasti j\u00e4tt\u00e4en ihon raikkaaksi ja kuulaaksi.<br \/>\n<\/strong>Ruusuisen raikas, hell\u00e4varainen puhdistusemulsio hoitaa ja puhdistaa ihohuokosiin kertyneet ep\u00e4puhtaudet ja meikin tehokkaasti. Se sopii kaikille ihotyypeille, eik\u00e4 kuivata ihoa.<br \/>\nPuhdistusemulsion sis\u00e4lt\u00e4m\u00e4t luonnolliset raaka-aineet ravitsevat ja rauhoittavat ihoa sek\u00e4 auttavat s\u00e4ilytt\u00e4m\u00e4\u00e4n ihon luonnollisen kosteuden.<\/p>\n<p>Hiero puhdistusemulsiota kosteille kasvoille ja kaulalle. Huuhtele haalealla vedell\u00e4. Taputtele iho kuivaksi ja viimeistele Midsummer Rose \u2013 kasvovedell\u00e4<\/p>\n<p>235,00 \u20ac\/L<\/p>\n<p>&nbsp;<\/p>\n","protected":false},"excerpt":{"rendered":"<div class=\"content\">\n<div class=\"container\">\n<div class=\"row\">\n<div class=\"col-sm-8\">\n<div class=\"product-tabs\">\n<div class=\"tab-content\">\n<div id=\"ingredients\" class=\"tab-pane active\">\n<p>Aqua (Vesi), *Helianthus annuus (Auringonkukka) siemen\u00f6ljy, Cetearyl Alcohol (Setearyylialkoholi), Betaine (Betaiini), *Plantago lanceolata (Hein\u00e4ratamo) lehtiuutos, *Trifolium pratense (Puna-apila) kukkauutos, *Prunella vulgaris (Niittyhumala) uutos, *Rose (Ruusu) kukkauutos, *Alcohol denat. (Alkoholi denat.), *Equisetum arvense (Peltokorte) uutos, *Alchemilla vulgaris (Poimulehti) lehtiuutos, *Viola tricolor (Keto-orvokki) uutos, Rosmarinus officinalis (Rosmariini) lehtiuute, Propanediol (Propaanidioli), Picea abies (Kuusi) oksatyviuute, Olea europaea (Oliivi) lehtiuute, Rosa damascena (Ruusu) eteerinen \u00f6ljy, Citrus paradisi (Greippi) eteerinen \u00f6ljy, Citrus aurantium amara (Neroli) eteerinen \u00f6ljy, Lavandula angustifolia (Laventeli) eteerinen \u00f6ljy, *Anthemis nobilis (Roomalainen kamomilla) eteerinen \u00f6ljy, Coco Glucoside (Kookosglukosidi), Cetearyl Glucoside (Setearyyliglukosidi), Decyl Glucoside (Dekyyliglukosidi), Xanthan Gum (Ksantaanikumi), Sodium Dehydroacetate (Natriumdehydroasetaatti), Sodium Benzoate (Natriumbentsoaatti), Tocopherol (Tokoferoli, Luonnon E-vit.), Lactic Acid (Maitohappo), *Achillea millefolium (Siank\u00e4rs\u00e4m\u00f6) kukkaterapeuttinen uutos, *Rosa canina (Villiruusu) kukkaterapeuttinen uutos, Menthol (Mentoli), **Limoneeni.<\/p>\n<p>*Luomua<\/p>\n<\/div>\n<\/div>\n<\/div>\n<\/div>\n<\/div>\n<\/div>\n<\/div>\n","protected":false},"featured_media":9075,"comment_status":"closed","ping_status":"closed","template":"","meta":{"_acf_changed":false},"pwb-brand":[365],"product_brand":[],"product_cat":[211],"product_tag":[],"class_list":{"0":"post-17000","1":"product","2":"type-product","3":"status-publish","4":"has-post-thumbnail","6":"pwb-brand-frantsila-fi","7":"product_cat-luonnonkosmetiikka","9":"first","10":"instock","11":"shipping-taxable","12":"purchasable","13":"product-type-simple"},"acf":[],"brands":[{"id":365,"name":"Frantsila","slug":"frantsila-fi"}],"_links":{"self":[{"href":"https:\/\/tervisetoode.ee\/fi\/wp-json\/wp\/v2\/product\/17000","targetHints":{"allow":["GET"]}}],"collection":[{"href":"https:\/\/tervisetoode.ee\/fi\/wp-json\/wp\/v2\/product"}],"about":[{"href":"https:\/\/tervisetoode.ee\/fi\/wp-json\/wp\/v2\/types\/product"}],"replies":[{"embeddable":true,"href":"https:\/\/tervisetoode.ee\/fi\/wp-json\/wp\/v2\/comments?post=17000"}],"wp:featuredmedia":[{"embeddable":true,"href":"https:\/\/tervisetoode.ee\/fi\/wp-json\/wp\/v2\/media\/9075"}],"wp:attachment":[{"href":"https:\/\/tervisetoode.ee\/fi\/wp-json\/wp\/v2\/media?parent=17000"}],"wp:term":[{"taxonomy":"pwb-brand","embeddable":true,"href":"https:\/\/tervisetoode.ee\/fi\/wp-json\/wp\/v2\/pwb-brand?post=17000"},{"taxonomy":"product_brand","embeddable":true,"href":"https:\/\/tervisetoode.ee\/fi\/wp-json\/wp\/v2\/product_brand?post=17000"},{"taxonomy":"product_cat","embeddable":true,"href":"https:\/\/tervisetoode.ee\/fi\/wp-json\/wp\/v2\/product_cat?post=17000"},{"taxonomy":"product_tag","embeddable":true,"href":"https:\/\/tervisetoode.ee\/fi\/wp-json\/wp\/v2\/product_tag?post=17000"}],"curies":[{"name":"wp","href":"https:\/\/api.w.org\/{rel}","templated":true}]}}